{"id":768823,"date":"2025-08-28T13:33:19","date_gmt":"2025-08-28T10:33:19","guid":{"rendered":"https:\/\/roveyayinevi.com.tr\/index.php\/urun\/nyxia-2-dizginsiz\/"},"modified":"2026-04-15T03:34:52","modified_gmt":"2026-04-15T00:34:52","slug":"nyxia-2-dizginsiz","status":"publish","type":"product","link":"https:\/\/roveyayinevi.com.tr\/index.php\/urun\/nyxia-2-dizginsiz\/","title":{"rendered":"Nyxia 2: Dizginsiz"},"content":{"rendered":"<p>Bizi bu hale getirmemeliydiler. \u015eimdi onlar\u0131 hedefe koydu\u011fumuz i\u00e7in buna pi\u015fman olacaklar.Emmett Atwater, Babel\u2019\u0131n onlara basit bir oyun haz\u0131rlad\u0131\u011f\u0131n\u0131 d\u00fc\u015f\u00fcnm\u00fc\u015ft\u00fc: Puanlar\u0131 topla. Paran\u0131 al. Ama \u00e7ok ge\u00e7meden her ad\u0131m\u0131 bir \u00f6ncekinden daha tehlikeli, tutulmayacak s\u00f6zlerle dolu bir yar\u0131\u015fman\u0131n i\u00e7inde oldu\u011funu anlam\u0131\u015ft\u0131. \u015eimdi Babel, sa\u011f kalanlarla kurulan yeni ekipten Eden\u2019daki en k\u0131ymetli cevher nyxia\u2019y\u0131 toplamas\u0131n\u0131 ve bunu yaparken Eden halk\u0131yla uzun \u00e7abalar sonucu kurulmu\u015f hassas ba\u011f\u0131 korumas\u0131n\u0131 bekliyordu. Ancak ekip, ba\u015flar\u0131na gelen her \u2018talihsizlikle\u2019 birlikte bu oyunda \u00e7oktan g\u00f6zden \u00e7\u0131kar\u0131ld\u0131klar\u0131 hissine kap\u0131l\u0131yordu. Emmett ve di\u011ferlerinin, dizginleri ele al\u0131p Babel\u2019\u0131n ak\u0131l oyunlar\u0131na kafa tutmaktan ba\u015fka \u00e7aresi yoktu. \u00c7\u00fcnk\u00fc u\u011fruna sevdikleri her \u015feyi geride b\u0131rakt\u0131klar\u0131 nyxia\u2019n\u0131n, Babil ve Eden halk\u0131n\u0131n \u00e7\u0131kar \u00e7at\u0131\u015fmalar\u0131nda onlara do\u011frultulmu\u015f bir silaha d\u00f6n\u00fc\u015fmesi an meselesiydi.<\/p>\n","protected":false},"excerpt":{"rendered":"<p>Bizi bu hale getirmemeliydiler. \u015eimdi onlar\u0131 hedefe koydu\u011fumuz i\u00e7in buna pi\u015fman olacaklar.Emmett Atwater, Babel\u2019\u0131n onlara basit bir oyun haz\u0131rlad\u0131\u011f\u0131n\u0131 d\u00fc\u015f\u00fcnm\u00fc\u015ft\u00fc: Puanlar\u0131 topla. Paran\u0131 al. Ama \u00e7ok<span class=\"excerpt-hellip\"> [\u2026]<\/span><\/p>\n","protected":false},"featured_media":0,"template":"","meta":{"_monsterinsights_skip_tracking":false,"_monsterinsights_sitenote_active":false,"_monsterinsights_sitenote_note":"","_monsterinsights_sitenote_category":0},"product_brand":[],"product_cat":[12540,12291],"product_tag":[],"class_list":{"0":"post-768823","1":"product","2":"type-product","3":"status-publish","5":"product_cat-bilim-kurgu","6":"product_cat-edebiyat","7":"pa_cilt-ciltsiz","8":"pa_tur-kitap","9":"pa_yayinevi-go-kitap","10":"pa_yazar-scott-reintgen","12":"first","13":"instock","14":"sale","15":"shipping-taxable","16":"purchasable","17":"product-type-simple"},"_links":{"self":[{"href":"https:\/\/roveyayinevi.com.tr\/index.php\/wp-json\/wp\/v2\/product\/768823","targetHints":{"allow":["GET"]}}],"collection":[{"href":"https:\/\/roveyayinevi.com.tr\/index.php\/wp-json\/wp\/v2\/product"}],"about":[{"href":"https:\/\/roveyayinevi.com.tr\/index.php\/wp-json\/wp\/v2\/types\/product"}],"wp:attachment":[{"href":"https:\/\/roveyayinevi.com.tr\/index.php\/wp-json\/wp\/v2\/media?parent=768823"}],"wp:term":[{"taxonomy":"product_brand","embeddable":true,"href":"https:\/\/roveyayinevi.com.tr\/index.php\/wp-json\/wp\/v2\/product_brand?post=768823"},{"taxonomy":"product_cat","embeddable":true,"href":"https:\/\/roveyayinevi.com.tr\/index.php\/wp-json\/wp\/v2\/product_cat?post=768823"},{"taxonomy":"product_tag","embeddable":true,"href":"https:\/\/roveyayinevi.com.tr\/index.php\/wp-json\/wp\/v2\/product_tag?post=768823"}],"curies":[{"name":"wp","href":"https:\/\/api.w.org\/{rel}","templated":true}]}}