{"id":768821,"date":"2025-08-28T13:33:15","date_gmt":"2025-08-28T10:33:15","guid":{"rendered":"https:\/\/roveyayinevi.com.tr\/index.php\/urun\/sen-artik-abla-oldun\/"},"modified":"2026-04-15T03:34:52","modified_gmt":"2026-04-15T00:34:52","slug":"sen-artik-abla-oldun","status":"publish","type":"product","link":"https:\/\/roveyayinevi.com.tr\/index.php\/urun\/sen-artik-abla-oldun\/","title":{"rendered":"Sen Art\u0131k Abla Oldun"},"content":{"rendered":"<p>Bir karde\u015f en b\u00fcy\u00fck hazinedir! Ne oldu bil! Sen art\u0131k ABLA oluyorsun! Aileye yeni bir bebe\u011fin kat\u0131ld\u0131\u011f\u0131 d\u00f6nemi ne\u015feli resimlerle anlatan bu hik\u00e2ye, abla olma heyecan\u0131n\u0131 ya\u015fayan k\u00fc\u00e7\u00fck k\u0131z\u0131n\u0131z\u0131n bu s\u00fcrece uyum sa\u011flamas\u0131na yard\u0131mc\u0131 olmak i\u00e7in yaz\u0131ld\u0131. K\u0131z\u0131na, abla olman\u0131n ve g\u00fcnden g\u00fcne b\u00fcy\u00fcyen minik karde\u015fine yeni \u015feyler \u00f6\u011fretmenin \u00e7o\u011fu zaman e\u011flenceli, bazen de zor yanlar\u0131n\u0131 anlatan anneye kulak verin.<\/p>\n","protected":false},"excerpt":{"rendered":"<p>Bir karde\u015f en b\u00fcy\u00fck hazinedir! Ne oldu bil! Sen art\u0131k ABLA oluyorsun! Aileye yeni bir bebe\u011fin kat\u0131ld\u0131\u011f\u0131 d\u00f6nemi ne\u015feli resimlerle anlatan bu hik\u00e2ye, abla olma heyecan\u0131n\u0131<span class=\"excerpt-hellip\"> [\u2026]<\/span><\/p>\n","protected":false},"featured_media":0,"template":"","meta":{"_monsterinsights_skip_tracking":false,"_monsterinsights_sitenote_active":false,"_monsterinsights_sitenote_note":"","_monsterinsights_sitenote_category":0},"product_brand":[],"product_cat":[12274,12518],"product_tag":[],"class_list":{"0":"post-768821","1":"product","2":"type-product","3":"status-publish","5":"product_cat-cocuk-ve-genclik-kitaplari","6":"product_cat-okul-oncesi-kitaplar","7":"pa_cilt-ciltsiz","8":"pa_tur-kitap","9":"pa_yayinevi-koc-universitesi-yayinlari","10":"pa_yazar-rose-harkness","12":"first","13":"instock","14":"sale","15":"shipping-taxable","16":"purchasable","17":"product-type-simple"},"_links":{"self":[{"href":"https:\/\/roveyayinevi.com.tr\/index.php\/wp-json\/wp\/v2\/product\/768821","targetHints":{"allow":["GET"]}}],"collection":[{"href":"https:\/\/roveyayinevi.com.tr\/index.php\/wp-json\/wp\/v2\/product"}],"about":[{"href":"https:\/\/roveyayinevi.com.tr\/index.php\/wp-json\/wp\/v2\/types\/product"}],"wp:attachment":[{"href":"https:\/\/roveyayinevi.com.tr\/index.php\/wp-json\/wp\/v2\/media?parent=768821"}],"wp:term":[{"taxonomy":"product_brand","embeddable":true,"href":"https:\/\/roveyayinevi.com.tr\/index.php\/wp-json\/wp\/v2\/product_brand?post=768821"},{"taxonomy":"product_cat","embeddable":true,"href":"https:\/\/roveyayinevi.com.tr\/index.php\/wp-json\/wp\/v2\/product_cat?post=768821"},{"taxonomy":"product_tag","embeddable":true,"href":"https:\/\/roveyayinevi.com.tr\/index.php\/wp-json\/wp\/v2\/product_tag?post=768821"}],"curies":[{"name":"wp","href":"https:\/\/api.w.org\/{rel}","templated":true}]}}