{"id":768820,"date":"2025-08-28T13:33:13","date_gmt":"2025-08-28T10:33:13","guid":{"rendered":"https:\/\/roveyayinevi.com.tr\/index.php\/urun\/ceren-ile-ceviz-ve-cimcime-muthis-pasta\/"},"modified":"2026-04-15T03:34:52","modified_gmt":"2026-04-15T00:34:52","slug":"ceren-ile-ceviz-ve-cimcime-muthis-pasta","status":"publish","type":"product","link":"https:\/\/roveyayinevi.com.tr\/index.php\/urun\/ceren-ile-ceviz-ve-cimcime-muthis-pasta\/","title":{"rendered":"Ceren \u0130le Ceviz ve Cimcime \u2013 M\u00fcthi\u015f Pasta"},"content":{"rendered":"<p>A\u015eAMALI \u0130\u015eLER\u0130 TAK\u0130P ETME VE ADIMLARI UYGULAMA TEKRAR TEKRAR OKUYACA\u011eIN E\u011eLENCEL\u0130 B\u0130R \u00c7\u0130ZG\u0130 ROMAN \u0130LK SEFERDE TUTTURACA\u011eIN B\u0130R TAR\u0130F A\u00e7l\u0131ktan midesi kaz\u0131nan Ceviz evde yiyecek bir \u015fey bulamay\u0131nca morali \u00e7ok bozuluyor, fakat Ceren hemen bir tarif uydurarak sorunu \u00e7\u00f6z\u00fcyor.<\/p>\n","protected":false},"excerpt":{"rendered":"<p>A\u015eAMALI \u0130\u015eLER\u0130 TAK\u0130P ETME VE ADIMLARI UYGULAMA TEKRAR TEKRAR OKUYACA\u011eIN E\u011eLENCEL\u0130 B\u0130R \u00c7\u0130ZG\u0130 ROMAN \u0130LK SEFERDE TUTTURACA\u011eIN B\u0130R TAR\u0130F A\u00e7l\u0131ktan midesi kaz\u0131nan Ceviz evde yiyecek bir<span class=\"excerpt-hellip\"> [\u2026]<\/span><\/p>\n","protected":false},"featured_media":0,"template":"","meta":{"_monsterinsights_skip_tracking":false,"_monsterinsights_sitenote_active":false,"_monsterinsights_sitenote_note":"","_monsterinsights_sitenote_category":0},"product_brand":[],"product_cat":[12274,12518],"product_tag":[],"class_list":{"0":"post-768820","1":"product","2":"type-product","3":"status-publish","5":"product_cat-cocuk-ve-genclik-kitaplari","6":"product_cat-okul-oncesi-kitaplar","7":"pa_cilt-ciltsiz","8":"pa_tur-kitap","9":"pa_yayinevi-koc-universitesi-yayinlari","10":"pa_yazar-seymourina-cruse","12":"first","13":"instock","14":"sale","15":"shipping-taxable","16":"purchasable","17":"product-type-simple"},"_links":{"self":[{"href":"https:\/\/roveyayinevi.com.tr\/index.php\/wp-json\/wp\/v2\/product\/768820","targetHints":{"allow":["GET"]}}],"collection":[{"href":"https:\/\/roveyayinevi.com.tr\/index.php\/wp-json\/wp\/v2\/product"}],"about":[{"href":"https:\/\/roveyayinevi.com.tr\/index.php\/wp-json\/wp\/v2\/types\/product"}],"wp:attachment":[{"href":"https:\/\/roveyayinevi.com.tr\/index.php\/wp-json\/wp\/v2\/media?parent=768820"}],"wp:term":[{"taxonomy":"product_brand","embeddable":true,"href":"https:\/\/roveyayinevi.com.tr\/index.php\/wp-json\/wp\/v2\/product_brand?post=768820"},{"taxonomy":"product_cat","embeddable":true,"href":"https:\/\/roveyayinevi.com.tr\/index.php\/wp-json\/wp\/v2\/product_cat?post=768820"},{"taxonomy":"product_tag","embeddable":true,"href":"https:\/\/roveyayinevi.com.tr\/index.php\/wp-json\/wp\/v2\/product_tag?post=768820"}],"curies":[{"name":"wp","href":"https:\/\/api.w.org\/{rel}","templated":true}]}}