{"id":768817,"date":"2025-08-28T13:33:08","date_gmt":"2025-08-28T10:33:08","guid":{"rendered":"https:\/\/roveyayinevi.com.tr\/index.php\/urun\/dikenli-olsam-nolur-ki\/"},"modified":"2026-04-15T03:34:52","modified_gmt":"2026-04-15T00:34:52","slug":"dikenli-olsam-nolur-ki","status":"publish","type":"product","link":"https:\/\/roveyayinevi.com.tr\/index.php\/urun\/dikenli-olsam-nolur-ki\/","title":{"rendered":"Dikenli Olsam N\u2019olur ki !.."},"content":{"rendered":"<p>Ger\u00e7ek dostlar seni oldu\u011fun gibi sever. Bal\u0131m iyi kalpli, narin ve s\u0131cakkanl\u0131 bir kirpiydi. Arkada\u015f edinmek, ormandaki di\u011fer hayvanlarla oynamak istiyordu. Tan\u0131\u015ft\u0131\u011f\u0131 herkes t\u00fcylerinden korkunca, uyum sa\u011flamak i\u00e7in elinden geleni yapt\u0131. Minik kirpinin uyum sa\u011flama \u00e7abas\u0131, gen\u00e7 okurlar\u0131 e\u011flenceli bir ke\u015fif yolculu\u011funa \u00e7\u0131k\u0131yor.<\/p>\n","protected":false},"excerpt":{"rendered":"<p>Ger\u00e7ek dostlar seni oldu\u011fun gibi sever. Bal\u0131m iyi kalpli, narin ve s\u0131cakkanl\u0131 bir kirpiydi. Arkada\u015f edinmek, ormandaki di\u011fer hayvanlarla oynamak istiyordu. Tan\u0131\u015ft\u0131\u011f\u0131 herkes t\u00fcylerinden korkunca, uyum<span class=\"excerpt-hellip\"> [\u2026]<\/span><\/p>\n","protected":false},"featured_media":0,"template":"","meta":{"_monsterinsights_skip_tracking":false,"_monsterinsights_sitenote_active":false,"_monsterinsights_sitenote_note":"","_monsterinsights_sitenote_category":0},"product_brand":[],"product_cat":[12274,12518],"product_tag":[],"class_list":{"0":"post-768817","1":"product","2":"type-product","3":"status-publish","5":"product_cat-cocuk-ve-genclik-kitaplari","6":"product_cat-okul-oncesi-kitaplar","7":"pa_cilt-ciltsiz","8":"pa_tur-kitap","9":"pa_yayinevi-koc-universitesi-yayinlari","10":"pa_yazar-nastya-ryabtseva","12":"first","13":"instock","14":"sale","15":"shipping-taxable","16":"purchasable","17":"product-type-simple"},"_links":{"self":[{"href":"https:\/\/roveyayinevi.com.tr\/index.php\/wp-json\/wp\/v2\/product\/768817","targetHints":{"allow":["GET"]}}],"collection":[{"href":"https:\/\/roveyayinevi.com.tr\/index.php\/wp-json\/wp\/v2\/product"}],"about":[{"href":"https:\/\/roveyayinevi.com.tr\/index.php\/wp-json\/wp\/v2\/types\/product"}],"wp:attachment":[{"href":"https:\/\/roveyayinevi.com.tr\/index.php\/wp-json\/wp\/v2\/media?parent=768817"}],"wp:term":[{"taxonomy":"product_brand","embeddable":true,"href":"https:\/\/roveyayinevi.com.tr\/index.php\/wp-json\/wp\/v2\/product_brand?post=768817"},{"taxonomy":"product_cat","embeddable":true,"href":"https:\/\/roveyayinevi.com.tr\/index.php\/wp-json\/wp\/v2\/product_cat?post=768817"},{"taxonomy":"product_tag","embeddable":true,"href":"https:\/\/roveyayinevi.com.tr\/index.php\/wp-json\/wp\/v2\/product_tag?post=768817"}],"curies":[{"name":"wp","href":"https:\/\/api.w.org\/{rel}","templated":true}]}}