{"id":768816,"date":"2025-08-28T13:33:06","date_gmt":"2025-08-28T10:33:06","guid":{"rendered":"https:\/\/roveyayinevi.com.tr\/index.php\/urun\/birlikte-daha-iyiyiz\/"},"modified":"2026-04-15T03:34:52","modified_gmt":"2026-04-15T00:34:52","slug":"birlikte-daha-iyiyiz","status":"publish","type":"product","link":"https:\/\/roveyayinevi.com.tr\/index.php\/urun\/birlikte-daha-iyiyiz\/","title":{"rendered":"Birlikte Daha \u0130yiyiz"},"content":{"rendered":"<p>AMER\u0130KAN PS\u0130KOLOJ\u0130 DERNE\u011e\u0130 (APA) DUYGUSAL GEL\u0130\u015e\u0130M SER\u0130S\u0130 Mart\u0131, kuruldu\u011fu g\u00fcnden beri Grup Trup\u2019un solisti ve \u015fark\u0131 s\u00f6z\u00fc yazar\u0131yd\u0131&#8230; ta ki \u00d6rdek gruba kat\u0131l\u0131ncaya kadar. Art\u0131k \u015fark\u0131 s\u00f6zlerini \u00d6rdek yaz\u0131yor, Ay\u0131 ile Tilki de onun yazd\u0131\u011f\u0131 \u015fark\u0131lar\u0131 daha \u00e7ok be\u011feniyormu\u015f gibi g\u00f6r\u00fcn\u00fcyor! Kendini d\u0131\u015flanm\u0131\u015f hisseden Mart\u0131 gruptan ayr\u0131lacak m\u0131? Solo kariyerinde bekledi\u011fi ilgiyi yakalayabilecek mi? Peki, bozulan arkada\u015fl\u0131k ili\u015fkilerini yeniden d\u00fczeltmek m\u00fcmk\u00fcn olacak m\u0131 dersiniz? <\/p>\n","protected":false},"excerpt":{"rendered":"<p>AMER\u0130KAN PS\u0130KOLOJ\u0130 DERNE\u011e\u0130 (APA) DUYGUSAL GEL\u0130\u015e\u0130M SER\u0130S\u0130 Mart\u0131, kuruldu\u011fu g\u00fcnden beri Grup Trup\u2019un solisti ve \u015fark\u0131 s\u00f6z\u00fc yazar\u0131yd\u0131&#8230; ta ki \u00d6rdek gruba kat\u0131l\u0131ncaya kadar. Art\u0131k \u015fark\u0131<span class=\"excerpt-hellip\"> [\u2026]<\/span><\/p>\n","protected":false},"featured_media":0,"template":"","meta":{"_monsterinsights_skip_tracking":false,"_monsterinsights_sitenote_active":false,"_monsterinsights_sitenote_note":"","_monsterinsights_sitenote_category":0},"product_brand":[],"product_cat":[12274,12518],"product_tag":[],"class_list":{"0":"post-768816","1":"product","2":"type-product","3":"status-publish","5":"product_cat-cocuk-ve-genclik-kitaplari","6":"product_cat-okul-oncesi-kitaplar","7":"pa_cilt-ciltsiz","8":"pa_tur-kitap","9":"pa_yayinevi-koc-universitesi-yayinlari","10":"pa_yazar-chloe-douglass","12":"first","13":"instock","14":"sale","15":"shipping-taxable","16":"purchasable","17":"product-type-simple"},"_links":{"self":[{"href":"https:\/\/roveyayinevi.com.tr\/index.php\/wp-json\/wp\/v2\/product\/768816","targetHints":{"allow":["GET"]}}],"collection":[{"href":"https:\/\/roveyayinevi.com.tr\/index.php\/wp-json\/wp\/v2\/product"}],"about":[{"href":"https:\/\/roveyayinevi.com.tr\/index.php\/wp-json\/wp\/v2\/types\/product"}],"wp:attachment":[{"href":"https:\/\/roveyayinevi.com.tr\/index.php\/wp-json\/wp\/v2\/media?parent=768816"}],"wp:term":[{"taxonomy":"product_brand","embeddable":true,"href":"https:\/\/roveyayinevi.com.tr\/index.php\/wp-json\/wp\/v2\/product_brand?post=768816"},{"taxonomy":"product_cat","embeddable":true,"href":"https:\/\/roveyayinevi.com.tr\/index.php\/wp-json\/wp\/v2\/product_cat?post=768816"},{"taxonomy":"product_tag","embeddable":true,"href":"https:\/\/roveyayinevi.com.tr\/index.php\/wp-json\/wp\/v2\/product_tag?post=768816"}],"curies":[{"name":"wp","href":"https:\/\/api.w.org\/{rel}","templated":true}]}}