{"id":768815,"date":"2025-08-28T13:33:04","date_gmt":"2025-08-28T10:33:04","guid":{"rendered":"https:\/\/roveyayinevi.com.tr\/index.php\/urun\/osmanli-anadolusunda-ekonomik-hayat\/"},"modified":"2026-04-15T03:34:52","modified_gmt":"2026-04-15T00:34:52","slug":"osmanli-anadolusunda-ekonomik-hayat","status":"publish","type":"product","link":"https:\/\/roveyayinevi.com.tr\/index.php\/urun\/osmanli-anadolusunda-ekonomik-hayat\/","title":{"rendered":"Osmanl\u0131 Anadolu\u2019sunda Ekonomik Hayat"},"content":{"rendered":"<p>Kitap, Ko\u00e7 \u00dcniversitesi VEKAM ve Skilleter Center i\u015fbirli\u011fiyle 2017 y\u0131l\u0131nda ger\u00e7ekle\u015ftirilen Osmanl\u0131 Anadolusu\u2019nda Ticaret ve \u00dcretim adl\u0131 sempozyumda sunulan bildirilerden olu\u015fmaktad\u0131r. \u00c7al\u0131\u015fma ilk olarak Brill yay\u0131nevi taraf\u0131ndan Making a Living in Ottoman Anatolia ad\u0131yla 2021 y\u0131l\u0131nda yay\u0131mlanm\u0131\u015ft\u0131r. Kitapta yer alan bildiriler, Osmanl\u0131 D\u00f6nemi\u2019nde Anadolu co\u011frafyas\u0131n\u0131n ekonomik ve sosyal hayat\u0131na dair \u00e7arp\u0131c\u0131 bir tablo \u00e7izmekle birlikte; tar\u0131m, ticaret, zanaat gibi farkl\u0131 ge\u00e7im kaynaklar\u0131n\u0131n yan\u0131 s\u0131ra, k\u0131rsal ve kentsel ya\u015fam aras\u0131ndaki farkl\u0131l\u0131klara de\u011finmekte; kad\u0131nlar\u0131n toplumsal hayattaki ekonomik rolleri ve vergilendirme sistemi gibi konular\u0131 detayl\u0131 bir \u015fekilde ele almaktad\u0131r. Alan\u0131nda de\u011ferli bir \u00e7al\u0131\u015fma olan kitap, Osmanl\u0131 ekonomisi, sosyal tarih ve k\u0131rsal \u00e7al\u0131\u015fmalar alan\u0131nda \u00e7al\u0131\u015fan ara\u015ft\u0131rmac\u0131lar i\u00e7in referans al\u0131nabilecek \u00f6nemli bilgiler sunmaktad\u0131r.<\/p>\n","protected":false},"excerpt":{"rendered":"<p>Kitap, Ko\u00e7 \u00dcniversitesi VEKAM ve Skilleter Center i\u015fbirli\u011fiyle 2017 y\u0131l\u0131nda ger\u00e7ekle\u015ftirilen Osmanl\u0131 Anadolusu\u2019nda Ticaret ve \u00dcretim adl\u0131 sempozyumda sunulan bildirilerden olu\u015fmaktad\u0131r. \u00c7al\u0131\u015fma ilk olarak Brill yay\u0131nevi<span class=\"excerpt-hellip\"> [\u2026]<\/span><\/p>\n","protected":false},"featured_media":0,"template":"","meta":{"_monsterinsights_skip_tracking":false,"_monsterinsights_sitenote_active":false,"_monsterinsights_sitenote_note":"","_monsterinsights_sitenote_category":0},"product_brand":[],"product_cat":[14841,13043],"product_tag":[],"class_list":{"0":"post-768815","1":"product","2":"type-product","3":"status-publish","5":"product_cat-arastirma-inceleme-kuram","6":"product_cat-ekonomi","7":"pa_cilt-ciltsiz","8":"pa_tur-kitap","9":"pa_yayinevi-koc-universitesi-yayinlari","10":"pa_yazar-ebru-boyar-kate-fleet","12":"first","13":"instock","14":"sale","15":"shipping-taxable","16":"purchasable","17":"product-type-simple"},"_links":{"self":[{"href":"https:\/\/roveyayinevi.com.tr\/index.php\/wp-json\/wp\/v2\/product\/768815","targetHints":{"allow":["GET"]}}],"collection":[{"href":"https:\/\/roveyayinevi.com.tr\/index.php\/wp-json\/wp\/v2\/product"}],"about":[{"href":"https:\/\/roveyayinevi.com.tr\/index.php\/wp-json\/wp\/v2\/types\/product"}],"wp:attachment":[{"href":"https:\/\/roveyayinevi.com.tr\/index.php\/wp-json\/wp\/v2\/media?parent=768815"}],"wp:term":[{"taxonomy":"product_brand","embeddable":true,"href":"https:\/\/roveyayinevi.com.tr\/index.php\/wp-json\/wp\/v2\/product_brand?post=768815"},{"taxonomy":"product_cat","embeddable":true,"href":"https:\/\/roveyayinevi.com.tr\/index.php\/wp-json\/wp\/v2\/product_cat?post=768815"},{"taxonomy":"product_tag","embeddable":true,"href":"https:\/\/roveyayinevi.com.tr\/index.php\/wp-json\/wp\/v2\/product_tag?post=768815"}],"curies":[{"name":"wp","href":"https:\/\/api.w.org\/{rel}","templated":true}]}}