{"id":768814,"date":"2025-08-28T13:33:03","date_gmt":"2025-08-28T10:33:03","guid":{"rendered":"https:\/\/roveyayinevi.com.tr\/index.php\/urun\/charles-darwini-anlamak\/"},"modified":"2026-04-15T03:34:52","modified_gmt":"2026-04-15T00:34:52","slug":"charles-darwini-anlamak","status":"publish","type":"product","link":"https:\/\/roveyayinevi.com.tr\/index.php\/urun\/charles-darwini-anlamak\/","title":{"rendered":"Charles Darwin\u2019i Anlamak"},"content":{"rendered":"<p>Evrim kuram\u0131, do\u011fal se\u00e7ilim, en uyumlu olan\u0131n hayatta kalmas\u0131, ortak atadan de\u011fi\u015ferek t\u00fcreme&#8230; Bu s\u00f6zc\u00fckler genellikle ak\u0131llara hemen Charles Darwin\u2019i getirir. Ancak Charles Darwin \u00e7o\u011fu insan\u0131n, hakk\u0131nda bir s\u00fcr\u00fc \u015fey i\u015fitip, yazd\u0131klar\u0131n\u0131 hi\u00e7 okumad\u0131\u011f\u0131 ya da pek bilgi sahibi olmad\u0131\u011f\u0131 bir isimdir. Cambridge University Press\u2019in \u201cUnderstanding Life\u201d dizisi kapsam\u0131nda yay\u0131nlanan Charles Darwin\u2019i Anlamak bizi bu \u00fcnl\u00fc ismin evrim, kal\u0131t\u0131m, din ba\u015fta olmak \u00fczere pek \u00e7ok konuda ger\u00e7ekten ne d\u00fc\u015f\u00fcnd\u00fc\u011f\u00fcn\u00fc anlamam\u0131z\u0131 sa\u011flayacak bir yolculu\u011fa \u00e7\u0131kar\u0131yor. Darwin\u2019e ili\u015fkin yayg\u0131nla\u015fm\u0131\u015f birtak\u0131m yanl\u0131\u015f anlamalara, bir yandan da Darwin\u2019in bak\u0131\u015f a\u00e7\u0131s\u0131n\u0131 bi\u00e7imlendiren ko\u015fullara ve ki\u015filere, kuram\u0131n\u0131n geli\u015fimi a\u00e7\u0131s\u0131ndan kritik \u00f6nem ta\u015f\u0131yan etkilere ili\u015fkin berrak ve zengin bir de\u011ferlendirme sunuyor. Erasmus Darwin, Robert Grant, Harriet Martineau, Alfred Russel Wallace ve daha nicelerine canl\u0131 bir \u015fekilde yer veren kitap Darwin\u2019in kuram\u0131n\u0131 ni\u00e7in, nas\u0131l ve ne zaman geli\u015ftirdi\u011fini biraz daha iyi anlamam\u0131z\u0131 sa\u011fl\u0131yor. Kitab\u0131n sonunda, bilimin \u201cen b\u00fcy\u00fck kahramanlar\u0131ndan\u201d biri olarak tan\u0131nan ki\u015fiye ili\u015fkin doyurucu, inand\u0131r\u0131c\u0131, ger\u00e7ek\u00e7i bir tabloya ula\u015facaks\u0131n\u0131z. Darwin\u2019i bilim insan\u0131, aile babas\u0131, \u0130ngiliz orta-\u00fcst s\u0131n\u0131f\u0131n\u0131n se\u00e7kin bir \u00fcyesi kimlikleriyle de tan\u0131yacaks\u0131n\u0131z. Erik L. Peterson, Alabama \u00dcniversitesi Tarih B\u00f6l\u00fcm\u00fc \u00f6\u011fretim \u00fcyesidir. Bilim, teknoloji ve t\u0131p tarihi \u00fczerine uzmanla\u015fm\u0131\u015ft\u0131r<\/p>\n","protected":false},"excerpt":{"rendered":"<p>Evrim kuram\u0131, do\u011fal se\u00e7ilim, en uyumlu olan\u0131n hayatta kalmas\u0131, ortak atadan de\u011fi\u015ferek t\u00fcreme&#8230; Bu s\u00f6zc\u00fckler genellikle ak\u0131llara hemen Charles Darwin\u2019i getirir. Ancak Charles Darwin \u00e7o\u011fu insan\u0131n,<span class=\"excerpt-hellip\"> [\u2026]<\/span><\/p>\n","protected":false},"featured_media":0,"template":"","meta":{"_monsterinsights_skip_tracking":false,"_monsterinsights_sitenote_active":false,"_monsterinsights_sitenote_note":"","_monsterinsights_sitenote_category":0},"product_brand":[],"product_cat":[12388],"product_tag":[],"class_list":{"0":"post-768814","1":"product","2":"type-product","3":"status-publish","5":"product_cat-felsefe","6":"pa_cilt-ciltsiz","7":"pa_tur-kitap","8":"pa_yayinevi-koc-universitesi-yayinlari","9":"pa_yazar-erik-l-peterson","11":"first","12":"instock","13":"sale","14":"shipping-taxable","15":"purchasable","16":"product-type-simple"},"_links":{"self":[{"href":"https:\/\/roveyayinevi.com.tr\/index.php\/wp-json\/wp\/v2\/product\/768814","targetHints":{"allow":["GET"]}}],"collection":[{"href":"https:\/\/roveyayinevi.com.tr\/index.php\/wp-json\/wp\/v2\/product"}],"about":[{"href":"https:\/\/roveyayinevi.com.tr\/index.php\/wp-json\/wp\/v2\/types\/product"}],"wp:attachment":[{"href":"https:\/\/roveyayinevi.com.tr\/index.php\/wp-json\/wp\/v2\/media?parent=768814"}],"wp:term":[{"taxonomy":"product_brand","embeddable":true,"href":"https:\/\/roveyayinevi.com.tr\/index.php\/wp-json\/wp\/v2\/product_brand?post=768814"},{"taxonomy":"product_cat","embeddable":true,"href":"https:\/\/roveyayinevi.com.tr\/index.php\/wp-json\/wp\/v2\/product_cat?post=768814"},{"taxonomy":"product_tag","embeddable":true,"href":"https:\/\/roveyayinevi.com.tr\/index.php\/wp-json\/wp\/v2\/product_tag?post=768814"}],"curies":[{"name":"wp","href":"https:\/\/api.w.org\/{rel}","templated":true}]}}