{"id":768813,"date":"2025-08-28T13:33:01","date_gmt":"2025-08-28T10:33:01","guid":{"rendered":"https:\/\/roveyayinevi.com.tr\/index.php\/urun\/osmanli-devleti-tarihi\/"},"modified":"2026-04-15T03:34:52","modified_gmt":"2026-04-15T00:34:52","slug":"osmanli-devleti-tarihi","status":"publish","type":"product","link":"https:\/\/roveyayinevi.com.tr\/index.php\/urun\/osmanli-devleti-tarihi\/","title":{"rendered":"Osmanl\u0131 Devleti Tarihi"},"content":{"rendered":"<p>Tek hanedan\u0131n y\u00f6netimi alt\u0131nda, 6 y\u00fczy\u0131l boyunca b\u00fcy\u00fck bir co\u011frafyaya h\u00fckmetmi\u015f olan Osmanl\u0131 Devleti\u2019nin tarihi, d\u00fcnyada \u00f6rnek al\u0131nmas\u0131 ve iyi bilinmesi gereken bir tarihtir. Zira h\u00e2kimiyeti alt\u0131nda pek \u00e7ok farkl\u0131 millet ve farkl\u0131 dinlere mensup toplumlar ya\u015fam\u0131\u015ft\u0131r. Bug\u00fcne kadar Osmanl\u0131 Devleti hakk\u0131nda \u00e7ok say\u0131da tarih kitab\u0131 kaleme al\u0131nmas\u0131na ra\u011fmen elinizdeki eserin di\u011ferlerinden fark\u0131, ele ald\u0131\u011f\u0131 d\u00f6nemi tek bir kitapta ve b\u00fct\u00fcn de\u011ferlendirmeleri ile birlikte anlatmas\u0131d\u0131r. Yazar\u0131 Mustafa Nuri Pa\u015fa 19. y\u00fczy\u0131l\u0131n \u00f6nemli devlet adamlar\u0131ndand\u0131r. Devletin \u00e7e\u015fitli kademelerinde uzun y\u0131llar memuriyetlerde bulunduktan sonra Sultan Abd\u00fclhamid d\u00f6neminde Maarif ve Evkaf naz\u0131rl\u0131klar\u0131 yapm\u0131\u015ft\u0131r. Olduk\u00e7a bilgili ve kendini \u00e7ok iyi yeti\u015ftirmi\u015f biri olarak kitab\u0131n\u0131 yazarken b\u00fcy\u00fck bir haz\u0131rl\u0131k yapt\u0131\u011f\u0131, devlet ar\u015fivlerinden detayl\u0131 bilgilere ula\u015ft\u0131\u011f\u0131, \u00f6nemli tarih kitaplar\u0131ndan yararland\u0131\u011f\u0131 anla\u015f\u0131lmaktad\u0131r. Net\u00e2y\u00eec\u00fc\u2019lvuk\u00fb\u2018\u00e2t\/Olaylar\u0131n Sonu\u00e7lar\u0131, 620 y\u0131l devam etmi\u015f olan Osmanl\u0131 Devleti\u2019nin ilk 540 y\u0131ll\u0131k d\u00f6nemini anlatmaktad\u0131r. N\u00fcktedan ve nispeten sade bir dil kullanan yazar, ele ald\u0131\u011f\u0131 1299-1841 y\u0131llar\u0131 aras\u0131n\u0131 6 b\u00f6l\u00fcme ay\u0131rm\u0131\u015f, her b\u00f6l\u00fcme \u00f6ncelikle bu tarih dilimi i\u00e7indeki olaylar\u0131 \u00f6zetleyerek ba\u015flam\u0131\u015ft\u0131r. Sonra o b\u00f6l\u00fcme bir tekmile yazm\u0131\u015f, daha sonra da devlet adamlar\u0131n\u0131n durumu, askeriyenin durumu, maliyenin durumu, bilim tekni\u011fin geli\u015fmesi, hariciyenin durumu gibi ba\u015fl\u0131klar alt\u0131nda o tarih dilimini de\u011ferlendirmi\u015ftir. Osmanl\u0131 tarihini en g\u00fczel \u015fekilde \u00f6zetleyen bu kitap, g\u00fcn\u00fcm\u00fcz T\u00fcrk\u00e7esine \u00e7evrilerek siz de\u011ferli okuyucular\u0131n dikkatine sunulmu\u015ftur.<\/p>\n","protected":false},"excerpt":{"rendered":"<p>Tek hanedan\u0131n y\u00f6netimi alt\u0131nda, 6 y\u00fczy\u0131l boyunca b\u00fcy\u00fck bir co\u011frafyaya h\u00fckmetmi\u015f olan Osmanl\u0131 Devleti\u2019nin tarihi, d\u00fcnyada \u00f6rnek al\u0131nmas\u0131 ve iyi bilinmesi gereken bir tarihtir. Zira h\u00e2kimiyeti<span class=\"excerpt-hellip\"> [\u2026]<\/span><\/p>\n","protected":false},"featured_media":0,"template":"","meta":{"_monsterinsights_skip_tracking":false,"_monsterinsights_sitenote_active":false,"_monsterinsights_sitenote_note":"","_monsterinsights_sitenote_category":0},"product_brand":[],"product_cat":[13517,12304],"product_tag":[],"class_list":{"0":"post-768813","1":"product","2":"type-product","3":"status-publish","5":"product_cat-osmanli-tarihi","6":"product_cat-tarih","7":"pa_cilt-ciltsiz","8":"pa_tur-kitap","9":"pa_yayinevi-yeditepe-yayinevi","10":"pa_yazar-mustafa-nuri-pasa","12":"first","13":"instock","14":"sale","15":"shipping-taxable","16":"purchasable","17":"product-type-simple"},"_links":{"self":[{"href":"https:\/\/roveyayinevi.com.tr\/index.php\/wp-json\/wp\/v2\/product\/768813","targetHints":{"allow":["GET"]}}],"collection":[{"href":"https:\/\/roveyayinevi.com.tr\/index.php\/wp-json\/wp\/v2\/product"}],"about":[{"href":"https:\/\/roveyayinevi.com.tr\/index.php\/wp-json\/wp\/v2\/types\/product"}],"wp:attachment":[{"href":"https:\/\/roveyayinevi.com.tr\/index.php\/wp-json\/wp\/v2\/media?parent=768813"}],"wp:term":[{"taxonomy":"product_brand","embeddable":true,"href":"https:\/\/roveyayinevi.com.tr\/index.php\/wp-json\/wp\/v2\/product_brand?post=768813"},{"taxonomy":"product_cat","embeddable":true,"href":"https:\/\/roveyayinevi.com.tr\/index.php\/wp-json\/wp\/v2\/product_cat?post=768813"},{"taxonomy":"product_tag","embeddable":true,"href":"https:\/\/roveyayinevi.com.tr\/index.php\/wp-json\/wp\/v2\/product_tag?post=768813"}],"curies":[{"name":"wp","href":"https:\/\/api.w.org\/{rel}","templated":true}]}}