{"id":768812,"date":"2025-08-28T13:33:00","date_gmt":"2025-08-28T10:33:00","guid":{"rendered":"https:\/\/roveyayinevi.com.tr\/index.php\/urun\/zaferin-kokenleri\/"},"modified":"2026-04-15T03:34:52","modified_gmt":"2026-04-15T00:34:52","slug":"zaferin-kokenleri","status":"publish","type":"product","link":"https:\/\/roveyayinevi.com.tr\/index.php\/urun\/zaferin-kokenleri\/","title":{"rendered":"Zaferin K\u00f6kenleri"},"content":{"rendered":"<p>Asker\u00ee yenilik, harbin karakterini nas\u0131l de\u011fi\u015ftirir ve ordular bu meydan okumaya nas\u0131l uyum sa\u011flar?   Asker\u00ee stratejist Andrew F. Krepinevich, Jr. taraf\u0131ndan kaleme al\u0131nan bu kitap son iki y\u00fcz elli y\u0131lda harbin karakterinde meydana gelen d\u00f6n\u00fc\u015f\u00fcmlerin dinamiklerini ortaya koyarken g\u00fcn\u00fcm\u00fczde asker\u00ee teknoloji ve muharebe sahas\u0131nda ortaya \u00e7\u0131kan de\u011fi\u015fiklikleri de mercek alt\u0131na almaktad\u0131r. \u00c7\u0131\u011f\u0131ra\u00e7an asker\u00ee yeniliklerin ortaya \u00e7\u0131k\u0131\u015f s\u00fcre\u00e7leri, yenilik\u00e7i liderlerin karakteristi\u011fi ve yeniliklerin sava\u015f sahnesinde yenilik\u00e7ilere sa\u011flad\u0131\u011f\u0131 avantajlar titizlikle incelenirken, yenili\u011fi ve d\u00f6n\u00fc\u015f\u00fcm\u00fc \u0131skalayanlar\u0131 bekleyen tehlikeler de g\u00f6zler \u00f6n\u00fcne serilmektedir. Birinci K\u00f6rfez Sava\u015f\u0131 s\u0131ras\u0131nda Amerikan ordusu taraf\u0131ndan uygulanan Hassas Sava\u015f Y\u00f6ntemleri Devrimi de harbin karakterini derin bi\u00e7imde d\u00f6n\u00fc\u015ft\u00fcrm\u00fc\u015f ve bu devrimi birka\u00e7 on y\u0131l boyunca tekelinde bulunduran Amerika Birle\u015fik Devletleri asker\u00ee \u00fcst\u00fcnl\u00fc\u011f\u00fcn\u00fc tart\u0131\u015fmas\u0131z \u015fekilde kabul ettirmi\u015ftir. Fakat son y\u0131llarda Amerika, ba\u015fka g\u00fc\u00e7lerin de ayn\u0131 kabiliyetleri edinmesiyle tekel konumunu kaybetti\u011fi gibi yapay zek\u00e2 ve sentetik biyolojiden kuantum hesaplama ve eklemeli imalata kadar geni\u015f yelpazeli ilerlemelerin yol a\u00e7t\u0131\u011f\u0131 yeni bir asker\u00ee devrime yan\u0131t vermek durumundad\u0131r. Krepinevich\u2019in bu \u00e7al\u0131\u015fmas\u0131 ABD Silahl\u0131 Kuvvetleri \u00f6zelinde sava\u015f y\u00f6ntemlerindeki \u201cbir sonraki b\u00fcy\u00fck \u015feyi\u201d tan\u0131mlama ve bundan yararlanma yar\u0131\u015f\u0131n\u0131n nas\u0131l kazan\u0131labilece\u011fini g\u00f6stermeyi ama\u00e7lamaktad\u0131r. <\/p>\n","protected":false},"excerpt":{"rendered":"<p>Asker\u00ee yenilik, harbin karakterini nas\u0131l de\u011fi\u015ftirir ve ordular bu meydan okumaya nas\u0131l uyum sa\u011flar? Asker\u00ee stratejist Andrew F. Krepinevich, Jr. taraf\u0131ndan kaleme al\u0131nan bu kitap son<span class=\"excerpt-hellip\"> [\u2026]<\/span><\/p>\n","protected":false},"featured_media":0,"template":"","meta":{"_monsterinsights_skip_tracking":false,"_monsterinsights_sitenote_active":false,"_monsterinsights_sitenote_note":"","_monsterinsights_sitenote_category":0},"product_brand":[],"product_cat":[13590,12337],"product_tag":[],"class_list":{"0":"post-768812","1":"product","2":"type-product","3":"status-publish","5":"product_cat-arastirma-inceleme-politika-siyaset","6":"product_cat-politika-siyaset","7":"pa_cilt-ciltsiz","8":"pa_tur-kitap","9":"pa_yayinevi-yeditepe-yayinevi","10":"pa_yazar-andrew-f-krepinevich","12":"first","13":"instock","14":"sale","15":"shipping-taxable","16":"purchasable","17":"product-type-simple"},"_links":{"self":[{"href":"https:\/\/roveyayinevi.com.tr\/index.php\/wp-json\/wp\/v2\/product\/768812","targetHints":{"allow":["GET"]}}],"collection":[{"href":"https:\/\/roveyayinevi.com.tr\/index.php\/wp-json\/wp\/v2\/product"}],"about":[{"href":"https:\/\/roveyayinevi.com.tr\/index.php\/wp-json\/wp\/v2\/types\/product"}],"wp:attachment":[{"href":"https:\/\/roveyayinevi.com.tr\/index.php\/wp-json\/wp\/v2\/media?parent=768812"}],"wp:term":[{"taxonomy":"product_brand","embeddable":true,"href":"https:\/\/roveyayinevi.com.tr\/index.php\/wp-json\/wp\/v2\/product_brand?post=768812"},{"taxonomy":"product_cat","embeddable":true,"href":"https:\/\/roveyayinevi.com.tr\/index.php\/wp-json\/wp\/v2\/product_cat?post=768812"},{"taxonomy":"product_tag","embeddable":true,"href":"https:\/\/roveyayinevi.com.tr\/index.php\/wp-json\/wp\/v2\/product_tag?post=768812"}],"curies":[{"name":"wp","href":"https:\/\/api.w.org\/{rel}","templated":true}]}}