{"id":768811,"date":"2025-08-28T13:32:58","date_gmt":"2025-08-28T10:32:58","guid":{"rendered":"https:\/\/roveyayinevi.com.tr\/index.php\/urun\/fil-necati-6-iyilige-uzay-atlayisi\/"},"modified":"2026-04-15T03:34:52","modified_gmt":"2026-04-15T00:34:52","slug":"fil-necati-6-iyilige-uzay-atlayisi","status":"publish","type":"product","link":"https:\/\/roveyayinevi.com.tr\/index.php\/urun\/fil-necati-6-iyilige-uzay-atlayisi\/","title":{"rendered":"Fil Necati 6 &#8211; \u0130yili\u011fe Uzay Atlay\u0131\u015f\u0131"},"content":{"rendered":"<p>\u201cMerhaba arkada\u015flar, ben Fil Necati! E\u011flence ve maceran\u0131n kalbi burada at\u0131yor. Benimle maceraya at\u0131lmaya haz\u0131r m\u0131s\u0131n\u0131z?\u201d Kemerlerinizi ba\u011flay\u0131n, \u0130yili\u011fe Uzay Atlay\u0131\u015f\u0131 ba\u015fl\u0131yor! Fil Necati, \u00e7ilekli pi\u015filerle dolu bir uzay yolculu\u011funda, g\u00f6k ta\u015flar\u0131ndan otostop\u00e7u uzayl\u0131lara kadar pek \u00e7ok maceraya at\u0131l\u0131yor. Peki, Necati Du\u0308nya\u2019ya geri d\u00f6nebilecek mi, yoksa kendini yepyeni bir maceran\u0131n tam ortas\u0131nda m\u0131 bulacak? \u0130yilik, dostluk ve bolca kahkaha dolu bu e\u011flenceli hik\u00e2yeye kat\u0131lmaya haz\u0131r olun! <\/p>\n","protected":false},"excerpt":{"rendered":"<p>\u201cMerhaba arkada\u015flar, ben Fil Necati! E\u011flence ve maceran\u0131n kalbi burada at\u0131yor. Benimle maceraya at\u0131lmaya haz\u0131r m\u0131s\u0131n\u0131z?\u201d Kemerlerinizi ba\u011flay\u0131n, \u0130yili\u011fe Uzay Atlay\u0131\u015f\u0131 ba\u015fl\u0131yor! Fil Necati, \u00e7ilekli pi\u015filerle<span class=\"excerpt-hellip\"> [\u2026]<\/span><\/p>\n","protected":false},"featured_media":0,"template":"","meta":{"_monsterinsights_skip_tracking":false,"_monsterinsights_sitenote_active":false,"_monsterinsights_sitenote_note":"","_monsterinsights_sitenote_category":0},"product_brand":[],"product_cat":[12274,12284],"product_tag":[],"class_list":{"0":"post-768811","1":"product","2":"type-product","3":"status-publish","5":"product_cat-cocuk-ve-genclik-kitaplari","6":"product_cat-hikayeler","7":"pa_cilt-ciltsiz","8":"pa_tur-kitap","9":"pa_yayinevi-eksik-parca-yayinlari","10":"pa_yazar-varol-yasaroglu","12":"first","13":"instock","14":"sale","15":"shipping-taxable","16":"purchasable","17":"product-type-simple"},"_links":{"self":[{"href":"https:\/\/roveyayinevi.com.tr\/index.php\/wp-json\/wp\/v2\/product\/768811","targetHints":{"allow":["GET"]}}],"collection":[{"href":"https:\/\/roveyayinevi.com.tr\/index.php\/wp-json\/wp\/v2\/product"}],"about":[{"href":"https:\/\/roveyayinevi.com.tr\/index.php\/wp-json\/wp\/v2\/types\/product"}],"wp:attachment":[{"href":"https:\/\/roveyayinevi.com.tr\/index.php\/wp-json\/wp\/v2\/media?parent=768811"}],"wp:term":[{"taxonomy":"product_brand","embeddable":true,"href":"https:\/\/roveyayinevi.com.tr\/index.php\/wp-json\/wp\/v2\/product_brand?post=768811"},{"taxonomy":"product_cat","embeddable":true,"href":"https:\/\/roveyayinevi.com.tr\/index.php\/wp-json\/wp\/v2\/product_cat?post=768811"},{"taxonomy":"product_tag","embeddable":true,"href":"https:\/\/roveyayinevi.com.tr\/index.php\/wp-json\/wp\/v2\/product_tag?post=768811"}],"curies":[{"name":"wp","href":"https:\/\/api.w.org\/{rel}","templated":true}]}}