{"id":768810,"date":"2025-08-28T13:32:56","date_gmt":"2025-08-28T10:32:56","guid":{"rendered":"https:\/\/roveyayinevi.com.tr\/index.php\/urun\/fil-necati-5\/"},"modified":"2026-04-15T03:34:52","modified_gmt":"2026-04-15T00:34:52","slug":"fil-necati-5","status":"publish","type":"product","link":"https:\/\/roveyayinevi.com.tr\/index.php\/urun\/fil-necati-5\/","title":{"rendered":"Fil Necati 5"},"content":{"rendered":"<p>\u201cMerhaba arkada\u015flar, ben Fil Necati! E\u011flence ve maceran\u0131n kalbi burada at\u0131yor. Benimle maceraya at\u0131lmaya haz\u0131r m\u0131s\u0131n\u0131z?\u201d Fil Necati, d\u00f6rt kollular\u0131n gezegeninde kaybolmu\u015f bir iki kollu! Acaba bu \u201canormal\u201d du\u0308nyada kendine yer bulabilecek mi? Mizah ve macera dolu bu hik\u00e2yede, Necati\u2019nin komik \u00e7abalar\u0131na ve s\u0131ra d\u0131\u015f\u0131 dostluklar\u0131na kat\u0131lmaya haz\u0131r olun! \u201cYa\u015fama d\u00f6rt koldan tutunanlar, Necati\u2019yi \u00e7ok sevecek!\u201d <\/p>\n","protected":false},"excerpt":{"rendered":"<p>\u201cMerhaba arkada\u015flar, ben Fil Necati! E\u011flence ve maceran\u0131n kalbi burada at\u0131yor. Benimle maceraya at\u0131lmaya haz\u0131r m\u0131s\u0131n\u0131z?\u201d Fil Necati, d\u00f6rt kollular\u0131n gezegeninde kaybolmu\u015f bir iki kollu! Acaba<span class=\"excerpt-hellip\"> [\u2026]<\/span><\/p>\n","protected":false},"featured_media":0,"template":"","meta":{"_monsterinsights_skip_tracking":false,"_monsterinsights_sitenote_active":false,"_monsterinsights_sitenote_note":"","_monsterinsights_sitenote_category":0},"product_brand":[],"product_cat":[12274,12284],"product_tag":[],"class_list":{"0":"post-768810","1":"product","2":"type-product","3":"status-publish","5":"product_cat-cocuk-ve-genclik-kitaplari","6":"product_cat-hikayeler","7":"pa_cilt-ciltsiz","8":"pa_tur-kitap","9":"pa_yayinevi-eksik-parca-yayinlari","10":"pa_yazar-varol-yasaroglu","12":"first","13":"instock","14":"sale","15":"shipping-taxable","16":"purchasable","17":"product-type-simple"},"_links":{"self":[{"href":"https:\/\/roveyayinevi.com.tr\/index.php\/wp-json\/wp\/v2\/product\/768810","targetHints":{"allow":["GET"]}}],"collection":[{"href":"https:\/\/roveyayinevi.com.tr\/index.php\/wp-json\/wp\/v2\/product"}],"about":[{"href":"https:\/\/roveyayinevi.com.tr\/index.php\/wp-json\/wp\/v2\/types\/product"}],"wp:attachment":[{"href":"https:\/\/roveyayinevi.com.tr\/index.php\/wp-json\/wp\/v2\/media?parent=768810"}],"wp:term":[{"taxonomy":"product_brand","embeddable":true,"href":"https:\/\/roveyayinevi.com.tr\/index.php\/wp-json\/wp\/v2\/product_brand?post=768810"},{"taxonomy":"product_cat","embeddable":true,"href":"https:\/\/roveyayinevi.com.tr\/index.php\/wp-json\/wp\/v2\/product_cat?post=768810"},{"taxonomy":"product_tag","embeddable":true,"href":"https:\/\/roveyayinevi.com.tr\/index.php\/wp-json\/wp\/v2\/product_tag?post=768810"}],"curies":[{"name":"wp","href":"https:\/\/api.w.org\/{rel}","templated":true}]}}