{"id":768809,"date":"2025-08-28T13:32:54","date_gmt":"2025-08-28T10:32:54","guid":{"rendered":"https:\/\/roveyayinevi.com.tr\/index.php\/urun\/dark-souls-sayi-4-ates-cagi\/"},"modified":"2026-04-15T03:34:52","modified_gmt":"2026-04-15T00:34:52","slug":"dark-souls-sayi-4-ates-cagi","status":"publish","type":"product","link":"https:\/\/roveyayinevi.com.tr\/index.php\/urun\/dark-souls-sayi-4-ates-cagi\/","title":{"rendered":"Dark Souls  Say\u0131: 4 &#8211; Ate\u015f \u00c7a\u011f\u0131"},"content":{"rendered":"<p>TITAN COMICS, CINDER LORDU VE \u015e\u00d6VALYE ARTORIAS GWYN EFSANELER\u0130N\u0130N DRAMAT\u0130K B\u0130R YEN\u0130DEN ANLATIMIYLA DARK SOULS H\u0130K\u00c2YES\u0130N\u0130N EN BA\u015eINA D\u00d6N\u00dcYOR!   KAD\u0130M LORDLARIN TANRISAL G\u00dc\u00c7LERE SAH\u0130P OLDU\u011eU VE SONSUZ EJDERHALARIN G\u00d6KY\u00dcZ\u00dcNDE S\u00dcZ\u00dcLD\u00dc\u011e\u00dc B\u0130R D\u00dcNYADA \u00d6L\u00dcML\u00dc \u0130NSANLARA YER VAR MI? LORD GWYN\u2019\u0130N ORDUSUNDA G\u00dc\u00c7L\u00dc B\u0130R SAVA\u015e\u00c7I OLAN G\u00dcM\u00dc\u015e \u015e\u00d6VALYE ARKON\u2019UN KURTULU\u015e VE HAYATTA KALMA ARAYI\u015eINA KATILIN VE \u00d6L\u00dcMS\u00dcZ LANET\u0130N LORDRAN TOPRAKLARINI KASIP KAVURMASINDAN \u00d6NCEK\u0130 \u00c7A\u011eLARA YOLCULUK ED\u0130N. <\/p>\n","protected":false},"excerpt":{"rendered":"<p>TITAN COMICS, CINDER LORDU VE \u015e\u00d6VALYE ARTORIAS GWYN EFSANELER\u0130N\u0130N DRAMAT\u0130K B\u0130R YEN\u0130DEN ANLATIMIYLA DARK SOULS H\u0130K\u00c2YES\u0130N\u0130N EN BA\u015eINA D\u00d6N\u00dcYOR! KAD\u0130M LORDLARIN TANRISAL G\u00dc\u00c7LERE SAH\u0130P OLDU\u011eU VE<span class=\"excerpt-hellip\"> [\u2026]<\/span><\/p>\n","protected":false},"featured_media":0,"template":"","meta":{"_monsterinsights_skip_tracking":false,"_monsterinsights_sitenote_active":false,"_monsterinsights_sitenote_note":"","_monsterinsights_sitenote_category":0},"product_brand":[],"product_cat":[12416,12291],"product_tag":[],"class_list":{"0":"post-768809","1":"product","2":"type-product","3":"status-publish","5":"product_cat-cizgi-roman","6":"product_cat-edebiyat","7":"pa_cilt-ciltsiz","8":"pa_tur-kitap","9":"pa_yayinevi-eksik-parca-yayinlari","10":"pa_yazar-ryan-osullivan","12":"first","13":"instock","14":"sale","15":"shipping-taxable","16":"purchasable","17":"product-type-simple"},"_links":{"self":[{"href":"https:\/\/roveyayinevi.com.tr\/index.php\/wp-json\/wp\/v2\/product\/768809","targetHints":{"allow":["GET"]}}],"collection":[{"href":"https:\/\/roveyayinevi.com.tr\/index.php\/wp-json\/wp\/v2\/product"}],"about":[{"href":"https:\/\/roveyayinevi.com.tr\/index.php\/wp-json\/wp\/v2\/types\/product"}],"wp:attachment":[{"href":"https:\/\/roveyayinevi.com.tr\/index.php\/wp-json\/wp\/v2\/media?parent=768809"}],"wp:term":[{"taxonomy":"product_brand","embeddable":true,"href":"https:\/\/roveyayinevi.com.tr\/index.php\/wp-json\/wp\/v2\/product_brand?post=768809"},{"taxonomy":"product_cat","embeddable":true,"href":"https:\/\/roveyayinevi.com.tr\/index.php\/wp-json\/wp\/v2\/product_cat?post=768809"},{"taxonomy":"product_tag","embeddable":true,"href":"https:\/\/roveyayinevi.com.tr\/index.php\/wp-json\/wp\/v2\/product_tag?post=768809"}],"curies":[{"name":"wp","href":"https:\/\/api.w.org\/{rel}","templated":true}]}}