{"id":768807,"date":"2025-08-28T13:32:51","date_gmt":"2025-08-28T10:32:51","guid":{"rendered":"https:\/\/roveyayinevi.com.tr\/index.php\/urun\/evrendeki-yasami-anlamak\/"},"modified":"2026-04-15T03:34:52","modified_gmt":"2026-04-15T00:34:52","slug":"evrendeki-yasami-anlamak","status":"publish","type":"product","link":"https:\/\/roveyayinevi.com.tr\/index.php\/urun\/evrendeki-yasami-anlamak\/","title":{"rendered":"Evrendeki Ya\u015fam\u0131 Anlamak"},"content":{"rendered":"<p>\u201c\u0130nsanlar binlerce y\u0131ld\u0131r g\u00f6z\u00fcn\u00fc dikmi\u015f merakla gece g\u00f6\u011f\u00fcne bak\u0131yor\u201d diye ba\u015fl\u0131yor Wallace Arthur s\u00f6zlerine. Kozmosa duydu\u011fumuz merak t\u00fcm \u00e7a\u011flar\u0131n, k\u00fclt\u00fcrlerin ve ku\u015faklar\u0131n \u00f6tesine ge\u00e7iyor. \u201cEvrende yaln\u0131z m\u0131y\u0131z?\u201d sorusu bir \u00e7ocukla bir yeti\u015fkinin, modern insanla Antik Yunan vatanda\u015f\u0131n\u0131n zihninde ayn\u0131 a\u00e7l\u0131kla d\u00f6n\u00fcp duruyor. Ancak eskimeyen sorular\u0131n ortas\u0131nda, \u015fimdi bizler, yepyeni bir d\u00f6nemecin e\u015fi\u011findeyiz: \u201cD\u00fcnya d\u0131\u015f\u0131 ya\u015fama dair kan\u0131tlar bulan neslin bizimki olabilece\u011fi ger\u00e7ek\u00e7i bir tahmin. Cambridge University Press\u2019in \u201cUnderstanding Life\u201d dizisi kapsam\u0131nda yay\u0131nlanan Evrendeki Ya\u015fam\u0131 Anlamak okuru i\u015fte bu devrime haz\u0131rlamay\u0131 hedefliyor. Samanyolu\u2019nun 400 milyar y\u0131ld\u0131z\u0131 i\u00e7inde G\u00fcne\u015f, 1 trilyon gezegeni i\u00e7inde D\u00fcnya ya\u015fam\u0131n biricik be\u015fi\u011fi de\u011filse ve teleskoplar\u0131m\u0131z, g\u00f6zlemlenebilir evrenin en fazla \u00fc\u00e7te ikisi kadar uza\u011fa bakabiliyorsa, g\u00f6zlerimizi nereye \u00e7evirmeliyiz? Uzay\u0131n karanl\u0131\u011f\u0131nda y\u0131ld\u0131zlar\u0131n \u0131\u015f\u0131\u011f\u0131ndan teleskoplar\u0131m\u0131za yans\u0131yan ge\u00e7mi\u015fe bakarken kendi canl\u0131l\u0131\u011f\u0131m\u0131z\u0131n ge\u00e7mi\u015findeki, belki de gelece\u011findeki, hangi a\u015famayla kar\u015f\u0131la\u015fmay\u0131 beklemeliyiz? Wallace Arthur\u2019un berrak dilinde anla\u015f\u0131l\u0131rl\u0131\u011fa kavu\u015fan \u00f6l\u00e7ekler, mesafeler ve tan\u0131mlar, D\u00fcnya d\u0131\u015f\u0131n\u0131 hayal g\u00fcc\u00fcm\u00fcz\u00fcn ayd\u0131nlatt\u0131\u011f\u0131 bir spek\u00fclasyon alemi olmaktan \u00e7\u0131kar\u0131p ya\u015fam dolu bir ger\u00e7ekli\u011fe d\u00f6n\u00fc\u015ft\u00fcr\u00fcyor. Geriye yaln\u0131zca sab\u0131rla ve a\u00e7\u0131k fikirlilikle biraz daha beklemek kal\u0131yor. Wallace Arthur, Galway \u00dcniversitesi Zooloji B\u00f6l\u00fcm\u00fcnde emeritus profes\u00f6rd\u00fcr.<\/p>\n","protected":false},"excerpt":{"rendered":"<p>\u201c\u0130nsanlar binlerce y\u0131ld\u0131r g\u00f6z\u00fcn\u00fc dikmi\u015f merakla gece g\u00f6\u011f\u00fcne bak\u0131yor\u201d diye ba\u015fl\u0131yor Wallace Arthur s\u00f6zlerine. Kozmosa duydu\u011fumuz merak t\u00fcm \u00e7a\u011flar\u0131n, k\u00fclt\u00fcrlerin ve ku\u015faklar\u0131n \u00f6tesine ge\u00e7iyor. \u201cEvrende yaln\u0131z<span class=\"excerpt-hellip\"> [\u2026]<\/span><\/p>\n","protected":false},"featured_media":0,"template":"","meta":{"_monsterinsights_skip_tracking":false,"_monsterinsights_sitenote_active":false,"_monsterinsights_sitenote_note":"","_monsterinsights_sitenote_category":0},"product_brand":[],"product_cat":[13005],"product_tag":[],"class_list":{"0":"post-768807","1":"product","2":"type-product","3":"status-publish","5":"product_cat-bilim-muhendislik","6":"pa_cilt-ciltsiz","7":"pa_tur-kitap","8":"pa_yayinevi-koc-universitesi-yayinlari","9":"pa_yazar-wallace-arthur","11":"first","12":"instock","13":"sale","14":"shipping-taxable","15":"purchasable","16":"product-type-simple"},"_links":{"self":[{"href":"https:\/\/roveyayinevi.com.tr\/index.php\/wp-json\/wp\/v2\/product\/768807","targetHints":{"allow":["GET"]}}],"collection":[{"href":"https:\/\/roveyayinevi.com.tr\/index.php\/wp-json\/wp\/v2\/product"}],"about":[{"href":"https:\/\/roveyayinevi.com.tr\/index.php\/wp-json\/wp\/v2\/types\/product"}],"wp:attachment":[{"href":"https:\/\/roveyayinevi.com.tr\/index.php\/wp-json\/wp\/v2\/media?parent=768807"}],"wp:term":[{"taxonomy":"product_brand","embeddable":true,"href":"https:\/\/roveyayinevi.com.tr\/index.php\/wp-json\/wp\/v2\/product_brand?post=768807"},{"taxonomy":"product_cat","embeddable":true,"href":"https:\/\/roveyayinevi.com.tr\/index.php\/wp-json\/wp\/v2\/product_cat?post=768807"},{"taxonomy":"product_tag","embeddable":true,"href":"https:\/\/roveyayinevi.com.tr\/index.php\/wp-json\/wp\/v2\/product_tag?post=768807"}],"curies":[{"name":"wp","href":"https:\/\/api.w.org\/{rel}","templated":true}]}}