{"id":768806,"date":"2025-08-28T13:32:50","date_gmt":"2025-08-28T10:32:50","guid":{"rendered":"https:\/\/roveyayinevi.com.tr\/index.php\/urun\/sessiz-konusmadan-duramayan-bir-dunyada-ice-donuklerin-gucu\/"},"modified":"2026-04-15T03:34:51","modified_gmt":"2026-04-15T00:34:51","slug":"sessiz-konusmadan-duramayan-bir-dunyada-ice-donuklerin-gucu","status":"publish","type":"product","link":"https:\/\/roveyayinevi.com.tr\/index.php\/urun\/sessiz-konusmadan-duramayan-bir-dunyada-ice-donuklerin-gucu\/","title":{"rendered":"Sessiz: Konu\u015fmadan Duramayan Bir D\u00fcnyada \u0130\u00e7e D\u00f6n\u00fcklerin G\u00fcc\u00fc"},"content":{"rendered":"<p>Teke tek sohbetleri grup etkinliklerine tercih ederim.Yaln\u0131zl\u0131ktan keyif al\u0131r\u0131m.\u0130nsanlar iyi bir dinleyici oldu\u011fumu s\u00f6yler.\u00c7at\u0131\u015fmadan ho\u015flanmam.Konu\u015fmadan \u00f6nce d\u00fc\u015f\u00fcn\u00fcr\u00fcm.D\u0131\u015far\u0131 \u00e7\u0131kt\u0131\u011f\u0131mda ho\u015f\u00e7a vakit ge\u00e7irmi\u015f olsam bile kendimi bitkin hissederim.E\u011fer hepsine tik att\u0131ysan\u0131z siz de bir i\u00e7e d\u00f6n\u00fcks\u00fcn\u00fcz.Hayatlar\u0131m\u0131z adland\u0131ramad\u0131\u011f\u0131m\u0131z ve hatta anlamland\u0131ramad\u0131\u011f\u0131m\u0131z bir g\u00fc\u00e7 taraf\u0131ndan y\u00f6nlendiriliyor. Arkada\u015f ve sevgili se\u00e7imimizde, meslek se\u00e7imimizde bu g\u00fc\u00e7 rol oynuyor, utand\u0131\u011f\u0131m\u0131zda k\u0131zar\u0131p k\u0131zarmayaca\u011f\u0131m\u0131z\u0131n karar\u0131n\u0131 bile o veriyor.\u0130\u015fte bu g\u00fc\u00e7, d\u0131\u015fa d\u00f6n\u00fck olma ya da i\u00e7e d\u00f6n\u00fck olma g\u00fcc\u00fcd\u00fcr.Ki\u015fili\u011fin en \u00f6nemli boyutu i\u00e7e d\u00f6n\u00fck\/d\u0131\u015fa d\u00f6n\u00fck olma ayr\u0131m\u0131d\u0131r. \u0130nsanlar\u0131n en az\u0131ndan \u00fc\u00e7te biri i\u00e7e d\u00f6n\u00fck tarafta yer al\u0131r. D\u00fcnyan\u0131n en yetenekli insanlar\u0131ndan baz\u0131lar\u0131 da i\u00e7e d\u00f6n\u00fck. Onlar olmasayd\u0131 Apple olmayabilirdi, g\u00f6relilik kuram\u0131 ve Van Gogh&#8217;un ay\u00e7i\u00e7ekleri de \u00f6yle. Ancak d\u0131\u015fa d\u00f6n\u00fckler kurulu d\u00fczen \u00fczerinde bir \u015fekilde hakimiyet kurmu\u015f durumda. \u00c7ekingenlik, duyarl\u0131l\u0131k, ciddiyet s\u0131kl\u0131kla olumsuz \u00f6zellikler olarak g\u00f6r\u00fcl\u00fcyor. Dolay\u0131s\u0131yla i\u00e7e d\u00f6n\u00fckler de sahip olduklar\u0131 \u00f6zellikler nedeniyle kendilerini k\u00f6t\u00fc hissediyorlar.Sessiz&#8217;de, Susan Cain i\u00e7e d\u00f6n\u00fckler ile d\u0131\u015fa d\u00f6n\u00fcklerin beyin kimyas\u0131n\u0131n nas\u0131l farkl\u0131 oldu\u011funu ve toplumun i\u00e7e d\u00f6n\u00fckleri ne kadar yanl\u0131\u015f de\u011ferlendirdi\u011fini g\u00f6zler \u00f6n\u00fcne seriyor. \u0130\u00e7e d\u00f6n\u00fcklere kendilerini daha iyi anlamalar\u0131 ve sahip olduklar\u0131 g\u00fc\u00e7ten sonuna kadar faydalanmalar\u0131 i\u00e7in y\u00f6ntemler sunuyor.Ger\u00e7ek hayattan hikayelerle dolu ve derinlemesine ara\u015ft\u0131rmayla g\u00fc\u00e7lendirilmi\u015f Sessiz, i\u00e7e d\u00f6n\u00fcklere bak\u0131\u015f a\u00e7\u0131n\u0131z\u0131, en \u00f6nemlisi de kendinize bak\u0131\u015f a\u00e7\u0131n\u0131z\u0131 de\u011fi\u015ftirecek.&#8221;Hayat\u0131nda hep, &#8216;Y\u00fcksek sesle konu\u015f!&#8217; c\u00fcmlesine maruz kalanlar\u0131 cesaretlendirecek \u00f6nemli bir kitap.&#8221;People&#8221;Cain, i\u00e7e d\u00f6n\u00fcklerin aileleri ve \u00f6\u011fretmenleri i\u00e7in de\u011ferli tavsiyelerde bulunuyor. \u0130nsanlar\u0131n nas\u0131l d\u00fc\u015f\u00fcnd\u00fc\u011f\u00fcn\u00fc, nas\u0131l \u00e7al\u0131\u015ft\u0131\u011f\u0131n\u0131, nas\u0131l anla\u015ft\u0131klar\u0131n\u0131 \u00f6nemseyen ve yan masadaki adam\u0131n neden o \u015fekilde davrand\u0131\u011f\u0131n\u0131 merak eden herkes bu kitab\u0131 okumal\u0131. Biraz \u00f6zg\u00fcvene ihtiya\u00e7 duyan i\u00e7e d\u00f6n\u00fcklere (ve ailelerine) de tavsiye edilir.&#8221;Fortune&#8221;\u0130nsanlar\u0131 ayd\u0131nlatan, zengin i\u00e7erikli bir kitap.&#8221;Wall Street Journal&#8221;Cain, i\u00e7e d\u00f6n\u00fck ki\u015filerden muhte\u015fem \u00f6rnekler veriyor ve genel kan\u0131y\u0131 parampar\u00e7a ediyor. Hayat\u0131n i\u00e7inden ya da \u00fcnl\u00fc \u00fcniversitelerin i\u015fletme okullar\u0131 gibi d\u0131\u015fa d\u00f6n\u00fcklerin h\u00fck\u00fcm s\u00fcrd\u00fc\u011f\u00fc yerlerdeki i\u00e7e d\u00f6n\u00fck insan profillerinden ve konuyla ilgili yap\u0131lan son \u00e7al\u0131\u015fmalardan \u00f6rnekler vererek okurun ilgisini her sayfada canl\u0131 tutuyor. Bu \u00f6nemli konuda yapt\u0131\u011f\u0131 incelikli ara\u015ft\u0131rma ve s\u0131k\u0131 \u00e7al\u0131\u015fma kendisini fazlas\u0131yla belli ediyor.&#8221;Publishers Weekly&#8221;Hem i\u00e7e d\u00f6n\u00fckleri hem de d\u0131\u015fa d\u00f6n\u00fckleri en iyi \u015fekilde nas\u0131l kendileri olabilecekleri ve farkl\u0131 ki\u015filik t\u00fcrleriyle nas\u0131l ileti\u015fime ge\u00e7ecekleri konusunda d\u00fc\u015f\u00fcnd\u00fcrecek harika bir kitap.&#8221;Library Journal&#8221;Hem i\u00e7e d\u00f6n\u00fcklerin hem de d\u0131\u015fa d\u00f6n\u00fcklerin faydalanabilece\u011fi, insan benli\u011fine dair hayat de\u011fi\u015ftiren bir \u00e7al\u0131\u015fma.&#8221;Kirkus Reviews&#8221;Bizi biz yapan \u015feyin ne oldu\u011funu g\u00f6rmemizi sa\u011flayacak \u015fa\u015f\u0131rt\u0131c\u0131 bir kitap.&#8221;Booklist&#8221;Sessiz yaln\u0131zca g\u00fcr \u00e7\u0131kan seslere kulak asmam\u0131z\u0131n tehlikelerini hat\u0131rlatan \u015fa\u015f\u0131rt\u0131c\u0131 ve d\u00fc\u015f\u00fcnd\u00fcr\u00fcc\u00fc bir kitap.&#8221;Psych Central&#8221;Bu g\u00fczel yaz\u0131lm\u0131\u015f ve s\u0131ra d\u0131\u015f\u0131 derecede nazik kitapta, Cain sakinlik arayanlara kendilerini kapatmak yerine i\u00e7lerindeki g\u00fcc\u00fc kullanmalar\u0131 i\u00e7in cesaret veriyor.&#8221;Whole Living&#8221;Cain bu devrim yaratan kitab\u0131nda bizi insanlar\u0131n katk\u0131lar\u0131n\u0131 de\u011ferlendirme \u015feklimizi yeniden g\u00f6zden ge\u00e7irmeye \u00e7a\u011f\u0131r\u0131yor.&#8221;Revel In It Mag&#8221;Sakin ve d\u00fc\u015f\u00fcnceli bir ya\u015fam tarz\u0131n\u0131 benimseyenler Susan Cain&#8217;in bu iyi ara\u015ft\u0131r\u0131lm\u0131\u015f ve \u00f6rneklendirilmi\u015f kitab\u0131n\u0131 okuduktan sonra omuzlar\u0131ndan bir y\u00fck kalkm\u0131\u015f gibi hissedecekler. Daha iyi kararlar verdikleri i\u00e7in de bir daha asla su\u00e7lu hissetmeyecekler!&#8221;Mihaly Csikszentmihalyi&#8221;Derinlemesine ara\u015ft\u0131r\u0131lm\u0131\u015f, g\u00f6zlem ve \u00f6rneklerle dolu bir kitap. N\u00fcfusun i\u00e7e d\u00f6n\u00fck di\u011fer yar\u0131s\u0131n\u0131n yeteneklerini anlamak isteyen herkes i\u00e7in ka\u00e7\u0131r\u0131lmamas\u0131 gereken bir kaynak.&#8221;Gretchen Rubin&#8221;Sessiz, i\u00e7e d\u00f6n\u00fcklerin de\u011feriyle ilgili eski fikirlerden ar\u0131nmam\u0131z\u0131 sa\u011fl\u0131yor. Cain&#8217;in zekas\u0131 ve ara\u015ft\u0131rmaya verdi\u011fi \u00f6nem, Sessiz&#8217;i Malcolm Gladwell ve Daniel Pink gibi psikolojinin ustalar\u0131n\u0131n eserlerinin s\u0131n\u0131f\u0131na y\u00fckseltiyor.&#8221;Teresa Amabile&#8221;Sessiz d\u00fcnyan\u0131n yar\u0131s\u0131n\u0131 temsil eden bir \u00f6zelli\u011fi me\u015fru k\u0131lmakla kalm\u0131yor, takdir de ediyor.&#8221;Guy Kawasaki&#8221;S\u0131k s\u0131k d\u0131\u015fa d\u00f6n\u00fck gibi davranmas\u0131 gereken bir i\u00e7e d\u00f6n\u00fck olarak bu kitaptaki bilgiyi ayd\u0131nlat\u0131c\u0131 ve faydal\u0131 buldum. N\u00f6robilimsel ara\u015ft\u0131rmalara ve pek \u00e7ok vakadan \u00f6rneklere dayand\u0131rd\u0131\u011f\u0131 kitab\u0131nda Susan Cain g\u00fcr\u00fclt\u00fcc\u00fc bir d\u00fcnyada sessiz olman\u0131n ve i\u00e7e d\u00f6n\u00fckl\u00fc\u011f\u00fcn avantajlar\u0131n\u0131 ve potansiyelini a\u00e7\u0131kl\u0131yor.&#8221;Andrew Weil&#8221;Susan Cain, i\u00e7e d\u00f6n\u00fckl\u00fck, d\u0131\u015fa d\u00f6n\u00fckl\u00fck ve duyarl\u0131l\u0131k \u00fczerine on y\u0131llard\u0131r y\u00fcr\u00fct\u00fclen \u00e7al\u0131\u015fmalar\u0131 kullanarak harika bir i\u015f ortaya koymu\u015f. Sessiz, son derece duyarl\u0131 ve ayn\u0131 zamanda bir i\u00e7e d\u00f6n\u00fck olan herkese bir l\u00fctuf gibi.&#8221;Elaine Aron&#8221;Susan Cain yeni ve de\u011ferli bir paradigman\u0131n kurucusu. Bu etkileyici ve orijinal kitapta, d\u0131\u015fa d\u00f6n\u00fckl\u00fc\u011fe verdi\u011fimiz fazla de\u011fer y\u00fcz\u00fcnden m\u00fcthi\u015f bir yetenek ve vizyon kayna\u011f\u0131ndan mahrum kald\u0131\u011f\u0131m\u0131z\u0131 a\u00e7\u0131kl\u0131yor. Sessiz ve sakin insanlar\u0131n kendilerini bamba\u015fka bir a\u00e7\u0131dan g\u00f6rmelerini sa\u011flayacak kolay okunan, \u00f6nemli bir kitap.&#8221;Naomi Wolf&#8221;S\u00fcper! D\u0131\u015fa d\u00f6n\u00fckl\u00fc\u011f\u00fcn ideal oldu\u011fu fikrinin ya\u015famlar\u0131m\u0131z\u0131 ne denli etkiledi\u011fini ve bunun neden rahats\u0131z edici oldu\u011funu g\u00f6zler \u00f6n\u00fcne seriyor. Detayl\u0131 ara\u015ft\u0131rmalara dayanan Sessiz, sakin, duyarl\u0131 ve nazik insanlara daha fazla g\u00fc\u00e7 atfetmemiz gerekti\u011fi konusunda yeni ve farkl\u0131 bir tart\u0131\u015fma yaratacak.&#8221;Brian R. Little, Cambridge \u00dcniversitesi Sosyal ve Geli\u015fimsel Psikoloji B\u00f6l\u00fcm\u00fc&#8221;Sessiz d\u0131\u015fa d\u00f6n\u00fck odakl\u0131 toplumumuzda i\u00e7e d\u00f6n\u00fckl\u00fc\u011fe bak\u0131\u015f a\u00e7\u0131m\u0131z\u0131 yeni bir seviyeye ta\u015f\u0131mam\u0131za yard\u0131mc\u0131 oluyor. Bence pek \u00e7ok i\u00e7e d\u00f6n\u00fck bilin\u00e7 d\u0131\u015f\u0131ndan da olsa \u00f6mr\u00fc boyunca bu kitab\u0131 bekledi\u011fini fark edecek.&#8221;Adam S. McHugh&#8221;Nazik, g\u00fc\u00e7l\u00fcd\u00fcr. Yaln\u0131zl\u0131k ise sosyal a\u00e7\u0131dan verimli. Bu \u00f6nemli fikirler, neden Sessiz&#8217;i al\u0131p sakin bir k\u00f6\u015feye \u00e7ekilmemiz ve i\u00e7indeki bilgileri, insan\u0131 d\u00fc\u015f\u00fcnmeye sevk eden mesaj\u0131 hazmetmemiz gerekti\u011fine dair nedenlerden yaln\u0131zca iki tanesi.&#8221;Rosabeth Moss Kanter&#8221;Gezegendeki t\u00fcm s\u0131rt s\u0131vazlama, toplant\u0131 yapma ve beyin f\u0131rt\u0131nas\u0131 sevenler dikkat: Bir dakikal\u0131\u011f\u0131na konu\u015fmay\u0131 b\u0131rak\u0131n ve bu kitab\u0131 okuyun. Sessiz&#8217;de Susan Cain, zorlu problemleri dikkatlice d\u00fc\u015f\u00fcnmek gerekti\u011fini bilen ve a\u011fz\u0131n\u0131 a\u00e7madan \u00f6nce ne diyece\u011fini bilmenin \u00f6neminin fark\u0131nda olan, d\u00fc\u015f\u00fcnen ve dinleyen taraf\u0131n, yani i\u00e7e d\u00f6n\u00fcklerin meziyetlerini ortaya koyuyor.&#8221;Barry Schwartz&#8221;Sessizli\u011fin ve sakinli\u011fin de\u011ferine ili\u015fkin, insanda \u00e7at\u0131lara \u00e7\u0131k\u0131p ba\u011f\u0131rma iste\u011fi uyand\u0131ran zekice yaz\u0131lm\u0131\u015f bir kitap. Sessiz d\u00fcnyay\u0131 de\u011fi\u015ftirmekle ilgili tweet atmak yerine, d\u00fcnyay\u0131 de\u011fi\u015ftirenlerden olanlar\u0131n kalplerine ve zihinlerine a\u00e7\u0131lan bir kap\u0131.&#8221;Daniel Gilbert, Harvard \u00dcniversitesi psikoloji profes\u00f6r\u00fc<\/p>\n","protected":false},"excerpt":{"rendered":"<p>Teke tek sohbetleri grup etkinliklerine tercih ederim.Yaln\u0131zl\u0131ktan keyif al\u0131r\u0131m.\u0130nsanlar iyi bir dinleyici oldu\u011fumu s\u00f6yler.\u00c7at\u0131\u015fmadan ho\u015flanmam.Konu\u015fmadan \u00f6nce d\u00fc\u015f\u00fcn\u00fcr\u00fcm.D\u0131\u015far\u0131 \u00e7\u0131kt\u0131\u011f\u0131mda ho\u015f\u00e7a vakit ge\u00e7irmi\u015f olsam bile kendimi bitkin hissederim.E\u011fer<span class=\"excerpt-hellip\"> [\u2026]<\/span><\/p>\n","protected":false},"featured_media":0,"template":"","meta":{"_monsterinsights_skip_tracking":false,"_monsterinsights_sitenote_active":false,"_monsterinsights_sitenote_note":"","_monsterinsights_sitenote_category":0},"product_brand":[],"product_cat":[12364,12376],"product_tag":[],"class_list":{"0":"post-768806","1":"product","2":"type-product","3":"status-publish","5":"product_cat-genel-konular","6":"product_cat-kisisel-gelisim","7":"pa_cilt-ciltsiz","8":"pa_tur-kitap","9":"pa_yayinevi-pegasus-yayinlari","10":"pa_yazar-susan-cain","12":"first","13":"instock","14":"sale","15":"shipping-taxable","16":"purchasable","17":"product-type-simple"},"_links":{"self":[{"href":"https:\/\/roveyayinevi.com.tr\/index.php\/wp-json\/wp\/v2\/product\/768806","targetHints":{"allow":["GET"]}}],"collection":[{"href":"https:\/\/roveyayinevi.com.tr\/index.php\/wp-json\/wp\/v2\/product"}],"about":[{"href":"https:\/\/roveyayinevi.com.tr\/index.php\/wp-json\/wp\/v2\/types\/product"}],"wp:attachment":[{"href":"https:\/\/roveyayinevi.com.tr\/index.php\/wp-json\/wp\/v2\/media?parent=768806"}],"wp:term":[{"taxonomy":"product_brand","embeddable":true,"href":"https:\/\/roveyayinevi.com.tr\/index.php\/wp-json\/wp\/v2\/product_brand?post=768806"},{"taxonomy":"product_cat","embeddable":true,"href":"https:\/\/roveyayinevi.com.tr\/index.php\/wp-json\/wp\/v2\/product_cat?post=768806"},{"taxonomy":"product_tag","embeddable":true,"href":"https:\/\/roveyayinevi.com.tr\/index.php\/wp-json\/wp\/v2\/product_tag?post=768806"}],"curies":[{"name":"wp","href":"https:\/\/api.w.org\/{rel}","templated":true}]}}