{"id":768805,"date":"2025-08-28T13:32:48","date_gmt":"2025-08-28T10:32:48","guid":{"rendered":"https:\/\/roveyayinevi.com.tr\/index.php\/urun\/sessiz-guc\/"},"modified":"2026-04-15T03:34:51","modified_gmt":"2026-04-15T00:34:51","slug":"sessiz-guc","status":"publish","type":"product","link":"https:\/\/roveyayinevi.com.tr\/index.php\/urun\/sessiz-guc\/","title":{"rendered":"Sessiz G\u00fc\u00e7"},"content":{"rendered":"<p>Neden derslere hi\u00e7 kat\u0131lm\u0131yorsun?Neden \u00e7ok sessizsin? Neden okuldan geldikten sonra hep odana kapan\u0131yorsun? \u00c7ok konu\u015fman\u0131n \u00e7ok bilmekle ili\u015fkilendirildi\u011fi bir d\u00fcnyada bunca soruya maruz kalan sessiz bir \u00e7ocuk ya da gen\u00e7 olmak ger\u00e7ekten zor. Fakat en yak\u0131n\u0131n\u0131zdakilerin bile sizi anlamamas\u0131 daha da k\u00f6t\u00fc. Sessiz gen\u00e7ler de en az di\u011ferleri kadar zeki ve cesurlar. Onlar yaln\u0131zca i\u00e7e d\u00f6n\u00fckler. Fakat bazen ne kendileri ne arkada\u015flar\u0131 ne de aileleri bunun fark\u0131nda oluyor. Kendisi de bir i\u00e7e d\u00f6n\u00fck olan Susan Cain, Sessiz G\u00fc\u00e7 ile gen\u00e7lere kendilerini daha iyi tan\u0131malar\u0131 i\u00e7in bir f\u0131rsat sunuyor. \u0130\u00e7e d\u00f6n\u00fck gen\u00e7lerle yapt\u0131\u011f\u0131 sohbetlerden \u00f6rneklere yer verdi\u011fi kitab\u0131nda gen\u00e7lerin, hem akranlar\u0131n\u0131n ger\u00e7ek ya\u015fam hik\u00e2yelerinden ilham almas\u0131n\u0131 hem de kendilerini yaln\u0131z hissetmemelerini sa\u011flamay\u0131 hedefliyor. \u0130\u00e7e d\u00f6n\u00fcklerin asl\u0131nda sahip olduklar\u0131 \u201csessiz g\u00fcc\u00fcn\u201d fark\u0131na vard\u0131klar\u0131nda potansiyellerinin \u00e7ok y\u00fcksek oldu\u011funu g\u00f6steriyor.Sessiz G\u00fc\u00e7; i\u00e7e d\u00f6n\u00fck bir gen\u00e7 olarak kendini tan\u0131mak, bir ebeveyn olarak i\u00e7e d\u00f6n\u00fck \u00e7ocu\u011funuzu anlamak, bir \u00f6\u011fretmen olarak i\u00e7e d\u00f6n\u00fck \u00f6\u011frencilerin ihtiya\u00e7lar\u0131n\u0131n fark\u0131na varmak, d\u0131\u015fa d\u00f6n\u00fck biri olarak i\u00e7e d\u00f6n\u00fck arkada\u015f\u0131n\u0131zla empati kurmak i\u00e7in en ideal kaynak. Sessiz mizac\u0131n\u0131z\u0131n g\u00fcc\u00fcn\u00fc ke\u015ffedin!\u201cMetne e\u011flenceli \u00e7izimlerin e\u015flik etti\u011fi Sessiz G\u00fc\u00e7, tam da hedef kitlesine hitap ediyor. \u0130\u00e7e d\u00f6n\u00fckl\u00fc\u011f\u00fcn, ki\u015fiye zay\u0131fl\u0131k de\u011fil, g\u00fc\u00e7 katt\u0131\u011f\u0131n\u0131n alt\u0131n\u0131 \u00e7izen kitapta pek \u00e7ok gen\u00e7 kendini bulacak. M\u00fckemmel.\u201dSchool Library Journal\u201c\u0130\u00e7ten i\u00e7e k\u00fckreyen \u00e7ocuklar ve gen\u00e7ler i\u00e7in.\u201dBooklist\u201cSessiz \u00e7ocuklar (ve ebeveynleri) i\u00e7in harika bir k\u0131lavuz. \u0130\u00e7e d\u00f6n\u00fckl\u00fc\u011fe dair bir kutlama.\u201d Guardian\u201cG\u00fcr\u00fclt\u00fcc\u00fc bir d\u00fcnyada sessizli\u011fin g\u00fc\u00e7l\u00fc bir savunusu.\u201dDeutschlandradio Kultur \u201cKe\u015fke 13 ya\u015f\u0131ndayken bu kitab\u0131 okusayd\u0131m. Gen\u00e7ler kadar ebeveynlerin de okumas\u0131 gerek.\u201dTim Lott\u201c\u0130ster i\u00e7e d\u00f6n\u00fck ister d\u0131\u015fa d\u00f6n\u00fck ister hem i\u00e7e hem d\u0131\u015fa d\u00f6n\u00fck olun bu kitap hepinize g\u00f6re. Sessiz G\u00fc\u00e7 diyor ki i\u00e7e d\u00f6n\u00fck bir \u00e7ocu\u011funuz varsa merak etmeyin, onlar hallerinden memnunlar, onlar\u0131 olduklar\u0131 gibi kabul edin.\u201dSimon Mayo\u201cSessiz G\u00fc\u00e7\u2019\u00fc okumak g\u00f6zlerimi a\u00e7mam\u0131 sa\u011flad\u0131, kendi do\u011fam\u0131 bana yeniden hat\u0131rlatt\u0131. Uyar\u0131 i\u015faretlerine sayg\u0131 duymak gerek. Baz\u0131lar\u0131m\u0131z sadece biraz daha zamana ihtiya\u00e7 duyuyor. Sessizce.\u201dRed\u201c\u0130\u00e7lerinde volkan patlamayan \u00e7ocuklar ve gen\u00e7ler Sessiz G\u00fc\u00e7\u2019te onlar i\u00e7in sava\u015fan biriyle tan\u0131\u015fmaktan mutluluk duyacak. Cain&#8217;in anlat\u0131m\u0131 nazik ve anlay\u0131\u015fl\u0131. Anekdotlar ve sosyal bilimden faydalanarak ve verdi\u011fi pratik tavsiyelerle yaygarac\u0131 olmay\u0131 \u00f6d\u00fcllendiren bir toplumda i\u00e7e d\u00f6n\u00fcklerin ne denli g\u00fc\u00e7l\u00fc olabilece\u011fini g\u00f6steriyor.\u201dWall Street JournalSessiz olmak, bir s\u00fcper g\u00fc\u00e7t\u00fcr!Pek \u00e7ok i\u00e7e d\u00f6n\u00fck, i\u00e7e d\u00f6n\u00fck olmas\u0131na RA\u011eMEN de\u011fil, i\u00e7e d\u00f6n\u00fck oldu\u011fu \u0130\u00c7\u0130N hayat\u0131nda inan\u0131lmaz \u015feyler ba\u015farm\u0131\u015ft\u0131r.Kendinizi oldu\u011funuz gibi kabul edin. D\u00fcnyan\u0131n size ihtiyac\u0131 oldu\u011funu ve kendinizi ifade etmenin de pek \u00e7ok yolu oldu\u011funu unutmay\u0131n.<\/p>\n","protected":false},"excerpt":{"rendered":"<p>Neden derslere hi\u00e7 kat\u0131lm\u0131yorsun?Neden \u00e7ok sessizsin? Neden okuldan geldikten sonra hep odana kapan\u0131yorsun? \u00c7ok konu\u015fman\u0131n \u00e7ok bilmekle ili\u015fkilendirildi\u011fi bir d\u00fcnyada bunca soruya maruz kalan sessiz bir<span class=\"excerpt-hellip\"> [\u2026]<\/span><\/p>\n","protected":false},"featured_media":0,"template":"","meta":{"_monsterinsights_skip_tracking":false,"_monsterinsights_sitenote_active":false,"_monsterinsights_sitenote_note":"","_monsterinsights_sitenote_category":0},"product_brand":[],"product_cat":[12364,12376],"product_tag":[],"class_list":{"0":"post-768805","1":"product","2":"type-product","3":"status-publish","5":"product_cat-genel-konular","6":"product_cat-kisisel-gelisim","7":"pa_cilt-ciltsiz","8":"pa_tur-kitap","9":"pa_yayinevi-pegasus-yayinlari","10":"pa_yazar-kolektif","12":"first","13":"instock","14":"sale","15":"shipping-taxable","16":"purchasable","17":"product-type-simple"},"_links":{"self":[{"href":"https:\/\/roveyayinevi.com.tr\/index.php\/wp-json\/wp\/v2\/product\/768805","targetHints":{"allow":["GET"]}}],"collection":[{"href":"https:\/\/roveyayinevi.com.tr\/index.php\/wp-json\/wp\/v2\/product"}],"about":[{"href":"https:\/\/roveyayinevi.com.tr\/index.php\/wp-json\/wp\/v2\/types\/product"}],"wp:attachment":[{"href":"https:\/\/roveyayinevi.com.tr\/index.php\/wp-json\/wp\/v2\/media?parent=768805"}],"wp:term":[{"taxonomy":"product_brand","embeddable":true,"href":"https:\/\/roveyayinevi.com.tr\/index.php\/wp-json\/wp\/v2\/product_brand?post=768805"},{"taxonomy":"product_cat","embeddable":true,"href":"https:\/\/roveyayinevi.com.tr\/index.php\/wp-json\/wp\/v2\/product_cat?post=768805"},{"taxonomy":"product_tag","embeddable":true,"href":"https:\/\/roveyayinevi.com.tr\/index.php\/wp-json\/wp\/v2\/product_tag?post=768805"}],"curies":[{"name":"wp","href":"https:\/\/api.w.org\/{rel}","templated":true}]}}