{"id":768803,"date":"2025-08-28T13:32:45","date_gmt":"2025-08-28T10:32:45","guid":{"rendered":"https:\/\/roveyayinevi.com.tr\/index.php\/urun\/dikkat-koca-dev-sen-de-oku\/"},"modified":"2026-04-15T03:34:51","modified_gmt":"2026-04-15T00:34:51","slug":"dikkat-koca-dev-sen-de-oku","status":"publish","type":"product","link":"https:\/\/roveyayinevi.com.tr\/index.php\/urun\/dikkat-koca-dev-sen-de-oku\/","title":{"rendered":"Dikkat! Koca Dev &#8211; Sen de Oku"},"content":{"rendered":"<p>Minik k\u00f6pe\u011fin dev maceras\u0131!Kendine has mizah\u0131yla \u00f6ne \u00e7\u0131kan Nuri Kurucu&#8217;nun &#8221;SEN de OKU&#8221; i\u00e7in yazd\u0131\u011f\u0131 Dikkat! Koca Dev, g\u00fc\u00e7l\u00fclerin g\u00fc\u00e7s\u00fczleri ezdi\u011fi d\u00fcnyaya bir de hayvanlar\u0131n g\u00f6z\u00fcnden bakmam\u0131z\u0131 sa\u011fl\u0131yor. Enes&#8217;in tek e\u011flencesi mahallelerindeki minik k\u00f6pe\u011fi k\u0131zd\u0131rmakt\u0131r. Can s\u0131k\u0131nt\u0131s\u0131ndan, s\u0131rf komiklik olsun diye yapt\u0131\u011f\u0131 \u015fakalar ba\u015flarda &#8221;masumane&#8221; gibi g\u00f6r\u00fcnse de zamanla haylazl\u0131\u011fa d\u00f6n\u00fc\u015f\u00fcr. Enes, bir yap\u0131p bin g\u00fclerken savunmas\u0131z K\u00f6pek ya\u015fad\u0131klar\u0131n\u0131 \u00fcmitsizce kabullenmeye \u00e7al\u0131\u015f\u0131r. Ta ki birbirleriyle yer de\u011fi\u015ftirecekleri o kaza an\u0131na de\u011fin&#8230; Nas\u0131l yani, bundan b\u00f6yle K\u00f6pek s\u0131cak evinde meyve suyunu yudumlarken Enes kul\u00fcbeye mi t\u0131k\u0131l\u0131p kalacakt\u0131r? Tuba Burdurlu&#8217;nun matrak resimleri e\u015fli\u011finde imk\u00e2ns\u0131z bir dostlu\u011fu m\u00fcmk\u00fcn k\u0131lan Dikkat! Koca Dev, kar\u015f\u0131m\u0131zdakiyle empati kurabilmenin yolunun \u00f6ncelikle kendimizi iyi tan\u0131maktan ge\u00e7ti\u011fini hat\u0131rlat\u0131yor. Bu kitab\u0131 okuyanlar\u0131 neler bekliyor?* Etik olmayan davran\u0131\u015flardan ka\u00e7\u0131nmak ve daha iyi bir insan olmak \u00fczerine d\u00fc\u015f\u00fcnd\u00fcr\u00fcyor.  * Hayvan haklar\u0131 hakk\u0131nda fark\u0131ndal\u0131k kazand\u0131r\u0131yor.   <\/p>\n","protected":false},"excerpt":{"rendered":"<p>Minik k\u00f6pe\u011fin dev maceras\u0131!Kendine has mizah\u0131yla \u00f6ne \u00e7\u0131kan Nuri Kurucu&#8217;nun &#8221;SEN de OKU&#8221; i\u00e7in yazd\u0131\u011f\u0131 Dikkat! Koca Dev, g\u00fc\u00e7l\u00fclerin g\u00fc\u00e7s\u00fczleri ezdi\u011fi d\u00fcnyaya bir de hayvanlar\u0131n g\u00f6z\u00fcnden<span class=\"excerpt-hellip\"> [\u2026]<\/span><\/p>\n","protected":false},"featured_media":0,"template":"","meta":{"_monsterinsights_skip_tracking":false,"_monsterinsights_sitenote_active":false,"_monsterinsights_sitenote_note":"","_monsterinsights_sitenote_category":0},"product_brand":[],"product_cat":[12274,12284],"product_tag":[],"class_list":{"0":"post-768803","1":"product","2":"type-product","3":"status-publish","5":"product_cat-cocuk-ve-genclik-kitaplari","6":"product_cat-hikayeler","7":"pa_cilt-ciltsiz","8":"pa_tur-kitap","9":"pa_yayinevi-tudem-yayinlari","10":"pa_yazar-nuri-kurucu","12":"first","13":"instock","14":"sale","15":"shipping-taxable","16":"purchasable","17":"product-type-simple"},"_links":{"self":[{"href":"https:\/\/roveyayinevi.com.tr\/index.php\/wp-json\/wp\/v2\/product\/768803","targetHints":{"allow":["GET"]}}],"collection":[{"href":"https:\/\/roveyayinevi.com.tr\/index.php\/wp-json\/wp\/v2\/product"}],"about":[{"href":"https:\/\/roveyayinevi.com.tr\/index.php\/wp-json\/wp\/v2\/types\/product"}],"wp:attachment":[{"href":"https:\/\/roveyayinevi.com.tr\/index.php\/wp-json\/wp\/v2\/media?parent=768803"}],"wp:term":[{"taxonomy":"product_brand","embeddable":true,"href":"https:\/\/roveyayinevi.com.tr\/index.php\/wp-json\/wp\/v2\/product_brand?post=768803"},{"taxonomy":"product_cat","embeddable":true,"href":"https:\/\/roveyayinevi.com.tr\/index.php\/wp-json\/wp\/v2\/product_cat?post=768803"},{"taxonomy":"product_tag","embeddable":true,"href":"https:\/\/roveyayinevi.com.tr\/index.php\/wp-json\/wp\/v2\/product_tag?post=768803"}],"curies":[{"name":"wp","href":"https:\/\/api.w.org\/{rel}","templated":true}]}}