{"id":768802,"date":"2025-08-28T13:32:42","date_gmt":"2025-08-28T10:32:42","guid":{"rendered":"https:\/\/roveyayinevi.com.tr\/index.php\/urun\/black-lagoon-2\/"},"modified":"2026-04-15T03:34:51","modified_gmt":"2026-04-15T00:34:51","slug":"black-lagoon-2","status":"publish","type":"product","link":"https:\/\/roveyayinevi.com.tr\/index.php\/urun\/black-lagoon-2\/","title":{"rendered":"Black Lagoon 2"},"content":{"rendered":"<p>Asya Denizlerinin En Delifi\u015fek Tayfas\u0131   Black Lagoon\u2019un en yeni \u00fcyesi Rock, korsanl\u0131\u011f\u0131n her zaman g\u00fcll\u00fck g\u00fclistanl\u0131k olmad\u0131\u011f\u0131n\u0131 \u00f6\u011frenmeye ba\u015flar. Tayfa, eski bir Alman denizalt\u0131nda ka\u00e7ak\u00e7\u0131l\u0131k yaparken kar\u015f\u0131lar\u0131na \u00e7\u0131kan Neo-Naziler\u2019le \u00e7at\u0131\u015fmaya girer. B\u00f6ylelikle Revy\u2019nin ani \u00f6fke patlamalar\u0131ndan daha b\u00fcy\u00fck sorunlar\u0131 oldu\u011fu ortaya \u00e7\u0131kar&#8230; Bu s\u0131rada Roanpur, \u015fehre musallat olan ve sava\u015f\u0131n k\u0131v\u0131lc\u0131mlar\u0131n\u0131 \u00e7akan seri katiller ile \u00e7alkalanmaktad\u0131r. Rock\u2019\u0131n, dostlar\u0131na her zamankinden \u00e7ok ihtiyac\u0131 olacakt\u0131r! Gelmi\u015f ge\u00e7mi\u015f en delifi\u015fek kurye ekibiyle denize a\u00e7\u0131lmaya haz\u0131r olun! Patron Dutch, D\u00f6rt G\u00f6z Benny, \u00c7ift El Revy ve Japon Beyaz Yaka Rock ile g\u00fcverteye ho\u015f geldiniz! \u0130kinci D\u00fcnya Sava\u015f\u0131\u2019ndan kalma torpido gemisi Black Lagoon\u2019da binbir t\u00fcrl\u00fc macera, bu tayfay\u0131 bekliyor. Rus mafyas\u0131, \u00c7in mafyas\u0131 ve Kolombiyal\u0131 uyu\u015fturucu ka\u00e7ak\u00e7\u0131lar\u0131na bula\u015f\u0131p yasad\u0131\u015f\u0131 mallar\u0131n tesliminde de ba\u015flar\u0131 beladan kurtulmayan bu g\u00f6z\u00fc kara kuryelerin bir g\u00fcn\u00fc olays\u0131z ge\u00e7miyor&#8230; <\/p>\n","protected":false},"excerpt":{"rendered":"<p>Asya Denizlerinin En Delifi\u015fek Tayfas\u0131 Black Lagoon\u2019un en yeni \u00fcyesi Rock, korsanl\u0131\u011f\u0131n her zaman g\u00fcll\u00fck g\u00fclistanl\u0131k olmad\u0131\u011f\u0131n\u0131 \u00f6\u011frenmeye ba\u015flar. Tayfa, eski bir Alman denizalt\u0131nda ka\u00e7ak\u00e7\u0131l\u0131k yaparken<span class=\"excerpt-hellip\"> [\u2026]<\/span><\/p>\n","protected":false},"featured_media":0,"template":"","meta":{"_monsterinsights_skip_tracking":false,"_monsterinsights_sitenote_active":false,"_monsterinsights_sitenote_note":"","_monsterinsights_sitenote_category":0},"product_brand":[],"product_cat":[12416,12291],"product_tag":[],"class_list":{"0":"post-768802","1":"product","2":"type-product","3":"status-publish","5":"product_cat-cizgi-roman","6":"product_cat-edebiyat","7":"pa_cilt-ciltsiz","8":"pa_tur-kitap","9":"pa_yayinevi-athica-yayinlari","10":"pa_yazar-rei-hiroe","12":"first","13":"instock","14":"sale","15":"shipping-taxable","16":"purchasable","17":"product-type-simple"},"_links":{"self":[{"href":"https:\/\/roveyayinevi.com.tr\/index.php\/wp-json\/wp\/v2\/product\/768802","targetHints":{"allow":["GET"]}}],"collection":[{"href":"https:\/\/roveyayinevi.com.tr\/index.php\/wp-json\/wp\/v2\/product"}],"about":[{"href":"https:\/\/roveyayinevi.com.tr\/index.php\/wp-json\/wp\/v2\/types\/product"}],"wp:attachment":[{"href":"https:\/\/roveyayinevi.com.tr\/index.php\/wp-json\/wp\/v2\/media?parent=768802"}],"wp:term":[{"taxonomy":"product_brand","embeddable":true,"href":"https:\/\/roveyayinevi.com.tr\/index.php\/wp-json\/wp\/v2\/product_brand?post=768802"},{"taxonomy":"product_cat","embeddable":true,"href":"https:\/\/roveyayinevi.com.tr\/index.php\/wp-json\/wp\/v2\/product_cat?post=768802"},{"taxonomy":"product_tag","embeddable":true,"href":"https:\/\/roveyayinevi.com.tr\/index.php\/wp-json\/wp\/v2\/product_tag?post=768802"}],"curies":[{"name":"wp","href":"https:\/\/api.w.org\/{rel}","templated":true}]}}