{"id":768799,"date":"2025-08-28T13:32:37","date_gmt":"2025-08-28T10:32:37","guid":{"rendered":"https:\/\/roveyayinevi.com.tr\/index.php\/urun\/gizli-yaralar-2\/"},"modified":"2026-04-15T03:34:51","modified_gmt":"2026-04-15T00:34:51","slug":"gizli-yaralar-2","status":"publish","type":"product","link":"https:\/\/roveyayinevi.com.tr\/index.php\/urun\/gizli-yaralar-2\/","title":{"rendered":"Gizli Yaralar"},"content":{"rendered":"<p>\u201cEN G\u00dc\u00c7L\u00dcLER, EN \u00c7OK YARALANANLARDIR.\u201d   Neden hep ayn\u0131 insanlar\u0131 cellad\u0131m olarak se\u00e7iyorum? Neden hep ayn\u0131 tuzaklara d\u00fc\u015f\u00fcyorum? Kendimi neden yetersiz hissediyorum? \u0130li\u015fkilerimde neden hep ayn\u0131 yerden yaralan\u0131yorum? Ba\u015far\u0131lar\u0131m\u0131n alt\u0131nda bile neden bir eksiklik duygusu ta\u015f\u0131yorum?   B\u00fct\u00fcn i\u00e7sel \u00e7eli\u015fkilerin temelinde hayat\u0131 zorla\u015ft\u0131ran d\u00f6ng\u00fcler yat\u0131yor, her biri ge\u00e7mi\u015fin miras\u0131, \u00f6\u011frenilmi\u015f en eski duygusal kal\u0131plar\u0131n\u0131z.   Psikolog Esra Ezmeci, kaleme ald\u0131\u011f\u0131 Gizli Yaralar adl\u0131 bu kitab\u0131nda, ya\u015fam\u0131n kara kutusu say\u0131lan duygusal kal\u0131plar\u0131n, \u015fema terapi y\u00f6ntemiyle nas\u0131l yeniden tasarlanabildi\u011fini, hayat\u0131n i\u00e7inden se\u00e7ti\u011fi ger\u00e7ek kahramanlar\u0131n, akl\u0131n\u0131zdan hi\u00e7 \u00e7\u0131kmayacak sars\u0131c\u0131 hik\u00e2yeleriyle ele al\u0131yor. Handan, Yeliz ve Selen&#8230; Sevgisizlik, kaybetme korkusu, yetersizlik, hakl\u0131l\u0131k, ilahi adalet, seks oyunlar\u0131, intikam ve s\u0131k\u0131\u015fm\u0131\u015fl\u0131k duygular\u0131yla m\u00fccadele eden \u00fc\u00e7 \u00f6zel kad\u0131n. Kara kutular a\u00e7\u0131ld\u0131\u011f\u0131nda hik\u00e2yelerin nas\u0131l tersy\u00fcz edilebilece\u011finin en g\u00fczel \u00f6rnekleri&#8230; Hik\u00e2yelerle, \u015fema terapiyle ve d\u00f6n\u00fc\u015ft\u00fcr\u00fcc\u00fc rit\u00fcellerle neler yap\u0131labilece\u011fine inanamayacaks\u0131n\u0131z.   Ge\u00e7mi\u015fi de\u011fi\u015ftiremezsiniz belki ama ge\u00e7mi\u015fle ili\u015fkinizi de\u011fi\u015ftirebilirsiniz. \u015eema terapiyle ge\u00e7mi\u015fle kurdu\u011funuz ili\u015fki de\u011fi\u015fecektir, hal b\u00f6yle oldu\u011funda d\u00f6ng\u00fcler de k\u0131r\u0131lacakt\u0131r, dolay\u0131s\u0131yla art\u0131k ba\u015fka bir hik\u00e2ye ba\u015flayacakt\u0131r sizin i\u00e7in. Olmu\u015f olan de\u011fi\u015fmeyecektir belki ama olacak olan de\u011fi\u015fmeye ba\u015flayacakt\u0131r. <\/p>\n","protected":false},"excerpt":{"rendered":"<p>\u201cEN G\u00dc\u00c7L\u00dcLER, EN \u00c7OK YARALANANLARDIR.\u201d Neden hep ayn\u0131 insanlar\u0131 cellad\u0131m olarak se\u00e7iyorum? Neden hep ayn\u0131 tuzaklara d\u00fc\u015f\u00fcyorum? Kendimi neden yetersiz hissediyorum? \u0130li\u015fkilerimde neden hep ayn\u0131 yerden<span class=\"excerpt-hellip\"> [\u2026]<\/span><\/p>\n","protected":false},"featured_media":0,"template":"","meta":{"_monsterinsights_skip_tracking":false,"_monsterinsights_sitenote_active":false,"_monsterinsights_sitenote_note":"","_monsterinsights_sitenote_category":0},"product_brand":[],"product_cat":[20502,12357],"product_tag":[],"class_list":{"0":"post-768799","1":"product","2":"type-product","3":"status-publish","5":"product_cat-basvuru-kitaplari-psikoloji","6":"product_cat-psikoloji","7":"pa_cilt-ciltsiz","8":"pa_tur-kitap","9":"pa_yayinevi-destek-yayinlari","10":"pa_yazar-esra-ezmeci","12":"first","13":"instock","14":"sale","15":"shipping-taxable","16":"purchasable","17":"product-type-simple"},"_links":{"self":[{"href":"https:\/\/roveyayinevi.com.tr\/index.php\/wp-json\/wp\/v2\/product\/768799","targetHints":{"allow":["GET"]}}],"collection":[{"href":"https:\/\/roveyayinevi.com.tr\/index.php\/wp-json\/wp\/v2\/product"}],"about":[{"href":"https:\/\/roveyayinevi.com.tr\/index.php\/wp-json\/wp\/v2\/types\/product"}],"wp:attachment":[{"href":"https:\/\/roveyayinevi.com.tr\/index.php\/wp-json\/wp\/v2\/media?parent=768799"}],"wp:term":[{"taxonomy":"product_brand","embeddable":true,"href":"https:\/\/roveyayinevi.com.tr\/index.php\/wp-json\/wp\/v2\/product_brand?post=768799"},{"taxonomy":"product_cat","embeddable":true,"href":"https:\/\/roveyayinevi.com.tr\/index.php\/wp-json\/wp\/v2\/product_cat?post=768799"},{"taxonomy":"product_tag","embeddable":true,"href":"https:\/\/roveyayinevi.com.tr\/index.php\/wp-json\/wp\/v2\/product_tag?post=768799"}],"curies":[{"name":"wp","href":"https:\/\/api.w.org\/{rel}","templated":true}]}}