{"id":768798,"date":"2025-08-28T13:32:35","date_gmt":"2025-08-28T10:32:35","guid":{"rendered":"https:\/\/roveyayinevi.com.tr\/index.php\/urun\/cocuklar-icin-keyifli-etkinlikler-cikartmali\/"},"modified":"2026-04-15T03:34:51","modified_gmt":"2026-04-15T00:34:51","slug":"cocuklar-icin-keyifli-etkinlikler-cikartmali","status":"publish","type":"product","link":"https:\/\/roveyayinevi.com.tr\/index.php\/urun\/cocuklar-icin-keyifli-etkinlikler-cikartmali\/","title":{"rendered":"\u00c7ocuklar \u0130\u00e7in Keyifli Etkinlikler (\u00c7\u0131kartmal\u0131)"},"content":{"rendered":"<p>Keyifli bir e\u011flence seni bekliyor!   E\u011flenceli ve kar\u015f\u0131 konulamaz olan bu kitaptaki karakterler, onlara kat\u0131l\u0131p yar\u0131\u015fmalar\u0131, labirentleri, arama-bulma bulmacalar\u0131n\u0131 ve sudokular\u0131 birlikte \u00e7\u00f6zmen i\u00e7in sab\u0131rs\u0131zlan\u0131yorlar. Bu sevimli d\u00fcnyay\u0131 diledi\u011fin gibi renklendirmeni d\u00f6rt g\u00f6zle bekliyorlar.   Keyifli animasyonlarla dolu, matematik odakl\u0131 bu kitapta e\u011flenceli bir\u00e7ok etkinlik sizi bekliyor!   \u00c7ocu\u011funuzun dikkat, el-g\u00f6z koordinasyonu, g\u00f6rsel alg\u0131 ve motor becerilerinin geli\u015fimine katk\u0131 sa\u011flayacak bu \u015firin kitap, \u00e7ocuklar\u0131n ellerinden d\u00fc\u015fmeyecek!<\/p>\n","protected":false},"excerpt":{"rendered":"<p>Keyifli bir e\u011flence seni bekliyor! E\u011flenceli ve kar\u015f\u0131 konulamaz olan bu kitaptaki karakterler, onlara kat\u0131l\u0131p yar\u0131\u015fmalar\u0131, labirentleri, arama-bulma bulmacalar\u0131n\u0131 ve sudokular\u0131 birlikte \u00e7\u00f6zmen i\u00e7in sab\u0131rs\u0131zlan\u0131yorlar. Bu<span class=\"excerpt-hellip\"> [\u2026]<\/span><\/p>\n","protected":false},"featured_media":0,"template":"","meta":{"_monsterinsights_skip_tracking":false,"_monsterinsights_sitenote_active":false,"_monsterinsights_sitenote_note":"","_monsterinsights_sitenote_category":0},"product_brand":[],"product_cat":[12274,15842],"product_tag":[],"class_list":{"0":"post-768798","1":"product","2":"type-product","3":"status-publish","5":"product_cat-cocuk-ve-genclik-kitaplari","6":"product_cat-egitici-kitaplar","7":"pa_cilt-ciltsiz","8":"pa_tur-kitap","9":"pa_yayinevi-1001-cicek-kitaplar","10":"pa_yazar-valentina-figus","12":"first","13":"instock","14":"sale","15":"shipping-taxable","16":"purchasable","17":"product-type-simple"},"_links":{"self":[{"href":"https:\/\/roveyayinevi.com.tr\/index.php\/wp-json\/wp\/v2\/product\/768798","targetHints":{"allow":["GET"]}}],"collection":[{"href":"https:\/\/roveyayinevi.com.tr\/index.php\/wp-json\/wp\/v2\/product"}],"about":[{"href":"https:\/\/roveyayinevi.com.tr\/index.php\/wp-json\/wp\/v2\/types\/product"}],"wp:attachment":[{"href":"https:\/\/roveyayinevi.com.tr\/index.php\/wp-json\/wp\/v2\/media?parent=768798"}],"wp:term":[{"taxonomy":"product_brand","embeddable":true,"href":"https:\/\/roveyayinevi.com.tr\/index.php\/wp-json\/wp\/v2\/product_brand?post=768798"},{"taxonomy":"product_cat","embeddable":true,"href":"https:\/\/roveyayinevi.com.tr\/index.php\/wp-json\/wp\/v2\/product_cat?post=768798"},{"taxonomy":"product_tag","embeddable":true,"href":"https:\/\/roveyayinevi.com.tr\/index.php\/wp-json\/wp\/v2\/product_tag?post=768798"}],"curies":[{"name":"wp","href":"https:\/\/api.w.org\/{rel}","templated":true}]}}