{"id":768796,"date":"2025-08-28T13:32:32","date_gmt":"2025-08-28T10:32:32","guid":{"rendered":"https:\/\/roveyayinevi.com.tr\/index.php\/urun\/natonun-gizli-ordulari\/"},"modified":"2026-04-15T03:34:51","modified_gmt":"2026-04-15T00:34:51","slug":"natonun-gizli-ordulari","status":"publish","type":"product","link":"https:\/\/roveyayinevi.com.tr\/index.php\/urun\/natonun-gizli-ordulari\/","title":{"rendered":"Nato\u2019nun Gizli Ordular\u0131"},"content":{"rendered":"<p>GER\u00c7EKLER KARANLIKTA SAKLANAMAZ!   Bu kitap So\u011fuk Sava\u015f d\u00f6neminde Avrupa\u2019da faaliyet g\u00f6steren gizli NATO a\u011flar\u0131n\u0131 ve bu yap\u0131lar\u0131n ger\u00e7ekle\u015ftirdi\u011fi operasyonlar\u0131 ilk kez b\u00fct\u00fcn detaylar\u0131yla g\u00fcn y\u00fcz\u00fcne \u00e7\u0131kar\u0131yor. CIA ve MI6 gibi istihbarat servislerinin deste\u011fiyle olu\u015fturulan Gladio operasyonlar\u0131n\u0131n ard\u0131ndaki karanl\u0131k hik\u00e2yeleri belge ve tan\u0131kl\u0131klarla ortaya koyan Daniele Ganser, Bat\u0131 Avrupa\u2019n\u0131n demokratik yap\u0131lar\u0131na kar\u015f\u0131 ger\u00e7ekle\u015ftirilen ter\u00f6r ve manip\u00fclasyonlar\u0131n izini s\u00fcr\u00fcyor.   Ganser, ara\u015ft\u0131rmas\u0131n\u0131 parlamenter soru\u015fturmalar, resmi belgeler ve kapsaml\u0131 saha \u00e7al\u0131\u015fmalar\u0131yla destekleyerek, gizli ordular\u0131n sadece savunma de\u011fil, politik arenay\u0131 etkileme amac\u0131yla da kullan\u0131ld\u0131\u011f\u0131n\u0131 g\u00f6zler \u00f6n\u00fcne seriyor. Eser, yaln\u0131zca tarihsel bir analiz de\u011fil, ayn\u0131 zamanda istihbarat servislerinin toplumlar \u00fczerindeki etkisine dair \u00e7arp\u0131c\u0131 bir sorgulama niteli\u011finde. <\/p>\n","protected":false},"excerpt":{"rendered":"<p>GER\u00c7EKLER KARANLIKTA SAKLANAMAZ! Bu kitap So\u011fuk Sava\u015f d\u00f6neminde Avrupa\u2019da faaliyet g\u00f6steren gizli NATO a\u011flar\u0131n\u0131 ve bu yap\u0131lar\u0131n ger\u00e7ekle\u015ftirdi\u011fi operasyonlar\u0131 ilk kez b\u00fct\u00fcn detaylar\u0131yla g\u00fcn y\u00fcz\u00fcne \u00e7\u0131kar\u0131yor.<span class=\"excerpt-hellip\"> [\u2026]<\/span><\/p>\n","protected":false},"featured_media":0,"template":"","meta":{"_monsterinsights_skip_tracking":false,"_monsterinsights_sitenote_active":false,"_monsterinsights_sitenote_note":"","_monsterinsights_sitenote_category":0},"product_brand":[],"product_cat":[13590,12337],"product_tag":[],"class_list":{"0":"post-768796","1":"product","2":"type-product","3":"status-publish","5":"product_cat-arastirma-inceleme-politika-siyaset","6":"product_cat-politika-siyaset","7":"pa_cilt-ciltsiz","8":"pa_tur-kitap","9":"pa_yayinevi-destek-yayinlari","10":"pa_yazar-daniele-ganser","12":"first","13":"instock","14":"sale","15":"shipping-taxable","16":"purchasable","17":"product-type-simple"},"_links":{"self":[{"href":"https:\/\/roveyayinevi.com.tr\/index.php\/wp-json\/wp\/v2\/product\/768796","targetHints":{"allow":["GET"]}}],"collection":[{"href":"https:\/\/roveyayinevi.com.tr\/index.php\/wp-json\/wp\/v2\/product"}],"about":[{"href":"https:\/\/roveyayinevi.com.tr\/index.php\/wp-json\/wp\/v2\/types\/product"}],"wp:attachment":[{"href":"https:\/\/roveyayinevi.com.tr\/index.php\/wp-json\/wp\/v2\/media?parent=768796"}],"wp:term":[{"taxonomy":"product_brand","embeddable":true,"href":"https:\/\/roveyayinevi.com.tr\/index.php\/wp-json\/wp\/v2\/product_brand?post=768796"},{"taxonomy":"product_cat","embeddable":true,"href":"https:\/\/roveyayinevi.com.tr\/index.php\/wp-json\/wp\/v2\/product_cat?post=768796"},{"taxonomy":"product_tag","embeddable":true,"href":"https:\/\/roveyayinevi.com.tr\/index.php\/wp-json\/wp\/v2\/product_tag?post=768796"}],"curies":[{"name":"wp","href":"https:\/\/api.w.org\/{rel}","templated":true}]}}