{"id":768794,"date":"2025-08-28T13:32:28","date_gmt":"2025-08-28T10:32:28","guid":{"rendered":"https:\/\/roveyayinevi.com.tr\/index.php\/urun\/bak-onumuzde-yeni-bir-mevsim\/"},"modified":"2026-04-15T03:34:51","modified_gmt":"2026-04-15T00:34:51","slug":"bak-onumuzde-yeni-bir-mevsim","status":"publish","type":"product","link":"https:\/\/roveyayinevi.com.tr\/index.php\/urun\/bak-onumuzde-yeni-bir-mevsim\/","title":{"rendered":"Bak \u00d6n\u00fcm\u00fczde  Yeni Bir Mevsim"},"content":{"rendered":"<p>\u201cBir ya\u015fam\u0131m olsun istiyordum.\u201d   Bak \u00d6n\u00fcm\u00fczde Yeni Bir Mevsim, insanl\u0131k hallerini derinden y\u00fczeye \u00e7\u0131karan on iki \u00f6yk\u00fcden olu\u015fuyor. Serkan T\u00fcrk g\u00fcndelik hayattan an par\u00e7alar\u0131n\u0131, kar\u015f\u0131la\u015fmalar\u0131, tesad\u00fcfen orada bulunu\u015flar\u0131, beklenmedik misafirleri, yaln\u0131zl\u0131klar\u0131 ve kalabal\u0131klar\u0131 tam da onlara uygun d\u00fc\u015fen bir yal\u0131nl\u0131kla kaleme al\u0131yor. \u201cBen an\u0131 hat\u0131rlar\u0131m,\u201d diyen anlat\u0131c\u0131s\u0131na emanet ediyor geriye d\u00f6n\u00fc\u015fler \u00fczerine in\u015fa etti\u011fi \u00f6yk\u00fclerini. Kimi zaman bir tat, kimi zaman bir koku, kimi zaman da bir manzara dolduruyor haf\u0131za kuyusunu&#8230;   Hepimiz ba\u015fkalar\u0131n\u0131n romanlar\u0131ndan, \u00f6yk\u00fclerinden ka\u00e7\u0131yoruz. Madem bir \u00f6yk\u00fcn\u00fcn ana kahraman\u0131 olam\u0131yoruz, ne diye orada oyalanal\u0131m? En iyisi ka\u00e7mal\u0131. Ba\u015fka hik\u00e2yelerin kap\u0131s\u0131n\u0131 aralamal\u0131. \u0130zinsiz girmeli. Buras\u0131 benim yerim, demeli, diyebilme cesaretini g\u00f6stermeli.<\/p>\n","protected":false},"excerpt":{"rendered":"<p>\u201cBir ya\u015fam\u0131m olsun istiyordum.\u201d Bak \u00d6n\u00fcm\u00fczde Yeni Bir Mevsim, insanl\u0131k hallerini derinden y\u00fczeye \u00e7\u0131karan on iki \u00f6yk\u00fcden olu\u015fuyor. Serkan T\u00fcrk g\u00fcndelik hayattan an par\u00e7alar\u0131n\u0131, kar\u015f\u0131la\u015fmalar\u0131, tesad\u00fcfen<span class=\"excerpt-hellip\"> [\u2026]<\/span><\/p>\n","protected":false},"featured_media":0,"template":"","meta":{"_monsterinsights_skip_tracking":false,"_monsterinsights_sitenote_active":false,"_monsterinsights_sitenote_note":"","_monsterinsights_sitenote_category":0},"product_brand":[],"product_cat":[12291,18202],"product_tag":[],"class_list":{"0":"post-768794","1":"product","2":"type-product","3":"status-publish","5":"product_cat-edebiyat","6":"product_cat-hikaye","7":"pa_cilt-ciltsiz","8":"pa_tur-kitap","9":"pa_yayinevi-everest-yayinlari","10":"pa_yazar-serkan-turk","12":"first","13":"instock","14":"sale","15":"shipping-taxable","16":"purchasable","17":"product-type-simple"},"_links":{"self":[{"href":"https:\/\/roveyayinevi.com.tr\/index.php\/wp-json\/wp\/v2\/product\/768794","targetHints":{"allow":["GET"]}}],"collection":[{"href":"https:\/\/roveyayinevi.com.tr\/index.php\/wp-json\/wp\/v2\/product"}],"about":[{"href":"https:\/\/roveyayinevi.com.tr\/index.php\/wp-json\/wp\/v2\/types\/product"}],"wp:attachment":[{"href":"https:\/\/roveyayinevi.com.tr\/index.php\/wp-json\/wp\/v2\/media?parent=768794"}],"wp:term":[{"taxonomy":"product_brand","embeddable":true,"href":"https:\/\/roveyayinevi.com.tr\/index.php\/wp-json\/wp\/v2\/product_brand?post=768794"},{"taxonomy":"product_cat","embeddable":true,"href":"https:\/\/roveyayinevi.com.tr\/index.php\/wp-json\/wp\/v2\/product_cat?post=768794"},{"taxonomy":"product_tag","embeddable":true,"href":"https:\/\/roveyayinevi.com.tr\/index.php\/wp-json\/wp\/v2\/product_tag?post=768794"}],"curies":[{"name":"wp","href":"https:\/\/api.w.org\/{rel}","templated":true}]}}