{"id":768792,"date":"2025-08-28T13:32:24","date_gmt":"2025-08-28T10:32:24","guid":{"rendered":"https:\/\/roveyayinevi.com.tr\/index.php\/urun\/talim-yazilari\/"},"modified":"2026-04-15T03:34:51","modified_gmt":"2026-04-15T00:34:51","slug":"talim-yazilari","status":"publish","type":"product","link":"https:\/\/roveyayinevi.com.tr\/index.php\/urun\/talim-yazilari\/","title":{"rendered":"Talim Yaz\u0131lar\u0131"},"content":{"rendered":"<p>\u00c7a\u011fda\u015f \u015fiirin s\u0131k\u0131 \u015fairlerinden Ergun Tavlan, Sesleri Alan: ve G\u00f6rme Huyu kitaplar\u0131n\u0131n ard\u0131ndan Talim Yaz\u0131lar\u0131\u2019yla okurlar\u0131n kar\u015f\u0131s\u0131nda! Tavlan, edebiyat tarihinden bug\u00fcne sat\u0131r aralar\u0131nda kalanlar\u0131, konu\u015fulan fakat yaz\u0131ya ge\u00e7irilmeyenleri, \u201cs\u00f6ylenmeye\u201d cesaret edilemeyenleri \u00f6zg\u00fcn \u00fcslubu ve fragmantal yaz\u0131 bi\u00e7imiyle kaleme al\u0131yor. Talim Yaz\u0131lar\u0131 par\u00e7a par\u00e7a b\u00fcy\u00fcyen ba\u015fka bir ele\u015ftiri, yak\u0131n okuma yakla\u015f\u0131m\u0131.   Kimdi, unuttum, Dostoyevski\u2019nin mektuplar\u0131n\u0131n bombo\u015f oldu\u011funu s\u00f6yl\u00fcyordu yazarlar\u0131m\u0131zdan biri. Dostoyevski\u2019nin mektuplar\u0131nda Dostoyevski\u2019yi aram\u0131\u015f ama bulamam\u0131\u015f. Ben de orada buluyorum Dostoyevski\u2019yi. Yap\u0131ta bakmak, fokuslanmak, par\u0131lt\u0131da k\u00f6r olmakt\u0131r. Roman yazarken \u201cba\u015fka biri\u201dsin, yap\u0131t\u0131n bir par\u00e7as\u0131 olarak orada olman gerekmiyor. Ama mektuplar\u0131nda kendinsin, (yap\u0131t\u0131n\u0131n bir par\u00e7as\u0131 olarak) oradas\u0131n. Kimsin?<\/p>\n","protected":false},"excerpt":{"rendered":"<p>\u00c7a\u011fda\u015f \u015fiirin s\u0131k\u0131 \u015fairlerinden Ergun Tavlan, Sesleri Alan: ve G\u00f6rme Huyu kitaplar\u0131n\u0131n ard\u0131ndan Talim Yaz\u0131lar\u0131\u2019yla okurlar\u0131n kar\u015f\u0131s\u0131nda! Tavlan, edebiyat tarihinden bug\u00fcne sat\u0131r aralar\u0131nda kalanlar\u0131, konu\u015fulan fakat<span class=\"excerpt-hellip\"> [\u2026]<\/span><\/p>\n","protected":false},"featured_media":0,"template":"","meta":{"_monsterinsights_skip_tracking":false,"_monsterinsights_sitenote_active":false,"_monsterinsights_sitenote_note":"","_monsterinsights_sitenote_category":0},"product_brand":[],"product_cat":[12777,12291],"product_tag":[],"class_list":{"0":"post-768792","1":"product","2":"type-product","3":"status-publish","5":"product_cat-deneme","6":"product_cat-edebiyat","7":"pa_cilt-ciltsiz","8":"pa_tur-kitap","9":"pa_yayinevi-everest-yayinlari","10":"pa_yazar-ergun-tavlan","12":"first","13":"instock","14":"sale","15":"shipping-taxable","16":"purchasable","17":"product-type-simple"},"_links":{"self":[{"href":"https:\/\/roveyayinevi.com.tr\/index.php\/wp-json\/wp\/v2\/product\/768792","targetHints":{"allow":["GET"]}}],"collection":[{"href":"https:\/\/roveyayinevi.com.tr\/index.php\/wp-json\/wp\/v2\/product"}],"about":[{"href":"https:\/\/roveyayinevi.com.tr\/index.php\/wp-json\/wp\/v2\/types\/product"}],"wp:attachment":[{"href":"https:\/\/roveyayinevi.com.tr\/index.php\/wp-json\/wp\/v2\/media?parent=768792"}],"wp:term":[{"taxonomy":"product_brand","embeddable":true,"href":"https:\/\/roveyayinevi.com.tr\/index.php\/wp-json\/wp\/v2\/product_brand?post=768792"},{"taxonomy":"product_cat","embeddable":true,"href":"https:\/\/roveyayinevi.com.tr\/index.php\/wp-json\/wp\/v2\/product_cat?post=768792"},{"taxonomy":"product_tag","embeddable":true,"href":"https:\/\/roveyayinevi.com.tr\/index.php\/wp-json\/wp\/v2\/product_tag?post=768792"}],"curies":[{"name":"wp","href":"https:\/\/api.w.org\/{rel}","templated":true}]}}