{"id":768791,"date":"2025-08-28T13:32:21","date_gmt":"2025-08-28T10:32:21","guid":{"rendered":"https:\/\/roveyayinevi.com.tr\/index.php\/urun\/cay-pesinde-dunya-turu\/"},"modified":"2026-04-15T03:34:51","modified_gmt":"2026-04-15T00:34:51","slug":"cay-pesinde-dunya-turu","status":"publish","type":"product","link":"https:\/\/roveyayinevi.com.tr\/index.php\/urun\/cay-pesinde-dunya-turu\/","title":{"rendered":"\u00c7ay Pe\u015finde D\u00fcnya Turu"},"content":{"rendered":"<p>\u00c7ay i\u00e7in sofralar kurulur. Muhabbetin en tatl\u0131 yerinde servis edilir. D\u00fcnyan\u0131n her yerinde farkl\u0131 sunulur. T\u00fcrkiye i\u00e7in vazge\u00e7ilmezdir. Hadi gelin pe\u015finde d\u00fcnyay\u0131 dola\u015fal\u0131m. <\/p>\n","protected":false},"excerpt":{"rendered":"<p>\u00c7ay i\u00e7in sofralar kurulur. Muhabbetin en tatl\u0131 yerinde servis edilir. D\u00fcnyan\u0131n her yerinde farkl\u0131 sunulur. T\u00fcrkiye i\u00e7in vazge\u00e7ilmezdir. Hadi gelin pe\u015finde d\u00fcnyay\u0131 dola\u015fal\u0131m.<\/p>\n","protected":false},"featured_media":0,"template":"","meta":{"_monsterinsights_skip_tracking":false,"_monsterinsights_sitenote_active":false,"_monsterinsights_sitenote_note":"","_monsterinsights_sitenote_category":0},"product_brand":[],"product_cat":[12274,12284],"product_tag":[],"class_list":{"0":"post-768791","1":"product","2":"type-product","3":"status-publish","5":"product_cat-cocuk-ve-genclik-kitaplari","6":"product_cat-hikayeler","7":"pa_cilt-ciltsiz","8":"pa_tur-kitap","9":"pa_yayinevi-vakifbank-kultur-yayinlari","10":"pa_yazar-ebru-erke","12":"first","13":"instock","14":"sale","15":"shipping-taxable","16":"purchasable","17":"product-type-simple"},"_links":{"self":[{"href":"https:\/\/roveyayinevi.com.tr\/index.php\/wp-json\/wp\/v2\/product\/768791","targetHints":{"allow":["GET"]}}],"collection":[{"href":"https:\/\/roveyayinevi.com.tr\/index.php\/wp-json\/wp\/v2\/product"}],"about":[{"href":"https:\/\/roveyayinevi.com.tr\/index.php\/wp-json\/wp\/v2\/types\/product"}],"wp:attachment":[{"href":"https:\/\/roveyayinevi.com.tr\/index.php\/wp-json\/wp\/v2\/media?parent=768791"}],"wp:term":[{"taxonomy":"product_brand","embeddable":true,"href":"https:\/\/roveyayinevi.com.tr\/index.php\/wp-json\/wp\/v2\/product_brand?post=768791"},{"taxonomy":"product_cat","embeddable":true,"href":"https:\/\/roveyayinevi.com.tr\/index.php\/wp-json\/wp\/v2\/product_cat?post=768791"},{"taxonomy":"product_tag","embeddable":true,"href":"https:\/\/roveyayinevi.com.tr\/index.php\/wp-json\/wp\/v2\/product_tag?post=768791"}],"curies":[{"name":"wp","href":"https:\/\/api.w.org\/{rel}","templated":true}]}}