{"id":768789,"date":"2025-08-28T13:32:18","date_gmt":"2025-08-28T10:32:18","guid":{"rendered":"https:\/\/roveyayinevi.com.tr\/index.php\/urun\/dikmen-cesmesi\/"},"modified":"2026-04-15T03:34:51","modified_gmt":"2026-04-15T00:34:51","slug":"dikmen-cesmesi","status":"publish","type":"product","link":"https:\/\/roveyayinevi.com.tr\/index.php\/urun\/dikmen-cesmesi\/","title":{"rendered":"Dikmen \u00c7e\u015fmesi"},"content":{"rendered":"<p>Y\u0131l\u0131n sekiz ay\u0131 karak\u0131\u015f\u0131n teslim ald\u0131\u011f\u0131, g\u00f6z\u00fcn g\u00f6rebildi\u011fi her yerin beyaza boyand\u0131\u011f\u0131 Kars\u2019\u0131n (\u015fimdi Ardahan\u2019\u0131n) Hanak il\u00e7esinde do\u011fan ve ya\u015fam\u0131 yokluklar ve m\u00fccadelelerle ge\u00e7en Oktay Kaya\u2019n\u0131n kendine has \u00fcslubuyla yazd\u0131\u011f\u0131 an\u0131lar\u0131 bazen g\u00fcl\u00fcmseyerek, bazen sinirlenerek, bazen de h\u00fcz\u00fcnlenerek okuyacaks\u0131n\u0131z\u2026 Tam bir mahrumiyet b\u00f6lgesi olan b\u00f6lgede ya\u015fanan ibretlik olaylar, hayata bak\u0131\u015f\u0131n\u0131z\u0131 k\u00f6kten de\u011fi\u015ftirecek. Yarbay Salih Dikmen\u2019in tamamen halis duygularla yapt\u0131rd\u0131\u011f\u0131 Dikmen \u00c7e\u015fmesi\u2019nin, zaten zorluklarla cebelle\u015fen Kaya\u2019n\u0131n ba\u015f\u0131na ne i\u015fler a\u00e7t\u0131\u011f\u0131na inanamayacaks\u0131n\u0131z\u2026 Do\u011fas\u0131 gibi sert miza\u00e7l\u0131 insanlar\u0131n; g\u00fczelliklerle, a\u015fklarla, yokluklarla, ihanetlerle, dayan\u0131\u015fmayla ve aldatmacalarla dolu ya\u015fam\u0131na yak\u0131ndan bakmaya haz\u0131r m\u0131s\u0131n\u0131z?    <\/p>\n","protected":false},"excerpt":{"rendered":"<p>Y\u0131l\u0131n sekiz ay\u0131 karak\u0131\u015f\u0131n teslim ald\u0131\u011f\u0131, g\u00f6z\u00fcn g\u00f6rebildi\u011fi her yerin beyaza boyand\u0131\u011f\u0131 Kars\u2019\u0131n (\u015fimdi Ardahan\u2019\u0131n) Hanak il\u00e7esinde do\u011fan ve ya\u015fam\u0131 yokluklar ve m\u00fccadelelerle ge\u00e7en Oktay Kaya\u2019n\u0131n<span class=\"excerpt-hellip\"> [\u2026]<\/span><\/p>\n","protected":false},"featured_media":0,"template":"","meta":{"_monsterinsights_skip_tracking":false,"_monsterinsights_sitenote_active":false,"_monsterinsights_sitenote_note":"","_monsterinsights_sitenote_category":0},"product_brand":[],"product_cat":[13701,12291],"product_tag":[],"class_list":{"0":"post-768789","1":"product","2":"type-product","3":"status-publish","5":"product_cat-ani-mektup-gunluk","6":"product_cat-edebiyat","7":"pa_cilt-ciltsiz","8":"pa_tur-kitap","9":"pa_yayinevi-favori-yayinlari","10":"pa_yazar-oktay-kaya","12":"first","13":"instock","14":"sale","15":"shipping-taxable","16":"purchasable","17":"product-type-simple"},"_links":{"self":[{"href":"https:\/\/roveyayinevi.com.tr\/index.php\/wp-json\/wp\/v2\/product\/768789","targetHints":{"allow":["GET"]}}],"collection":[{"href":"https:\/\/roveyayinevi.com.tr\/index.php\/wp-json\/wp\/v2\/product"}],"about":[{"href":"https:\/\/roveyayinevi.com.tr\/index.php\/wp-json\/wp\/v2\/types\/product"}],"wp:attachment":[{"href":"https:\/\/roveyayinevi.com.tr\/index.php\/wp-json\/wp\/v2\/media?parent=768789"}],"wp:term":[{"taxonomy":"product_brand","embeddable":true,"href":"https:\/\/roveyayinevi.com.tr\/index.php\/wp-json\/wp\/v2\/product_brand?post=768789"},{"taxonomy":"product_cat","embeddable":true,"href":"https:\/\/roveyayinevi.com.tr\/index.php\/wp-json\/wp\/v2\/product_cat?post=768789"},{"taxonomy":"product_tag","embeddable":true,"href":"https:\/\/roveyayinevi.com.tr\/index.php\/wp-json\/wp\/v2\/product_tag?post=768789"}],"curies":[{"name":"wp","href":"https:\/\/api.w.org\/{rel}","templated":true}]}}