{"id":768786,"date":"2025-08-28T13:32:12","date_gmt":"2025-08-28T10:32:12","guid":{"rendered":"https:\/\/roveyayinevi.com.tr\/index.php\/urun\/haydi-beraber-kosalim\/"},"modified":"2026-04-15T03:34:51","modified_gmt":"2026-04-15T00:34:51","slug":"haydi-beraber-kosalim","status":"publish","type":"product","link":"https:\/\/roveyayinevi.com.tr\/index.php\/urun\/haydi-beraber-kosalim\/","title":{"rendered":"Haydi Beraber Ko\u015fal\u0131m!"},"content":{"rendered":"<p>\u201c\u2026hayatta bir yol almadan o yolun do\u011fru ya da yanl\u0131\u015f oldu\u011fu da bazen bilinmezdi.\u201d   Bazen tam da ihtiya\u00e7 duydu\u011funuz anda bir el uzan\u0131r size. \u201cHaydi beraber ko\u015fal\u0131m!\u201d der ve hayat g\u00fczelle\u015fir. \u0130\u015fte \u00d6zg\u00fcr\u2019\u00fcn hik\u00e2yesi de ona uzanan eller sayesinde g\u00fczelle\u015fiyor. \u00d6nder Bayrak bozk\u0131r\u0131n g\u00f6lgesinde kalm\u0131\u015f dokunakl\u0131 bir hik\u00e2yeyle yazarl\u0131k ser\u00fcvenine iyi bir ba\u015flang\u0131\u00e7 yap\u0131yor. <\/p>\n","protected":false},"excerpt":{"rendered":"<p>\u201c\u2026hayatta bir yol almadan o yolun do\u011fru ya da yanl\u0131\u015f oldu\u011fu da bazen bilinmezdi.\u201d Bazen tam da ihtiya\u00e7 duydu\u011funuz anda bir el uzan\u0131r size. \u201cHaydi beraber<span class=\"excerpt-hellip\"> [\u2026]<\/span><\/p>\n","protected":false},"featured_media":0,"template":"","meta":{"_monsterinsights_skip_tracking":false,"_monsterinsights_sitenote_active":false,"_monsterinsights_sitenote_note":"","_monsterinsights_sitenote_category":0},"product_brand":[],"product_cat":[12291,12711],"product_tag":[],"class_list":{"0":"post-768786","1":"product","2":"type-product","3":"status-publish","5":"product_cat-edebiyat","6":"product_cat-roman-oyku","7":"pa_cilt-ciltsiz","8":"pa_tur-kitap","9":"pa_yayinevi-sinirsiz-kitap","10":"pa_yazar-onder-bayrak","12":"first","13":"instock","14":"sale","15":"shipping-taxable","16":"purchasable","17":"product-type-simple"},"_links":{"self":[{"href":"https:\/\/roveyayinevi.com.tr\/index.php\/wp-json\/wp\/v2\/product\/768786","targetHints":{"allow":["GET"]}}],"collection":[{"href":"https:\/\/roveyayinevi.com.tr\/index.php\/wp-json\/wp\/v2\/product"}],"about":[{"href":"https:\/\/roveyayinevi.com.tr\/index.php\/wp-json\/wp\/v2\/types\/product"}],"wp:attachment":[{"href":"https:\/\/roveyayinevi.com.tr\/index.php\/wp-json\/wp\/v2\/media?parent=768786"}],"wp:term":[{"taxonomy":"product_brand","embeddable":true,"href":"https:\/\/roveyayinevi.com.tr\/index.php\/wp-json\/wp\/v2\/product_brand?post=768786"},{"taxonomy":"product_cat","embeddable":true,"href":"https:\/\/roveyayinevi.com.tr\/index.php\/wp-json\/wp\/v2\/product_cat?post=768786"},{"taxonomy":"product_tag","embeddable":true,"href":"https:\/\/roveyayinevi.com.tr\/index.php\/wp-json\/wp\/v2\/product_tag?post=768786"}],"curies":[{"name":"wp","href":"https:\/\/api.w.org\/{rel}","templated":true}]}}