{"id":768785,"date":"2025-08-28T13:32:10","date_gmt":"2025-08-28T10:32:10","guid":{"rendered":"https:\/\/roveyayinevi.com.tr\/index.php\/urun\/sairlerin-de-kalemi-susarmis-bazen\/"},"modified":"2026-04-15T03:34:51","modified_gmt":"2026-04-15T00:34:51","slug":"sairlerin-de-kalemi-susarmis-bazen","status":"publish","type":"product","link":"https:\/\/roveyayinevi.com.tr\/index.php\/urun\/sairlerin-de-kalemi-susarmis-bazen\/","title":{"rendered":"\u015eairlerin de Kalemi Susarm\u0131\u015f Bazen"},"content":{"rendered":"<p>Her \u015fiirin bir hik\u00e2yesi vard\u0131r, Her \u015fairin yaral\u0131 bir yeri\u2026 Bu kitap; Bazen bir hasret, bazen bir \u00f6zlemin yer ald\u0131\u011f\u0131; sevgiye, sevdaya dair duygular\u0131n her tonuyla renklendirildi\u011fi; bir \u015fairin kalbindeki sevda hik\u00e2yelerinin \u015fiirle\u015ftirilmi\u015f h\u00e2li\u2026 R\u00fczg\u00e2r herkese dokundu\u011fu gibi dokunmaz bir \u015faire. Ya\u011fmur, bir \u015fairin g\u00f6z\u00fcnde ba\u015fka ya\u011far; ba\u015fka anlamlar vard\u0131r g\u00fcne\u015fin do\u011fu\u015funda, bat\u0131\u015f\u0131nda. \u00c7\u00fcnk\u00fc her \u015fairin kalbinde bir sevda yatar\u2026 Ve \u015fairlerin de kalemi susar bazen&#8230; Ama kalbi susmaz hi\u00e7&#8230; Kalbinde bir sevda her zaman yanar\u2026 U\u015fak\u2019tan Erzurum\u2019a, Patnos\u2019tan \u0130stanbul\u2019a, \u0130skenderun\u2019dan Afyon\u2019a, Ankara\u2019dan Denizli\u2019ye ve memleketin bir\u00e7ok yerinden, ad\u0131m att\u0131\u011f\u0131m topraklardan esintiler ve tan\u0131d\u0131\u011f\u0131m b\u00fct\u00fcn insanlardan hik\u00e2yeler&#8230; Bazen a\u015fik\u00e2r bazen gizli\u2026 Ba\u015fka hayatlara yaz\u0131lan \u015fiirler; ba\u015fka hik\u00e2yelere, ba\u015fka hasretlere, ba\u015fka sevdalara\u2026 Bazen de g\u00f6nl\u00fcme dokunan sevdalar\u0131n kalemimden d\u00f6k\u00fclen a\u011fr\u0131lar\u0131\u2026 \u00c7ekti\u011fim hasretlerin kalbimden d\u00f6k\u00fclen damlalar\u0131\u2026 Her \u015fiirde bir \u00f6zlenen vard\u0131r muhakkak Belki de SEN\u2019sin okudu\u011fun \u015fiirin kahraman\u0131\u2026 <\/p>\n","protected":false},"excerpt":{"rendered":"<p>Her \u015fiirin bir hik\u00e2yesi vard\u0131r, Her \u015fairin yaral\u0131 bir yeri\u2026 Bu kitap; Bazen bir hasret, bazen bir \u00f6zlemin yer ald\u0131\u011f\u0131; sevgiye, sevdaya dair duygular\u0131n her tonuyla<span class=\"excerpt-hellip\"> [\u2026]<\/span><\/p>\n","protected":false},"featured_media":0,"template":"","meta":{"_monsterinsights_skip_tracking":false,"_monsterinsights_sitenote_active":false,"_monsterinsights_sitenote_note":"","_monsterinsights_sitenote_category":0},"product_brand":[],"product_cat":[12291,12509],"product_tag":[],"class_list":{"0":"post-768785","1":"product","2":"type-product","3":"status-publish","5":"product_cat-edebiyat","6":"product_cat-siir","7":"pa_cilt-ciltsiz","8":"pa_tur-kitap","9":"pa_yayinevi-ulysses-yayinlari","10":"pa_yazar-sezgin-karadag","12":"first","13":"instock","14":"sale","15":"shipping-taxable","16":"purchasable","17":"product-type-simple"},"_links":{"self":[{"href":"https:\/\/roveyayinevi.com.tr\/index.php\/wp-json\/wp\/v2\/product\/768785","targetHints":{"allow":["GET"]}}],"collection":[{"href":"https:\/\/roveyayinevi.com.tr\/index.php\/wp-json\/wp\/v2\/product"}],"about":[{"href":"https:\/\/roveyayinevi.com.tr\/index.php\/wp-json\/wp\/v2\/types\/product"}],"wp:attachment":[{"href":"https:\/\/roveyayinevi.com.tr\/index.php\/wp-json\/wp\/v2\/media?parent=768785"}],"wp:term":[{"taxonomy":"product_brand","embeddable":true,"href":"https:\/\/roveyayinevi.com.tr\/index.php\/wp-json\/wp\/v2\/product_brand?post=768785"},{"taxonomy":"product_cat","embeddable":true,"href":"https:\/\/roveyayinevi.com.tr\/index.php\/wp-json\/wp\/v2\/product_cat?post=768785"},{"taxonomy":"product_tag","embeddable":true,"href":"https:\/\/roveyayinevi.com.tr\/index.php\/wp-json\/wp\/v2\/product_tag?post=768785"}],"curies":[{"name":"wp","href":"https:\/\/api.w.org\/{rel}","templated":true}]}}