{"id":768782,"date":"2025-08-28T13:32:03","date_gmt":"2025-08-28T10:32:03","guid":{"rendered":"https:\/\/roveyayinevi.com.tr\/index.php\/urun\/gecmisteki-yarali-ruh\/"},"modified":"2026-04-15T03:34:51","modified_gmt":"2026-04-15T00:34:51","slug":"gecmisteki-yarali-ruh","status":"publish","type":"product","link":"https:\/\/roveyayinevi.com.tr\/index.php\/urun\/gecmisteki-yarali-ruh\/","title":{"rendered":"Ge\u00e7mi\u015fteki Yaral\u0131 Ruh"},"content":{"rendered":"<p>On yedi ya\u015f\u0131na bast\u0131\u011f\u0131 gece ailesini trafik kazas\u0131nda kaybeden G\u00f6k\u00e7e Bal Hazer ve abisi G\u00f6ktu\u011f Hazer\u2019in t\u00fcm hayat\u0131 bir gecede tepetaklak olur. Zengin bir ailede b\u00fcy\u00fcyen iki karde\u015f, ailesinin \u00f6l\u00fcm\u00fcn\u00fcn ard\u0131ndan t\u00fcm mal varl\u0131klar\u0131n\u0131 kaybettiklerini \u00f6\u011frenirler. \u0130ki karde\u015f birbirine tutunmaktan ba\u015fka bir \u00e7are bulamaz. Ya\u015fad\u0131klar\u0131 evden ayr\u0131l\u0131rlar. G\u00f6k\u00e7e okudu\u011fu kolejden ayr\u0131l\u0131p okulunu de\u011fi\u015ftirirken, G\u00f6ktu\u011f da \u00fcniversitesini dondurarak ailesinden kalan bor\u00e7lar\u0131 \u00f6demek i\u00e7in \u00e7al\u0131\u015fmaya ba\u015flar. G\u00f6k\u00e7e yeni okuluna ba\u015flar ve okulun motorcu \u00e7ocu\u011fu Doruk \u00c7ak\u0131r Arsal ile tan\u0131\u015f\u0131r. Doruk, hayat\u0131n\u0131 annesi ve erkek karde\u015fine adam\u0131\u015f, hasta karde\u015finin masraflar\u0131 i\u00e7in motor yar\u0131\u015flar\u0131na kat\u0131lan bir gen\u00e7tir. G\u00f6k\u00e7e ve Doruk\u2019un arkada\u015fl\u0131\u011f\u0131 a\u015fka evrilirken ge\u00e7mi\u015f onlar\u0131 bir ad\u0131m gerilerinden takip eder\u2026 \u0130ki ruh, ge\u00e7mi\u015ften gelen yaralar ve hayat\u0131n bir yerlerde bir araya getirdi\u011fi iki beden. Kay\u0131plar, sava\u015flar ve en derin yara izleri\u2026 Onlar, ge\u00e7mi\u015fteki yaral\u0131 birer ruhtu. Kapanan yaralar\u0131, birbirlerini bulmalar\u0131n\u0131n ard\u0131ndan yava\u015f yava\u015f a\u00e7\u0131lmaya ba\u015flam\u0131\u015ft\u0131. \u201cKay\u0131plar vermi\u015f iki karde\u015fin, yaralanm\u0131\u015f ruhlar\u0131n ve ge\u00e7mi\u015ften gelen s\u0131rlar\u0131n birer birer filizlendi\u011fi bu hik\u00e2yede, onlarla m\u0131s\u0131n\u0131z?\u201d <\/p>\n","protected":false},"excerpt":{"rendered":"<p>On yedi ya\u015f\u0131na bast\u0131\u011f\u0131 gece ailesini trafik kazas\u0131nda kaybeden G\u00f6k\u00e7e Bal Hazer ve abisi G\u00f6ktu\u011f Hazer\u2019in t\u00fcm hayat\u0131 bir gecede tepetaklak olur. Zengin bir ailede b\u00fcy\u00fcyen<span class=\"excerpt-hellip\"> [\u2026]<\/span><\/p>\n","protected":false},"featured_media":0,"template":"","meta":{"_monsterinsights_skip_tracking":false,"_monsterinsights_sitenote_active":false,"_monsterinsights_sitenote_note":"","_monsterinsights_sitenote_category":0},"product_brand":[],"product_cat":[12291,12711],"product_tag":[],"class_list":{"0":"post-768782","1":"product","2":"type-product","3":"status-publish","5":"product_cat-edebiyat","6":"product_cat-roman-oyku","7":"pa_cilt-ciltsiz","8":"pa_tur-kitap","9":"pa_yayinevi-ulysses-yayinlari","10":"pa_yazar-yagmur-n-bayac","12":"first","13":"instock","14":"sale","15":"shipping-taxable","16":"purchasable","17":"product-type-simple"},"_links":{"self":[{"href":"https:\/\/roveyayinevi.com.tr\/index.php\/wp-json\/wp\/v2\/product\/768782","targetHints":{"allow":["GET"]}}],"collection":[{"href":"https:\/\/roveyayinevi.com.tr\/index.php\/wp-json\/wp\/v2\/product"}],"about":[{"href":"https:\/\/roveyayinevi.com.tr\/index.php\/wp-json\/wp\/v2\/types\/product"}],"wp:attachment":[{"href":"https:\/\/roveyayinevi.com.tr\/index.php\/wp-json\/wp\/v2\/media?parent=768782"}],"wp:term":[{"taxonomy":"product_brand","embeddable":true,"href":"https:\/\/roveyayinevi.com.tr\/index.php\/wp-json\/wp\/v2\/product_brand?post=768782"},{"taxonomy":"product_cat","embeddable":true,"href":"https:\/\/roveyayinevi.com.tr\/index.php\/wp-json\/wp\/v2\/product_cat?post=768782"},{"taxonomy":"product_tag","embeddable":true,"href":"https:\/\/roveyayinevi.com.tr\/index.php\/wp-json\/wp\/v2\/product_tag?post=768782"}],"curies":[{"name":"wp","href":"https:\/\/api.w.org\/{rel}","templated":true}]}}