{"id":768781,"date":"2025-08-28T13:32:01","date_gmt":"2025-08-28T10:32:01","guid":{"rendered":"https:\/\/roveyayinevi.com.tr\/index.php\/urun\/dilvan\/"},"modified":"2026-04-08T03:31:07","modified_gmt":"2026-04-08T00:31:07","slug":"dilvan","status":"publish","type":"product","link":"https:\/\/roveyayinevi.com.tr\/index.php\/urun\/dilvan\/","title":{"rendered":"Dilvan"},"content":{"rendered":"<p>Anla\u015fmayla ba\u015flayan bir evlilik\u2026 Kaderin ac\u0131mas\u0131z oyunlar\u0131yla s\u0131nanan iki insan. Hayali avukat olmak ve kendi ayaklar\u0131 \u00fczerinde durmak olan Avin. Binbir derdin derman\u0131 olan Maran. Avin, t\u00f6relerin ve babas\u0131n\u0131n kat\u0131 kurallar\u0131n\u0131n \u00f6rd\u00fc\u011f\u00fc duvarlar\u0131 a\u015fmak i\u00e7in m\u00fccadele ederken hayat\u0131n\u0131 k\u00f6kten de\u011fi\u015ftirecek bir karar alm\u0131\u015ft\u0131: Mir\u015fad a\u015firetinin g\u00fc\u00e7l\u00fc a\u011fas\u0131 Maran ile anla\u015fmal\u0131 bir evlilik yapmak. Ancak bu evlilik, Avin\u2019in \u00f6zg\u00fcrl\u00fc\u011fe uzanan yolu mu olacak, yoksa onu ba\u015fka t\u00fcrl\u00fc bir esarete mi s\u00fcr\u00fckleyecek? T\u00f6reye kar\u015f\u0131 duran; hayaller, \u00f6zg\u00fcrl\u00fck ve t\u00f6reler aras\u0131nda s\u0131k\u0131\u015f\u0131p kalm\u0131\u015f bir kad\u0131n\u0131n y\u00fcrek burkan m\u00fccadelesi. <\/p>\n","protected":false},"excerpt":{"rendered":"<p>Anla\u015fmayla ba\u015flayan bir evlilik\u2026 Kaderin ac\u0131mas\u0131z oyunlar\u0131yla s\u0131nanan iki insan. Hayali avukat olmak ve kendi ayaklar\u0131 \u00fczerinde durmak olan Avin. Binbir derdin derman\u0131 olan Maran. Avin,<span class=\"excerpt-hellip\"> [\u2026]<\/span><\/p>\n","protected":false},"featured_media":0,"template":"","meta":{"_monsterinsights_skip_tracking":false,"_monsterinsights_sitenote_active":false,"_monsterinsights_sitenote_note":"","_monsterinsights_sitenote_category":0},"product_brand":[],"product_cat":[12291,12711],"product_tag":[],"class_list":{"0":"post-768781","1":"product","2":"type-product","3":"status-publish","5":"product_cat-edebiyat","6":"product_cat-roman-oyku","7":"pa_cilt-ciltsiz","8":"pa_tur-kitap","9":"pa_yayinevi-ulysses-yayinlari","10":"pa_yazar-a-hanim-colak","12":"first","13":"instock","14":"sale","15":"shipping-taxable","16":"purchasable","17":"product-type-simple"},"_links":{"self":[{"href":"https:\/\/roveyayinevi.com.tr\/index.php\/wp-json\/wp\/v2\/product\/768781","targetHints":{"allow":["GET"]}}],"collection":[{"href":"https:\/\/roveyayinevi.com.tr\/index.php\/wp-json\/wp\/v2\/product"}],"about":[{"href":"https:\/\/roveyayinevi.com.tr\/index.php\/wp-json\/wp\/v2\/types\/product"}],"wp:attachment":[{"href":"https:\/\/roveyayinevi.com.tr\/index.php\/wp-json\/wp\/v2\/media?parent=768781"}],"wp:term":[{"taxonomy":"product_brand","embeddable":true,"href":"https:\/\/roveyayinevi.com.tr\/index.php\/wp-json\/wp\/v2\/product_brand?post=768781"},{"taxonomy":"product_cat","embeddable":true,"href":"https:\/\/roveyayinevi.com.tr\/index.php\/wp-json\/wp\/v2\/product_cat?post=768781"},{"taxonomy":"product_tag","embeddable":true,"href":"https:\/\/roveyayinevi.com.tr\/index.php\/wp-json\/wp\/v2\/product_tag?post=768781"}],"curies":[{"name":"wp","href":"https:\/\/api.w.org\/{rel}","templated":true}]}}