{"id":768777,"date":"2025-08-28T13:31:53","date_gmt":"2025-08-28T10:31:53","guid":{"rendered":"https:\/\/roveyayinevi.com.tr\/index.php\/urun\/filistin-meselesi-1947-1949\/"},"modified":"2026-04-15T03:34:51","modified_gmt":"2026-04-15T00:34:51","slug":"filistin-meselesi-1947-1949","status":"publish","type":"product","link":"https:\/\/roveyayinevi.com.tr\/index.php\/urun\/filistin-meselesi-1947-1949\/","title":{"rendered":"Filistin Meselesi (1947-1949)"},"content":{"rendered":"<p>T\u00fcrkiye\u2019de daha \u00e7ok Tanr\u0131 Buyru\u011fu adl\u0131 Kur\u2019\u00e2n terc\u00fcme ve tefsiriyle tan\u0131nan \u00d6mer R\u0131za Do\u011frul, ayn\u0131 zamanda kendi d\u00f6nemindeki hadiseleri dikkatli bir \u015fekilde takip ve tahlil etmi\u015f bir m\u00fcnevver. Elinizdeki kitap ise Do\u011frul\u2019un bu y\u00f6n\u00fcn\u00fc ortaya \u00e7\u0131karan en \u00f6nemli metinleri bir araya getiriyor. 1947-1949 aral\u0131\u011f\u0131nda kadim Filistin topraklar\u0131n\u0131n siyonistler taraf\u0131ndan i\u015fgal edilerek \u0130srail\u2019in kurulmas\u0131 s\u00fcrecini bir M\u00fcsl\u00fcman g\u00f6z\u00fcyle izleyen \u00d6mer R\u0131za Do\u011frul, hem o g\u00fcnlerin atmosferini ustal\u0131kla yans\u0131t\u0131yor hem de Filistin meselesini T\u00fcrkiye\u2019nin o g\u00fcnk\u00fc \u015fartlar\u0131 \u00e7er\u00e7evesinde \u2018i\u00e7eriden\u2019 bir bak\u0131\u015fla ele al\u0131yor. Do\u011frul, Filistin\u2019in M\u00fcsl\u00fcman kimli\u011fini, Arap direni\u015fini ve siyonist emellerin Ortado\u011fu\u2019da nas\u0131l bir felakete yol a\u00e7t\u0131\u011f\u0131n\u0131 \u00e7arp\u0131c\u0131 bir \u00fcslupla ele al\u0131rken; Osmanl\u0131\u2019n\u0131n b\u00f6lgeden \u00e7ekili\u015finin ard\u0131ndan \u0130slam \u00e2leminin bir araya gelme \u00e7abalar\u0131n\u0131 ve Filistin\u2019in gelece\u011fi i\u00e7in verilen m\u00fccadeleyi detayland\u0131r\u0131yor. Balfour Deklarasyonu\u2019nun b\u00f6lgeye etkisi, Filistin\u2019deki \u0130ngiliz mandas\u0131 rejiminin \u00e7ifte standartlar\u0131 ve siyonistlerin b\u00f6lgeyi kontrol alt\u0131na alma stratejileri Do\u011frul\u2019un yaz\u0131lar\u0131nda birinci elden g\u00f6zlemlerle aktar\u0131l\u0131yor. Merakl\u0131 okurlar a\u00e7\u0131s\u0131ndan kitab\u0131n en dikkat \u00e7ekici b\u00f6l\u00fcmlerinden birini, d\u00f6nemin iki siyas\u00ee akt\u00f6r\u00fc \u00dcrd\u00fcn Kral\u0131 Abdullah ve Kud\u00fcs M\u00fcft\u00fcs\u00fc Hac\u0131 Emin el-H\u00fcseyn\u00ee ile yap\u0131lan m\u00fcl\u00e2katlar olu\u015fturuyor. Filistin Meselesi, 1947-1949, sadece siyonist i\u015fgale odaklanm\u0131yor; ayn\u0131 zamanda Ortado\u011fu ve \u0130sl\u00e2m d\u00fcnyas\u0131ndaki \u00fclkelerin konuya nas\u0131l yakla\u015ft\u0131\u011f\u0131n\u0131, Arap h\u00fck\u00fcmetleri aras\u0131ndaki \u00e7eki\u015fmeleri ve rekabeti de ortaya koyarak asl\u0131nda bug\u00fcn ya\u015fanan bir\u00e7ok meselenin k\u00f6klerinin ge\u00e7ti\u011fimiz y\u00fczy\u0131lda bulundu\u011funu g\u00f6steriyor.<\/p>\n","protected":false},"excerpt":{"rendered":"<p>T\u00fcrkiye\u2019de daha \u00e7ok Tanr\u0131 Buyru\u011fu adl\u0131 Kur\u2019\u00e2n terc\u00fcme ve tefsiriyle tan\u0131nan \u00d6mer R\u0131za Do\u011frul, ayn\u0131 zamanda kendi d\u00f6nemindeki hadiseleri dikkatli bir \u015fekilde takip ve tahlil etmi\u015f<span class=\"excerpt-hellip\"> [\u2026]<\/span><\/p>\n","protected":false},"featured_media":0,"template":"","meta":{"_monsterinsights_skip_tracking":false,"_monsterinsights_sitenote_active":false,"_monsterinsights_sitenote_note":"","_monsterinsights_sitenote_category":0},"product_brand":[],"product_cat":[12370,12304],"product_tag":[],"class_list":{"0":"post-768777","1":"product","2":"type-product","3":"status-publish","5":"product_cat-arastirma-inceleme","6":"product_cat-tarih","7":"pa_cilt-ciltsiz","8":"pa_tur-kitap","9":"pa_yayinevi-ketebe-yayinlari","10":"pa_yazar-omer-riza-dogrul","12":"first","13":"instock","14":"sale","15":"shipping-taxable","16":"purchasable","17":"product-type-simple"},"_links":{"self":[{"href":"https:\/\/roveyayinevi.com.tr\/index.php\/wp-json\/wp\/v2\/product\/768777","targetHints":{"allow":["GET"]}}],"collection":[{"href":"https:\/\/roveyayinevi.com.tr\/index.php\/wp-json\/wp\/v2\/product"}],"about":[{"href":"https:\/\/roveyayinevi.com.tr\/index.php\/wp-json\/wp\/v2\/types\/product"}],"wp:attachment":[{"href":"https:\/\/roveyayinevi.com.tr\/index.php\/wp-json\/wp\/v2\/media?parent=768777"}],"wp:term":[{"taxonomy":"product_brand","embeddable":true,"href":"https:\/\/roveyayinevi.com.tr\/index.php\/wp-json\/wp\/v2\/product_brand?post=768777"},{"taxonomy":"product_cat","embeddable":true,"href":"https:\/\/roveyayinevi.com.tr\/index.php\/wp-json\/wp\/v2\/product_cat?post=768777"},{"taxonomy":"product_tag","embeddable":true,"href":"https:\/\/roveyayinevi.com.tr\/index.php\/wp-json\/wp\/v2\/product_tag?post=768777"}],"curies":[{"name":"wp","href":"https:\/\/api.w.org\/{rel}","templated":true}]}}