{"id":768776,"date":"2025-08-28T13:31:52","date_gmt":"2025-08-28T10:31:52","guid":{"rendered":"https:\/\/roveyayinevi.com.tr\/index.php\/urun\/uyanis-8\/"},"modified":"2026-04-15T03:34:51","modified_gmt":"2026-04-15T00:34:51","slug":"uyanis-8","status":"publish","type":"product","link":"https:\/\/roveyayinevi.com.tr\/index.php\/urun\/uyanis-8\/","title":{"rendered":"Uyan\u0131\u015f"},"content":{"rendered":"<p>Uzun y\u0131llar petrol tr\u00f6stlerine dan\u0131\u015fmanl\u0131k yapan ve akabinde bu hizmetlerinden dolay\u0131 ABD D\u0131\u015fi\u015fleri Bakan\u0131 yap\u0131larak kendisine yeni g\u00f6revler y\u00fcklenen Condelezza Rice\u2019\u0131n, Amerikan Senatosunda yapt\u0131\u011f\u0131 \u201c22 \u00fclkenin s\u0131n\u0131rlar\u0131 de\u011fi\u015fecek.\u201d a\u00e7\u0131klamas\u0131yla, k\u00fcresel hakimiyet projesi kendini a\u00e7\u0131k etti. \u0130srail, ABD\u2019nin b\u00fct\u00fcn kurumlar\u0131yla destekledi\u011fi bu proje ile \u201cB\u00fcy\u00fck \u0130srail\u201di kurma hayalini ger\u00e7ekle\u015ftirme hedefine do\u011fru ilerlemeye ba\u015flad\u0131. Bu \u00e7al\u0131\u015fmada; bug\u00fcn \u0130srail\u2019in topyek\u00fbn ortadan kald\u0131rmaya \u00e7al\u0131\u015ft\u0131\u011f\u0131 Filistin sorununun, i\u015fgalin ve Tek D\u00fcnya \u0130mparatorlu\u011fu h\u0131rs\u0131yla her alanda g\u00f6r\u00fclen yay\u0131lmac\u0131l\u0131\u011f\u0131n bilgi ve belgelerini bulacaks\u0131n\u0131z. <\/p>\n","protected":false},"excerpt":{"rendered":"<p>Uzun y\u0131llar petrol tr\u00f6stlerine dan\u0131\u015fmanl\u0131k yapan ve akabinde bu hizmetlerinden dolay\u0131 ABD D\u0131\u015fi\u015fleri Bakan\u0131 yap\u0131larak kendisine yeni g\u00f6revler y\u00fcklenen Condelezza Rice\u2019\u0131n, Amerikan Senatosunda yapt\u0131\u011f\u0131 \u201c22 \u00fclkenin<span class=\"excerpt-hellip\"> [\u2026]<\/span><\/p>\n","protected":false},"featured_media":0,"template":"","meta":{"_monsterinsights_skip_tracking":false,"_monsterinsights_sitenote_active":false,"_monsterinsights_sitenote_note":"","_monsterinsights_sitenote_category":0},"product_brand":[],"product_cat":[13590,12337],"product_tag":[],"class_list":{"0":"post-768776","1":"product","2":"type-product","3":"status-publish","5":"product_cat-arastirma-inceleme-politika-siyaset","6":"product_cat-politika-siyaset","7":"pa_cilt-ciltsiz","8":"pa_tur-kitap","9":"pa_yayinevi-cinaralti-yayinlari","10":"pa_yazar-hakan-yilmaz-cebi","12":"first","13":"instock","14":"sale","15":"shipping-taxable","16":"purchasable","17":"product-type-simple"},"_links":{"self":[{"href":"https:\/\/roveyayinevi.com.tr\/index.php\/wp-json\/wp\/v2\/product\/768776","targetHints":{"allow":["GET"]}}],"collection":[{"href":"https:\/\/roveyayinevi.com.tr\/index.php\/wp-json\/wp\/v2\/product"}],"about":[{"href":"https:\/\/roveyayinevi.com.tr\/index.php\/wp-json\/wp\/v2\/types\/product"}],"wp:attachment":[{"href":"https:\/\/roveyayinevi.com.tr\/index.php\/wp-json\/wp\/v2\/media?parent=768776"}],"wp:term":[{"taxonomy":"product_brand","embeddable":true,"href":"https:\/\/roveyayinevi.com.tr\/index.php\/wp-json\/wp\/v2\/product_brand?post=768776"},{"taxonomy":"product_cat","embeddable":true,"href":"https:\/\/roveyayinevi.com.tr\/index.php\/wp-json\/wp\/v2\/product_cat?post=768776"},{"taxonomy":"product_tag","embeddable":true,"href":"https:\/\/roveyayinevi.com.tr\/index.php\/wp-json\/wp\/v2\/product_tag?post=768776"}],"curies":[{"name":"wp","href":"https:\/\/api.w.org\/{rel}","templated":true}]}}