{"id":768774,"date":"2025-08-28T13:31:47","date_gmt":"2025-08-28T10:31:47","guid":{"rendered":"https:\/\/roveyayinevi.com.tr\/index.php\/urun\/her-kimsen-son-set-ciltli\/"},"modified":"2026-04-15T03:34:51","modified_gmt":"2026-04-15T00:34:51","slug":"her-kimsen-son-set-ciltli","status":"publish","type":"product","link":"https:\/\/roveyayinevi.com.tr\/index.php\/urun\/her-kimsen-son-set-ciltli\/","title":{"rendered":"Her Kimsen &#8211; Son Set (Ciltli)"},"content":{"rendered":"<p>Say\u0131n sen, art\u0131k beni tan\u0131yorsun.   Ben Deva. Bildi\u011fin \u00fczere soyad\u0131n\u0131n hakk\u0131n\u0131 veren \u00e7etin bir kad\u0131n\u0131m.   Erkek k\u0131l\u0131\u011f\u0131na girerek ba\u015flad\u0131\u011f\u0131m bu yolculukta d\u00fc\u015ft\u00fcm, kalkt\u0131m ve \u00e2\u015f\u0131k oldum. Zaten erkek gibi b\u00fcy\u00fcd\u00fcm, sorun olmaz, ger\u00e7ekler ortaya \u00e7\u0131kmaz sand\u0131m ama hayat bana i\u015flerin o kadar da kolay olmad\u0131\u011f\u0131n\u0131 g\u00f6sterdi.   E\u011fer Her Kimsen diyerek biten bu yolculu\u011fun nereye gitti\u011fini merak ediyorsan do\u011fru yerdesin. Bu sefer hik\u00e2yenin sonunu seninle beraber getirece\u011fiz.   Erkek k\u0131l\u0131\u011f\u0131na girmek mi daha zordur yoksa bunun ortaya \u00e7\u0131kmas\u0131 m\u0131, i\u015fte oras\u0131n\u0131 birlikte g\u00f6rece\u011fiz.   Ama bir kere daha s\u00f6ylemeden edemeyece\u011fim, yol \u00e7ok engebeli. Sen kemerini takmay\u0131 yine ihmal etme. Bu sefer hem agresif hem de ger\u00e7eklerle y\u00fczle\u015fince ne yapaca\u011f\u0131n\u0131 bilemeyen tela\u015fl\u0131 bir \u015fof\u00f6r\u00fcm.   Ve evet\u2026 Haz\u0131rsan devam edelim mi?<\/p>\n","protected":false},"excerpt":{"rendered":"<p>Say\u0131n sen, art\u0131k beni tan\u0131yorsun. Ben Deva. Bildi\u011fin \u00fczere soyad\u0131n\u0131n hakk\u0131n\u0131 veren \u00e7etin bir kad\u0131n\u0131m. Erkek k\u0131l\u0131\u011f\u0131na girerek ba\u015flad\u0131\u011f\u0131m bu yolculukta d\u00fc\u015ft\u00fcm, kalkt\u0131m ve \u00e2\u015f\u0131k oldum.<span class=\"excerpt-hellip\"> [\u2026]<\/span><\/p>\n","protected":false},"featured_media":0,"template":"","meta":{"_monsterinsights_skip_tracking":false,"_monsterinsights_sitenote_active":false,"_monsterinsights_sitenote_note":"","_monsterinsights_sitenote_category":0},"product_brand":[],"product_cat":[12291,12711],"product_tag":[],"class_list":{"0":"post-768774","1":"product","2":"type-product","3":"status-publish","5":"product_cat-edebiyat","6":"product_cat-roman-oyku","7":"pa_cilt-ciltli","8":"pa_tur-kitap","9":"pa_yayinevi-artemis-yayinlari","10":"pa_yazar-r-ideli","12":"first","13":"instock","14":"sale","15":"shipping-taxable","16":"purchasable","17":"product-type-simple"},"_links":{"self":[{"href":"https:\/\/roveyayinevi.com.tr\/index.php\/wp-json\/wp\/v2\/product\/768774","targetHints":{"allow":["GET"]}}],"collection":[{"href":"https:\/\/roveyayinevi.com.tr\/index.php\/wp-json\/wp\/v2\/product"}],"about":[{"href":"https:\/\/roveyayinevi.com.tr\/index.php\/wp-json\/wp\/v2\/types\/product"}],"wp:attachment":[{"href":"https:\/\/roveyayinevi.com.tr\/index.php\/wp-json\/wp\/v2\/media?parent=768774"}],"wp:term":[{"taxonomy":"product_brand","embeddable":true,"href":"https:\/\/roveyayinevi.com.tr\/index.php\/wp-json\/wp\/v2\/product_brand?post=768774"},{"taxonomy":"product_cat","embeddable":true,"href":"https:\/\/roveyayinevi.com.tr\/index.php\/wp-json\/wp\/v2\/product_cat?post=768774"},{"taxonomy":"product_tag","embeddable":true,"href":"https:\/\/roveyayinevi.com.tr\/index.php\/wp-json\/wp\/v2\/product_tag?post=768774"}],"curies":[{"name":"wp","href":"https:\/\/api.w.org\/{rel}","templated":true}]}}