{"id":768773,"date":"2025-08-28T13:31:46","date_gmt":"2025-08-28T10:31:46","guid":{"rendered":"https:\/\/roveyayinevi.com.tr\/index.php\/urun\/sosyal-empati\/"},"modified":"2026-04-15T03:34:51","modified_gmt":"2026-04-15T00:34:51","slug":"sosyal-empati","status":"publish","type":"product","link":"https:\/\/roveyayinevi.com.tr\/index.php\/urun\/sosyal-empati\/","title":{"rendered":"Sosyal Empati"},"content":{"rendered":"<p>Hayatta kalabilmek i\u00e7in ba\u015fkalar\u0131na ihtiya\u00e7 duyar\u0131z ve insanlar\u0131 \u201cokuma\u201d becerimiz hayatta kalmada ba\u015far\u0131l\u0131 olma ihtimalini art\u0131r\u0131r. Bizimki gibi bir t\u00fcr\u00fcn hayatta kalmas\u0131 empatiyle ilgili iki \u00f6nemli beceriyi gerektirir. \u0130lk olarak, ba\u015fkalar\u0131ndaki korku belirtilerini yakalayabilmemiz gerekir. \u0130kinci olarak, \u00e7ocuklar\u0131m\u0131z\u0131n ilgilenmemiz gereken ihtiya\u00e7lar\u0131 oldu\u011funu kabul etmeli ve biz de \u00f6zenle bu ihtiya\u00e7lar\u0131 kar\u015f\u0131lamal\u0131y\u0131z. Ancak korkuyu hissedip buna tepki vermek ve ba\u015fka bir ki\u015finin ihtiya\u00e7lar\u0131n\u0131 okumak bizi mutlaka empatik yapmaz. Bunlar \u00f6nemli ara\u00e7lard\u0131r ancak empatiye tam anlam\u0131yla d\u00f6n\u00fc\u015febilmeleri i\u00e7in daha fazla e\u011fitim ve beceri gerekecektir. Empatiyi ki\u015filer aras\u0131 empati ve sosyal empati olarak ayr\u0131\u015ft\u0131ran yazar Elizabeth Segal, ki\u015filer aras\u0131 ve sosyal empati konusunda beceri sahibi olundu\u011funda, sosyal durumlar\u0131n ba\u015far\u0131l\u0131 bir \u015fekilde y\u00f6netilme olas\u0131l\u0131\u011f\u0131n\u0131n daha y\u00fcksek oldu\u011funu savunmaktad\u0131r. Sosyal empati, ki\u015filer aras\u0131 empatinin daha geni\u015f alanda kullan\u0131m\u0131d\u0131r. \u0130nsanlar\u0131 ve di\u011fer sosyal gruplar\u0131, onlar\u0131n durumlar\u0131n\u0131 alg\u0131layarak ve deneyimleyerek anlama becerisidir. Segal\u2019e g\u00f6re gruplar aras\u0131nda empatiyi g\u00fc\u00e7lendirdi\u011fimizde uyumlu, duyarl\u0131 ve ba\u015far\u0131l\u0131 topluluklar yarat\u0131r\u0131z. Tarih boyunca insanl\u0131k daha empatik olma konusunda ilerleme kaydetmi\u015ftir. Daha empatik olma konusunda etkilenenler, kar\u015f\u0131l\u0131\u011f\u0131nda ba\u015fkalar\u0131n\u0131 da etkilemi\u015ftir. Empatinin tarihi budur. Empati bir ki\u015fiden di\u011ferine, bir gruptan di\u011ferine yay\u0131l\u0131r, ta ki farkl\u0131l\u0131klar ortadan kalkana ve \u201conlar\u201d \u201cbiz\u201d olana kadar. Bu y\u00fczden sosyal empatinin anla\u015f\u0131lmas\u0131 \u00f6nemlidir ve bu kitap da buna hizmet etmektedir. <\/p>\n","protected":false},"excerpt":{"rendered":"<p>Hayatta kalabilmek i\u00e7in ba\u015fkalar\u0131na ihtiya\u00e7 duyar\u0131z ve insanlar\u0131 \u201cokuma\u201d becerimiz hayatta kalmada ba\u015far\u0131l\u0131 olma ihtimalini art\u0131r\u0131r. Bizimki gibi bir t\u00fcr\u00fcn hayatta kalmas\u0131 empatiyle ilgili iki \u00f6nemli<span class=\"excerpt-hellip\"> [\u2026]<\/span><\/p>\n","protected":false},"featured_media":0,"template":"","meta":{"_monsterinsights_skip_tracking":false,"_monsterinsights_sitenote_active":false,"_monsterinsights_sitenote_note":"","_monsterinsights_sitenote_category":0},"product_brand":[],"product_cat":[12357],"product_tag":[],"class_list":{"0":"post-768773","1":"product","2":"type-product","3":"status-publish","5":"product_cat-psikoloji","6":"pa_cilt-ciltsiz","7":"pa_tur-kitap","8":"pa_yayinevi-sahi-kitap","9":"pa_yazar-elizabeth-a-segal","11":"first","12":"instock","13":"sale","14":"shipping-taxable","15":"purchasable","16":"product-type-simple"},"_links":{"self":[{"href":"https:\/\/roveyayinevi.com.tr\/index.php\/wp-json\/wp\/v2\/product\/768773","targetHints":{"allow":["GET"]}}],"collection":[{"href":"https:\/\/roveyayinevi.com.tr\/index.php\/wp-json\/wp\/v2\/product"}],"about":[{"href":"https:\/\/roveyayinevi.com.tr\/index.php\/wp-json\/wp\/v2\/types\/product"}],"wp:attachment":[{"href":"https:\/\/roveyayinevi.com.tr\/index.php\/wp-json\/wp\/v2\/media?parent=768773"}],"wp:term":[{"taxonomy":"product_brand","embeddable":true,"href":"https:\/\/roveyayinevi.com.tr\/index.php\/wp-json\/wp\/v2\/product_brand?post=768773"},{"taxonomy":"product_cat","embeddable":true,"href":"https:\/\/roveyayinevi.com.tr\/index.php\/wp-json\/wp\/v2\/product_cat?post=768773"},{"taxonomy":"product_tag","embeddable":true,"href":"https:\/\/roveyayinevi.com.tr\/index.php\/wp-json\/wp\/v2\/product_tag?post=768773"}],"curies":[{"name":"wp","href":"https:\/\/api.w.org\/{rel}","templated":true}]}}