{"id":768772,"date":"2025-08-28T13:31:45","date_gmt":"2025-08-28T10:31:45","guid":{"rendered":"https:\/\/roveyayinevi.com.tr\/index.php\/urun\/buyuk-ramses\/"},"modified":"2026-04-15T03:34:50","modified_gmt":"2026-04-15T00:34:50","slug":"buyuk-ramses","status":"publish","type":"product","link":"https:\/\/roveyayinevi.com.tr\/index.php\/urun\/buyuk-ramses\/","title":{"rendered":"B\u00fcy\u00fck Ramses"},"content":{"rendered":"<p>II. Ramses, Nil Vadisi&#8217;ni ve M\u0131s\u0131r imparatorlu\u011funun h\u00e2kimiyetindeki geni\u015f co\u011frafyay\u0131 M\u00d6 1279&#8217;dan1213&#8217;e kadar y\u00f6netti. Bu da onu en uzun s\u00fcre tahtta kalan firavunlardan biri yap\u0131yor. K\u00fclt\u00fcrel konulardayenilik\u00e7i, dur durak bilmeden kendi propagandas\u0131n\u0131 yapan zeki bir diplomatt\u0131. Kade\u015f Sava\u015f\u0131&#8217;ndan sonraimzalanan bar\u0131\u015f antla\u015fmas\u0131 tarihin kaydetti\u011fi bir ilkti. Di\u011fer t\u00fcm M\u0131s\u0131r firavunlar\u0131n\u0131 geride b\u0131rakarak EbuSimbel&#8217;deki tap\u0131naklar\u0131, Karnak&#8217;taki b\u00fcy\u00fck hipostil salonu, kar\u0131s\u0131 Nefertari&#8217;nin an\u0131t mezar\u0131n\u0131 ve kendi an\u0131t\u0131olan Ramesseum&#8217;u in\u015fa etti.\u00dcn\u00fc di\u011fer t\u00fcm firavunlar\u0131 g\u00f6lgede b\u0131rakt\u0131 demek m\u00fcbala\u011fa olmaz: \u0130ncil&#8217;de bir despot olarak yerilmi\u015f,edebiyatta Ozymandias olarak nam salm\u0131\u015f ve antik d\u00fcnyay\u0131 ara\u015ft\u0131ran ilk tarih\u00e7iler taraf\u0131ndan Gen\u00e7Memnon olarak \u00f6v\u00fclm\u00fc\u015ft\u00fc. H\u00fck\u00fcmdarl\u0131\u011f\u0131, Eski M\u0131s\u0131r&#8217;\u0131n g\u00fcc\u00fcn\u00fcn ve refah\u0131n\u0131n zirvesi olan Yeni Krall\u0131k(M\u00d6 1539-1069) ile \u00f6zde\u015fle\u015fmi\u015fti.Toby Wilkinson haz\u0131rlad\u0131\u011f\u0131 bu yetkin biyografi eserinde Ramses&#8217;in u\u011fra\u015flar\u0131 ve tercihleri \u00fczerindenmegaloman bir h\u00fck\u00fcmdar\u0131n metot ve ama\u00e7lar\u0131n\u0131 g\u00f6z \u00f6n\u00fcne seriyor ve bunlardan g\u00fcn\u00fcm\u00fcz i\u00e7in dersler de\u00e7\u0131kar\u0131yor.<\/p>\n","protected":false},"excerpt":{"rendered":"<p>II. Ramses, Nil Vadisi&#8217;ni ve M\u0131s\u0131r imparatorlu\u011funun h\u00e2kimiyetindeki geni\u015f co\u011frafyay\u0131 M\u00d6 1279&#8217;dan1213&#8217;e kadar y\u00f6netti. Bu da onu en uzun s\u00fcre tahtta kalan firavunlardan biri yap\u0131yor. K\u00fclt\u00fcrel<span class=\"excerpt-hellip\"> [\u2026]<\/span><\/p>\n","protected":false},"featured_media":0,"template":"","meta":{"_monsterinsights_skip_tracking":false,"_monsterinsights_sitenote_active":false,"_monsterinsights_sitenote_note":"","_monsterinsights_sitenote_category":0},"product_brand":[],"product_cat":[12304],"product_tag":[],"class_list":{"0":"post-768772","1":"product","2":"type-product","3":"status-publish","5":"product_cat-tarih","6":"pa_cilt-ciltsiz","7":"pa_tur-kitap","8":"pa_yayinevi-yeditepe-yayinevi","9":"pa_yazar-toby-wilkinson","11":"first","12":"instock","13":"sale","14":"shipping-taxable","15":"purchasable","16":"product-type-simple"},"_links":{"self":[{"href":"https:\/\/roveyayinevi.com.tr\/index.php\/wp-json\/wp\/v2\/product\/768772","targetHints":{"allow":["GET"]}}],"collection":[{"href":"https:\/\/roveyayinevi.com.tr\/index.php\/wp-json\/wp\/v2\/product"}],"about":[{"href":"https:\/\/roveyayinevi.com.tr\/index.php\/wp-json\/wp\/v2\/types\/product"}],"wp:attachment":[{"href":"https:\/\/roveyayinevi.com.tr\/index.php\/wp-json\/wp\/v2\/media?parent=768772"}],"wp:term":[{"taxonomy":"product_brand","embeddable":true,"href":"https:\/\/roveyayinevi.com.tr\/index.php\/wp-json\/wp\/v2\/product_brand?post=768772"},{"taxonomy":"product_cat","embeddable":true,"href":"https:\/\/roveyayinevi.com.tr\/index.php\/wp-json\/wp\/v2\/product_cat?post=768772"},{"taxonomy":"product_tag","embeddable":true,"href":"https:\/\/roveyayinevi.com.tr\/index.php\/wp-json\/wp\/v2\/product_tag?post=768772"}],"curies":[{"name":"wp","href":"https:\/\/api.w.org\/{rel}","templated":true}]}}