{"id":768771,"date":"2025-08-28T13:31:44","date_gmt":"2025-08-28T10:31:44","guid":{"rendered":"https:\/\/roveyayinevi.com.tr\/index.php\/urun\/ekranin-ardinda-kaybolan-insan\/"},"modified":"2026-04-15T03:34:50","modified_gmt":"2026-04-15T00:34:50","slug":"ekranin-ardinda-kaybolan-insan","status":"publish","type":"product","link":"https:\/\/roveyayinevi.com.tr\/index.php\/urun\/ekranin-ardinda-kaybolan-insan\/","title":{"rendered":"Ekran\u0131n Ard\u0131nda Kaybolan \u0130nsan"},"content":{"rendered":"<p>\u0130lk ad\u0131m belki de zarars\u0131z bir \u015feyle ba\u015flad\u0131: \u00c7i\u00e7ekler. Do\u011fa, evlerimize \u00e7i\u00e7eklerle ta\u015f\u0131nd\u0131 ama bak\u0131m\u0131 zordu, \u00f6m\u00fcrleri k\u0131sayd\u0131. \u201cNeden sonsuza dek canl\u0131 gibi duran \u00e7i\u00e7ekler yapmayal\u0131m?\u201d diye d\u00fc\u015f\u00fcnd\u00fck. B\u00f6ylece her daim m\u00fckemmel g\u00f6r\u00fcnecek yapay \u00e7i\u00e7ekler hayat\u0131m\u0131za girdi. Ama bu m\u00fckemmeliyetin bir bedeli var: Ger\u00e7ekten uzakla\u015fmak.   \u00c7i\u00e7eklerle ba\u015flad\u0131k ama bu yetmedi. Etraf\u0131m\u0131zda do\u011fan\u0131n kokusu da olsun istedik. Bu y\u00fczden parf\u00fcm \u015fi\u015felerine yapay kokular eklemeye ba\u015flad\u0131k. Lavanta kokusu, okyanus esintisi ya da taze meyve aromas\u0131&#8230; Hepsi bir \u015fi\u015fenin i\u00e7inde, birka\u00e7 p\u00fcsk\u00fcrtme kadar yak\u0131n.   Daha sonra midemiz hedef al\u0131nd\u0131. Laboratuvar ortam\u0131nda \u00fcretilen yapay etler, geneti\u011fi de\u011fi\u015ftirilmi\u015f sebzeler, daha uzun \u00f6m\u00fcrl\u00fc, daha dayan\u0131kl\u0131 ve her zaman ula\u015f\u0131labilir hale getirildi. S\u00fcpermarket raflar\u0131nda g\u00f6rd\u00fc\u011f\u00fcm\u00fcz yiyeceklerin art\u0131k \u00e7o\u011fu, ger\u00e7ek anlamda do\u011fan\u0131n bir \u00fcr\u00fcn\u00fc de\u011fil.   G\u0131dalar\u0131m\u0131z yapay hale geldik\u00e7e, beyinlerimiz de ayn\u0131 s\u00fcre\u00e7ten ge\u00e7ti. Yapay bilgi, sahte haberler, yanl\u0131\u015f y\u00f6nlendirmeler hayat\u0131m\u0131z\u0131 ku\u015fatt\u0131. Art\u0131k do\u011fruyu yanl\u0131\u015ftan ay\u0131rmak zorla\u015ft\u0131. Dijital d\u00fcnyan\u0131n bu yapay bilgi bombard\u0131man\u0131, bir yandan her \u015fey hakk\u0131nda bilgi sahibi olmam\u0131z\u0131 sa\u011flarken, di\u011fer yandan ger\u00e7ek bilginin ne oldu\u011funa dair kafam\u0131z\u0131 kar\u0131\u015ft\u0131rd\u0131.   Ve i\u015fte nihayet, bu yapayl\u0131k yolculu\u011funun son noktas\u0131: Yapay zek\u00e2. Art\u0131k makineler bizim yerimize d\u00fc\u015f\u00fcn\u00fcyor, analiz yap\u0131yor, kararlar al\u0131yor. \u0130nsan beyninin yaratt\u0131\u011f\u0131 en b\u00fcy\u00fck icatlardan biri olan yapay zek\u00e2, \u015fimdi insanl\u0131\u011f\u0131n kendisine meydan okuyor.   Yapay \u00e7i\u00e7eklerle ba\u015flayan bu yolculuk, yapay zek\u00e2ya kadar uzanan bir d\u00f6n\u00fc\u015f\u00fcm hik\u00e2yesi. Peki bu s\u00fcre\u00e7te biz neye d\u00f6n\u00fc\u015ft\u00fck?..<\/p>\n","protected":false},"excerpt":{"rendered":"<p>\u0130lk ad\u0131m belki de zarars\u0131z bir \u015feyle ba\u015flad\u0131: \u00c7i\u00e7ekler. Do\u011fa, evlerimize \u00e7i\u00e7eklerle ta\u015f\u0131nd\u0131 ama bak\u0131m\u0131 zordu, \u00f6m\u00fcrleri k\u0131sayd\u0131. \u201cNeden sonsuza dek canl\u0131 gibi duran \u00e7i\u00e7ekler yapmayal\u0131m?\u201d<span class=\"excerpt-hellip\"> [\u2026]<\/span><\/p>\n","protected":false},"featured_media":0,"template":"","meta":{"_monsterinsights_skip_tracking":false,"_monsterinsights_sitenote_active":false,"_monsterinsights_sitenote_note":"","_monsterinsights_sitenote_category":0},"product_brand":[],"product_cat":[13005],"product_tag":[],"class_list":{"0":"post-768771","1":"product","2":"type-product","3":"status-publish","5":"product_cat-bilim-muhendislik","6":"pa_cilt-ciltsiz","7":"pa_tur-kitap","8":"pa_yayinevi-pozitif-yayinlari","9":"pa_yazar-tugba-sengul-lik","11":"first","12":"instock","13":"sale","14":"shipping-taxable","15":"purchasable","16":"product-type-simple"},"_links":{"self":[{"href":"https:\/\/roveyayinevi.com.tr\/index.php\/wp-json\/wp\/v2\/product\/768771","targetHints":{"allow":["GET"]}}],"collection":[{"href":"https:\/\/roveyayinevi.com.tr\/index.php\/wp-json\/wp\/v2\/product"}],"about":[{"href":"https:\/\/roveyayinevi.com.tr\/index.php\/wp-json\/wp\/v2\/types\/product"}],"wp:attachment":[{"href":"https:\/\/roveyayinevi.com.tr\/index.php\/wp-json\/wp\/v2\/media?parent=768771"}],"wp:term":[{"taxonomy":"product_brand","embeddable":true,"href":"https:\/\/roveyayinevi.com.tr\/index.php\/wp-json\/wp\/v2\/product_brand?post=768771"},{"taxonomy":"product_cat","embeddable":true,"href":"https:\/\/roveyayinevi.com.tr\/index.php\/wp-json\/wp\/v2\/product_cat?post=768771"},{"taxonomy":"product_tag","embeddable":true,"href":"https:\/\/roveyayinevi.com.tr\/index.php\/wp-json\/wp\/v2\/product_tag?post=768771"}],"curies":[{"name":"wp","href":"https:\/\/api.w.org\/{rel}","templated":true}]}}