{"id":768770,"date":"2025-08-28T13:31:43","date_gmt":"2025-08-28T10:31:43","guid":{"rendered":"https:\/\/roveyayinevi.com.tr\/index.php\/urun\/satinalma-sanati-ve-insan\/"},"modified":"2026-04-15T03:34:50","modified_gmt":"2026-04-15T00:34:50","slug":"satinalma-sanati-ve-insan","status":"publish","type":"product","link":"https:\/\/roveyayinevi.com.tr\/index.php\/urun\/satinalma-sanati-ve-insan\/","title":{"rendered":"Sat\u0131nalma Sanat\u0131 ve \u0130nsan"},"content":{"rendered":"<p>Bu kitapta en az \u00fc\u00e7 tedarik\u00e7iden teklif al\u0131n, \u00e7apa kullan\u0131n gibi her yerde bulaca\u011f\u0131n\u0131z standart sat\u0131nalma bilgilerini g\u00f6rmeyeceksiniz. Onun yerine yeni bir \u00fcr\u00fcn veya hizmetin do\u011fumundan itibaren proje y\u00f6netimi, teklif alma ve de\u011ferlendirme, do\u011fru tedarik\u00e7i se\u00e7imi ve uzun s\u00fcreli tedarik\u00e7i y\u00f6netimi gibi konularda Ak\u0131n Erg\u00fcr\u2019\u00fcn otuz y\u0131ll\u0131k deneyiminden yararlanma f\u0131rsat\u0131 bulacaks\u0131n\u0131z. Bu kitapta \u00f6ncelikle \u2018insan\u2019 g\u00f6receksiniz. \u0130li\u015fki y\u00f6netiminden liderli\u011fe, m\u00fczakereden ki\u015fisel geli\u015fime, farkl\u0131 bak\u0131\u015f a\u00e7\u0131lar\u0131 geli\u015ftirmekten imaj y\u00f6netimine kadar bir\u00e7ok alana dair g\u00f6zlem, izlenim ve tecr\u00fcbelerin dam\u0131t\u0131lm\u0131\u015f p\u00fcf noktalar\u0131n\u0131 okuyacaks\u0131n\u0131z. B\u00f6ylece hem ki\u015fisel hem de \u015firket hedeflerine ula\u015fman\u0131n yollar\u0131na dair yeni bir bak\u0131\u015f a\u00e7\u0131s\u0131 edinebileceksiniz.     \u2018Pazarl\u0131k Taktikleri ve \u0130kna\u2019 konulu Sat\u0131nalma Muhabbetlerinde verdi\u011finiz bir \u00f6rne\u011fi i\u015f hayat\u0131nda uygulayarak \u00e7ok verimli ve k\u0131sa s\u00fcrede bir kazan\u00e7 sa\u011flad\u0131m.   *   Ger\u00e7ekten ihtiyac\u0131m\u0131z olan \u015fey. Tam bize g\u00f6re. Ak\u0131n Bey, sizin d\u0131\u015f\u0131n\u0131zda kimse cesaret edemezdi.   *   Ak\u0131n Bey olsa ne d\u00fc\u015f\u00fcn\u00fcrd\u00fc ve ne yapard\u0131 dedim ve sizin taktikle hi\u00e7 beklenmedik bir \u015fekilde \u00e7ok zor bir i\u015fi kapatt\u0131m<\/p>\n","protected":false},"excerpt":{"rendered":"<p>Bu kitapta en az \u00fc\u00e7 tedarik\u00e7iden teklif al\u0131n, \u00e7apa kullan\u0131n gibi her yerde bulaca\u011f\u0131n\u0131z standart sat\u0131nalma bilgilerini g\u00f6rmeyeceksiniz. Onun yerine yeni bir \u00fcr\u00fcn veya hizmetin do\u011fumundan<span class=\"excerpt-hellip\"> [\u2026]<\/span><\/p>\n","protected":false},"featured_media":0,"template":"","meta":{"_monsterinsights_skip_tracking":false,"_monsterinsights_sitenote_active":false,"_monsterinsights_sitenote_note":"","_monsterinsights_sitenote_category":0},"product_brand":[],"product_cat":[13043,17492],"product_tag":[],"class_list":{"0":"post-768770","1":"product","2":"type-product","3":"status-publish","5":"product_cat-ekonomi","6":"product_cat-pazarlama-satis-reklam","7":"pa_cilt-ciltsiz","8":"pa_tur-kitap","9":"pa_yayinevi-pozitif-yayinlari","10":"pa_yazar-akin-ergur","12":"first","13":"instock","14":"sale","15":"shipping-taxable","16":"purchasable","17":"product-type-simple"},"_links":{"self":[{"href":"https:\/\/roveyayinevi.com.tr\/index.php\/wp-json\/wp\/v2\/product\/768770","targetHints":{"allow":["GET"]}}],"collection":[{"href":"https:\/\/roveyayinevi.com.tr\/index.php\/wp-json\/wp\/v2\/product"}],"about":[{"href":"https:\/\/roveyayinevi.com.tr\/index.php\/wp-json\/wp\/v2\/types\/product"}],"wp:attachment":[{"href":"https:\/\/roveyayinevi.com.tr\/index.php\/wp-json\/wp\/v2\/media?parent=768770"}],"wp:term":[{"taxonomy":"product_brand","embeddable":true,"href":"https:\/\/roveyayinevi.com.tr\/index.php\/wp-json\/wp\/v2\/product_brand?post=768770"},{"taxonomy":"product_cat","embeddable":true,"href":"https:\/\/roveyayinevi.com.tr\/index.php\/wp-json\/wp\/v2\/product_cat?post=768770"},{"taxonomy":"product_tag","embeddable":true,"href":"https:\/\/roveyayinevi.com.tr\/index.php\/wp-json\/wp\/v2\/product_tag?post=768770"}],"curies":[{"name":"wp","href":"https:\/\/api.w.org\/{rel}","templated":true}]}}