{"id":768769,"date":"2025-08-28T13:31:41","date_gmt":"2025-08-28T10:31:41","guid":{"rendered":"https:\/\/roveyayinevi.com.tr\/index.php\/urun\/yapay-zeka-ve-akilli-ulasim-sistemleri\/"},"modified":"2026-04-15T03:34:50","modified_gmt":"2026-04-15T00:34:50","slug":"yapay-zeka-ve-akilli-ulasim-sistemleri","status":"publish","type":"product","link":"https:\/\/roveyayinevi.com.tr\/index.php\/urun\/yapay-zeka-ve-akilli-ulasim-sistemleri\/","title":{"rendered":"Yapay Zeka ve Ak\u0131ll\u0131 Ula\u015f\u0131m Sistemleri"},"content":{"rendered":"<p>K\u00fcresel \u00f6l\u00e7ekte h\u0131zla artan kentle\u015fme, teknolojik geli\u015fmeler ve s\u00fcrd\u00fcr\u00fclebilirlik gereksinimleri, ula\u015f\u0131m sistemlerini yeniden \u015fekillendiren \u00f6nemli d\u00f6n\u00fc\u015f\u00fcmleri beraberinde getirmektedir. &#8220;Yapay Zek\u00e2 ve Ak\u0131ll\u0131 Ula\u015f\u0131m Sistemleri-Gelece\u011fin Ula\u015f\u0131m D\u00fcnyas\u0131na Disiplinleraras\u0131 Bir Bak\u0131\u015f&#8221; ba\u015fl\u0131kl\u0131 bu eser, yapay zek\u00e2 ve ak\u0131ll\u0131 ula\u015f\u0131m teknolojilerinin ula\u015f\u0131m altyap\u0131s\u0131na entegrasyonunu, disiplinleraras\u0131 bir perspektifle ele alarak derinlemesine bir inceleme sunmaktad\u0131r.   Alan\u0131nda uzman akademisyenlerin katk\u0131lar\u0131yla haz\u0131rlanan bu eser; otonom ara\u00e7lar ve otonom gemiler, enerji verimlili\u011fi, engelsiz ula\u015f\u0131m uygulamalar\u0131, b\u00fcy\u00fck veri analiti\u011fi, yapay zek\u00e2 destekli trafik y\u00f6netimi ve s\u00fcrd\u00fcr\u00fclebilir \u015fehircilik gibi konulara odaklanmaktad\u0131r. Bu kapsamda, yaln\u0131zca mevcut durumun analizi ile s\u0131n\u0131rl\u0131 kalmay\u0131p, gelece\u011fe y\u00f6nelik stratejik \u00f6ng\u00f6r\u00fcler ve \u00e7\u00f6z\u00fcm \u00f6nerileri de sunulmaktad\u0131r.   Yap\u0131sal ve analitik bir \u00e7er\u00e7eve sunan bu eser, ak\u0131ll\u0131 ula\u015f\u0131m sistemlerine y\u00f6nelik bilimsel \u00e7al\u0131\u015fmalara rehberlik edecek nitelikte olup, m\u00fchendislik, \u015fehir planlama, ula\u015f\u0131m y\u00f6netimi ve kamu politikas\u0131 gibi \u00e7ok disiplinli alanlarda faaliyet g\u00f6steren ara\u015ft\u0131rmac\u0131 ve profesyoneller i\u00e7in de\u011ferli bir referans kayna\u011f\u0131d\u0131r.<\/p>\n","protected":false},"excerpt":{"rendered":"<p>K\u00fcresel \u00f6l\u00e7ekte h\u0131zla artan kentle\u015fme, teknolojik geli\u015fmeler ve s\u00fcrd\u00fcr\u00fclebilirlik gereksinimleri, ula\u015f\u0131m sistemlerini yeniden \u015fekillendiren \u00f6nemli d\u00f6n\u00fc\u015f\u00fcmleri beraberinde getirmektedir. &#8220;Yapay Zek\u00e2 ve Ak\u0131ll\u0131 Ula\u015f\u0131m Sistemleri-Gelece\u011fin Ula\u015f\u0131m D\u00fcnyas\u0131na<span class=\"excerpt-hellip\"> [\u2026]<\/span><\/p>\n","protected":false},"featured_media":0,"template":"","meta":{"_monsterinsights_skip_tracking":false,"_monsterinsights_sitenote_active":false,"_monsterinsights_sitenote_note":"","_monsterinsights_sitenote_category":0},"product_brand":[],"product_cat":[13005],"product_tag":[],"class_list":{"0":"post-768769","1":"product","2":"type-product","3":"status-publish","5":"product_cat-bilim-muhendislik","6":"pa_cilt-ciltsiz","7":"pa_tur-kitap","8":"pa_yayinevi-aktif-yayinevi","9":"pa_yazar-kolektif","11":"first","12":"instock","13":"sale","14":"shipping-taxable","15":"purchasable","16":"product-type-simple"},"_links":{"self":[{"href":"https:\/\/roveyayinevi.com.tr\/index.php\/wp-json\/wp\/v2\/product\/768769","targetHints":{"allow":["GET"]}}],"collection":[{"href":"https:\/\/roveyayinevi.com.tr\/index.php\/wp-json\/wp\/v2\/product"}],"about":[{"href":"https:\/\/roveyayinevi.com.tr\/index.php\/wp-json\/wp\/v2\/types\/product"}],"wp:attachment":[{"href":"https:\/\/roveyayinevi.com.tr\/index.php\/wp-json\/wp\/v2\/media?parent=768769"}],"wp:term":[{"taxonomy":"product_brand","embeddable":true,"href":"https:\/\/roveyayinevi.com.tr\/index.php\/wp-json\/wp\/v2\/product_brand?post=768769"},{"taxonomy":"product_cat","embeddable":true,"href":"https:\/\/roveyayinevi.com.tr\/index.php\/wp-json\/wp\/v2\/product_cat?post=768769"},{"taxonomy":"product_tag","embeddable":true,"href":"https:\/\/roveyayinevi.com.tr\/index.php\/wp-json\/wp\/v2\/product_tag?post=768769"}],"curies":[{"name":"wp","href":"https:\/\/api.w.org\/{rel}","templated":true}]}}