{"id":768768,"date":"2025-08-28T13:31:40","date_gmt":"2025-08-28T10:31:40","guid":{"rendered":"https:\/\/roveyayinevi.com.tr\/index.php\/urun\/olguda-ve-kurguda-yaslilik\/"},"modified":"2026-04-15T03:34:50","modified_gmt":"2026-04-15T00:34:50","slug":"olguda-ve-kurguda-yaslilik","status":"publish","type":"product","link":"https:\/\/roveyayinevi.com.tr\/index.php\/urun\/olguda-ve-kurguda-yaslilik\/","title":{"rendered":"Olguda ve Kurguda Ya\u015fl\u0131l\u0131k"},"content":{"rendered":"<p>Olguda ve Kurguda Ya\u015fl\u0131l\u0131k, ya\u015fl\u0131l\u0131\u011f\u0131 hem tarihsel ve toplumsal ger\u00e7eklikte hem de kurgusal d\u00fcnyada ele alan akademik bir \u00e7al\u0131\u015fmad\u0131r. Sosyoloji, edebiyat, bilgi ve belge y\u00f6netimi, halk bilimi, arkeoloji, sinema gibi disiplinlerde ya\u015fl\u0131l\u0131\u011f\u0131n bireysel, toplumsal ve k\u00fclt\u00fcrel boyutlar\u0131n\u0131 irdelemektedir. Cumhuriyet D\u00f6nemi T\u00fcrk \u015fiirindeki temsillerden eski T\u00fcrk inan\u00e7 paradigmas\u0131na, halk k\u00fct\u00fcphanelerinin \u00fcretti\u011fi hizmetlerden dizilerdeki kahramanlara ya\u015fl\u0131l\u0131\u011f\u0131n izini disiplinleraras\u0131 bir perspektifle s\u00fcrmektedir. Ya\u015fl\u0131l\u0131\u011f\u0131 anlamland\u0131rmak i\u00e7in zengin bir birikim sunmakta ve bu konuda sa\u011fl\u0131kl\u0131, s\u00fcrd\u00fcr\u00fclebilir bir bak\u0131\u015f a\u00e7\u0131s\u0131 geli\u015ftirmeye katk\u0131 sunmay\u0131 ama\u00e7lamaktad\u0131r. <\/p>\n","protected":false},"excerpt":{"rendered":"<p>Olguda ve Kurguda Ya\u015fl\u0131l\u0131k, ya\u015fl\u0131l\u0131\u011f\u0131 hem tarihsel ve toplumsal ger\u00e7eklikte hem de kurgusal d\u00fcnyada ele alan akademik bir \u00e7al\u0131\u015fmad\u0131r. Sosyoloji, edebiyat, bilgi ve belge y\u00f6netimi, halk<span class=\"excerpt-hellip\"> [\u2026]<\/span><\/p>\n","protected":false},"featured_media":0,"template":"","meta":{"_monsterinsights_skip_tracking":false,"_monsterinsights_sitenote_active":false,"_monsterinsights_sitenote_note":"","_monsterinsights_sitenote_category":0},"product_brand":[],"product_cat":[12324],"product_tag":[],"class_list":{"0":"post-768768","1":"product","2":"type-product","3":"status-publish","5":"product_cat-sosyoloji","6":"pa_cilt-ciltsiz","7":"pa_tur-kitap","8":"pa_yayinevi-aktif-yayinevi","9":"pa_yazar-kolektif","11":"first","12":"instock","13":"sale","14":"shipping-taxable","15":"purchasable","16":"product-type-simple"},"_links":{"self":[{"href":"https:\/\/roveyayinevi.com.tr\/index.php\/wp-json\/wp\/v2\/product\/768768","targetHints":{"allow":["GET"]}}],"collection":[{"href":"https:\/\/roveyayinevi.com.tr\/index.php\/wp-json\/wp\/v2\/product"}],"about":[{"href":"https:\/\/roveyayinevi.com.tr\/index.php\/wp-json\/wp\/v2\/types\/product"}],"wp:attachment":[{"href":"https:\/\/roveyayinevi.com.tr\/index.php\/wp-json\/wp\/v2\/media?parent=768768"}],"wp:term":[{"taxonomy":"product_brand","embeddable":true,"href":"https:\/\/roveyayinevi.com.tr\/index.php\/wp-json\/wp\/v2\/product_brand?post=768768"},{"taxonomy":"product_cat","embeddable":true,"href":"https:\/\/roveyayinevi.com.tr\/index.php\/wp-json\/wp\/v2\/product_cat?post=768768"},{"taxonomy":"product_tag","embeddable":true,"href":"https:\/\/roveyayinevi.com.tr\/index.php\/wp-json\/wp\/v2\/product_tag?post=768768"}],"curies":[{"name":"wp","href":"https:\/\/api.w.org\/{rel}","templated":true}]}}