{"id":768767,"date":"2025-08-28T13:31:39","date_gmt":"2025-08-28T10:31:39","guid":{"rendered":"https:\/\/roveyayinevi.com.tr\/index.php\/urun\/osmanli-devletinde-bor-madeni\/"},"modified":"2026-04-15T03:34:50","modified_gmt":"2026-04-15T00:34:50","slug":"osmanli-devletinde-bor-madeni","status":"publish","type":"product","link":"https:\/\/roveyayinevi.com.tr\/index.php\/urun\/osmanli-devletinde-bor-madeni\/","title":{"rendered":"Osmanl\u0131 Devleti\u2019nde Bor Madeni"},"content":{"rendered":"<p>Tarih boyunca, ke\u015ffedilen bir\u00e7ok maden insanl\u0131\u011f\u0131n geli\u015fmesine katk\u0131 sa\u011flam\u0131\u015ft\u0131r. \u0130lk zamanlar madenler zanaatkarlar\u0131n elinde \u015fekillenmi\u015f ve farkl\u0131 formlarda kullan\u0131ma sunulmu\u015ftur. Teknolojinin geli\u015fimiyle birlikte hem \u00e7\u0131kar\u0131lan madenlerin miktar\u0131 artm\u0131\u015f hem madenlerden elde edilen fayda \u00fcst seviyelere \u00e7\u0131kar\u0131lmaya \u00e7al\u0131\u015f\u0131lm\u0131\u015ft\u0131r. Zengin maden rezervlerine sahip \u00fclkeler ise her zaman hedef tahtas\u0131nda olmu\u015ftur. D\u00fcnya tarihi bu madenler i\u00e7in ger\u00e7ekle\u015fen sava\u015flarla doludur. Bug\u00fcn T\u00fcrkiye\u2019nin bor madeni rezervinde ilk s\u0131rada oldu\u011fu bilinmektedir. Bordan \u00fcretilen pek \u00e7ok \u00fcr\u00fcn art\u0131k marketlerde dahi kar\u015f\u0131m\u0131za \u00e7\u0131kmaktad\u0131r. Peki bu topraklarda bor hangi tarihte ve kimler taraf\u0131ndan ke\u015ffedilmi\u015ftir? Bu kitapta borun Osmanl\u0131 Devleti\u2019nde ke\u015ffinden itibaren ba\u015flayan \u00f6yk\u00fcs\u00fcn\u00fc bulacaks\u0131n\u0131z. Bir tesad\u00fcfle ba\u015flayan bu \u00f6yk\u00fc zamanla Osmanl\u0131 Devleti\u2019nin k\u00fcresel tekellerle m\u00fccadelesine sahne olacak geni\u015f bir zamana yay\u0131lacak. <\/p>\n","protected":false},"excerpt":{"rendered":"<p>Tarih boyunca, ke\u015ffedilen bir\u00e7ok maden insanl\u0131\u011f\u0131n geli\u015fmesine katk\u0131 sa\u011flam\u0131\u015ft\u0131r. \u0130lk zamanlar madenler zanaatkarlar\u0131n elinde \u015fekillenmi\u015f ve farkl\u0131 formlarda kullan\u0131ma sunulmu\u015ftur. Teknolojinin geli\u015fimiyle birlikte hem \u00e7\u0131kar\u0131lan madenlerin<span class=\"excerpt-hellip\"> [\u2026]<\/span><\/p>\n","protected":false},"featured_media":0,"template":"","meta":{"_monsterinsights_skip_tracking":false,"_monsterinsights_sitenote_active":false,"_monsterinsights_sitenote_note":"","_monsterinsights_sitenote_category":0},"product_brand":[],"product_cat":[13517,12304],"product_tag":[],"class_list":{"0":"post-768767","1":"product","2":"type-product","3":"status-publish","5":"product_cat-osmanli-tarihi","6":"product_cat-tarih","7":"pa_cilt-ciltsiz","8":"pa_tur-kitap","9":"pa_yayinevi-aktif-yayinevi","10":"pa_yazar-tolga-akay-muharrem-turp","12":"first","13":"instock","14":"sale","15":"shipping-taxable","16":"purchasable","17":"product-type-simple"},"_links":{"self":[{"href":"https:\/\/roveyayinevi.com.tr\/index.php\/wp-json\/wp\/v2\/product\/768767","targetHints":{"allow":["GET"]}}],"collection":[{"href":"https:\/\/roveyayinevi.com.tr\/index.php\/wp-json\/wp\/v2\/product"}],"about":[{"href":"https:\/\/roveyayinevi.com.tr\/index.php\/wp-json\/wp\/v2\/types\/product"}],"wp:attachment":[{"href":"https:\/\/roveyayinevi.com.tr\/index.php\/wp-json\/wp\/v2\/media?parent=768767"}],"wp:term":[{"taxonomy":"product_brand","embeddable":true,"href":"https:\/\/roveyayinevi.com.tr\/index.php\/wp-json\/wp\/v2\/product_brand?post=768767"},{"taxonomy":"product_cat","embeddable":true,"href":"https:\/\/roveyayinevi.com.tr\/index.php\/wp-json\/wp\/v2\/product_cat?post=768767"},{"taxonomy":"product_tag","embeddable":true,"href":"https:\/\/roveyayinevi.com.tr\/index.php\/wp-json\/wp\/v2\/product_tag?post=768767"}],"curies":[{"name":"wp","href":"https:\/\/api.w.org\/{rel}","templated":true}]}}