{"id":768765,"date":"2025-08-28T13:31:36","date_gmt":"2025-08-28T10:31:36","guid":{"rendered":"https:\/\/roveyayinevi.com.tr\/index.php\/urun\/meraklisi-icin-su\/"},"modified":"2026-04-15T03:34:50","modified_gmt":"2026-04-15T00:34:50","slug":"meraklisi-icin-su","status":"publish","type":"product","link":"https:\/\/roveyayinevi.com.tr\/index.php\/urun\/meraklisi-icin-su\/","title":{"rendered":"Merakl\u0131s\u0131 \u0130\u00e7in Su"},"content":{"rendered":"<p>Su, gezegenimizin b\u00fcy\u00fck bir k\u0131sm\u0131n\u0131 kaplar. T\u00fcm canl\u0131lar i\u00e7in olmazsa olmazd\u0131r. Peki, suyu bu kadar \u00f6nemli yapan \u015fey nedir? Suyun d\u00fcnyam\u0131z\u0131 nas\u0131l \u015fekillendirdi\u011fini ve suyu g\u00fcnl\u00fck hayat\u0131m\u0131zda nas\u0131l kulland\u0131\u011f\u0131m\u0131z\u0131 ke\u015ffet. Bir kavanozun i\u00e7inde bulut olu\u015fturarak suyu ve hava durumunu ara\u015ft\u0131r. Bah\u00e7enizdeki canl\u0131lar i\u00e7in sen de mini bir g\u00f6let yap.   Merakl\u0131s\u0131 \u0130\u00e7in dizisi, \u00e7ocuklar\u0131 etraflar\u0131ndaki d\u00fcnyayla ba\u011f kurmaya ve bu d\u00fcnyay\u0131 ke\u015ffetmeye te\u015fvik ediyor. <\/p>\n","protected":false},"excerpt":{"rendered":"<p>Su, gezegenimizin b\u00fcy\u00fck bir k\u0131sm\u0131n\u0131 kaplar. T\u00fcm canl\u0131lar i\u00e7in olmazsa olmazd\u0131r. Peki, suyu bu kadar \u00f6nemli yapan \u015fey nedir? Suyun d\u00fcnyam\u0131z\u0131 nas\u0131l \u015fekillendirdi\u011fini ve suyu g\u00fcnl\u00fck<span class=\"excerpt-hellip\"> [\u2026]<\/span><\/p>\n","protected":false},"featured_media":0,"template":"","meta":{"_monsterinsights_skip_tracking":false,"_monsterinsights_sitenote_active":false,"_monsterinsights_sitenote_note":"","_monsterinsights_sitenote_category":0},"product_brand":[],"product_cat":[13005,13006],"product_tag":[],"class_list":{"0":"post-768765","1":"product","2":"type-product","3":"status-publish","5":"product_cat-bilim-muhendislik","6":"product_cat-populer-bilim","7":"pa_cilt-ciltsiz","8":"pa_tur-kitap","9":"pa_yayinevi-orenda","10":"pa_yazar-isabel-thomas","12":"first","13":"instock","14":"sale","15":"shipping-taxable","16":"purchasable","17":"product-type-simple"},"_links":{"self":[{"href":"https:\/\/roveyayinevi.com.tr\/index.php\/wp-json\/wp\/v2\/product\/768765","targetHints":{"allow":["GET"]}}],"collection":[{"href":"https:\/\/roveyayinevi.com.tr\/index.php\/wp-json\/wp\/v2\/product"}],"about":[{"href":"https:\/\/roveyayinevi.com.tr\/index.php\/wp-json\/wp\/v2\/types\/product"}],"wp:attachment":[{"href":"https:\/\/roveyayinevi.com.tr\/index.php\/wp-json\/wp\/v2\/media?parent=768765"}],"wp:term":[{"taxonomy":"product_brand","embeddable":true,"href":"https:\/\/roveyayinevi.com.tr\/index.php\/wp-json\/wp\/v2\/product_brand?post=768765"},{"taxonomy":"product_cat","embeddable":true,"href":"https:\/\/roveyayinevi.com.tr\/index.php\/wp-json\/wp\/v2\/product_cat?post=768765"},{"taxonomy":"product_tag","embeddable":true,"href":"https:\/\/roveyayinevi.com.tr\/index.php\/wp-json\/wp\/v2\/product_tag?post=768765"}],"curies":[{"name":"wp","href":"https:\/\/api.w.org\/{rel}","templated":true}]}}