{"id":768764,"date":"2025-08-28T13:31:35","date_gmt":"2025-08-28T10:31:35","guid":{"rendered":"https:\/\/roveyayinevi.com.tr\/index.php\/urun\/meraklisi-icin-robotlar\/"},"modified":"2026-04-15T03:34:50","modified_gmt":"2026-04-15T00:34:50","slug":"meraklisi-icin-robotlar","status":"publish","type":"product","link":"https:\/\/roveyayinevi.com.tr\/index.php\/urun\/meraklisi-icin-robotlar\/","title":{"rendered":"Merakl\u0131s\u0131 \u0130\u00e7in Robotlar"},"content":{"rendered":"<p>Robotlar gezegenimizin \u00f6nemli bir par\u00e7as\u0131d\u0131r. Peki, robotlar\u0131 bu kadar \u00f6nemli yapan \u015fey nedir? Farkl\u0131 robot t\u00fcrlerini ve bu robotlar\u0131n yapabildi\u011fi muhte\u015fem \u015feyleri ke\u015ffet. Robotlar\u0131n kendilerine verilen g\u00f6rev ve i\u015fleri tamamlamak i\u00e7in \u00e7evrelerini nas\u0131l alg\u0131lad\u0131klar\u0131n\u0131, nas\u0131l d\u00fc\u015f\u00fcnd\u00fcklerini ve harekete ge\u00e7tiklerini ara\u015ft\u0131r. Sen de kendi ba\u015f\u0131na hareket edebilen bir robot yap!   Merakl\u0131s\u0131 \u0130\u00e7in dizisi, \u00e7ocuklar\u0131 etraflar\u0131ndaki d\u00fcnyayla ba\u011f kurmaya ve bu d\u00fcnyay\u0131 ke\u015ffetmeye te\u015fvik ediyor. <\/p>\n","protected":false},"excerpt":{"rendered":"<p>Robotlar gezegenimizin \u00f6nemli bir par\u00e7as\u0131d\u0131r. Peki, robotlar\u0131 bu kadar \u00f6nemli yapan \u015fey nedir? Farkl\u0131 robot t\u00fcrlerini ve bu robotlar\u0131n yapabildi\u011fi muhte\u015fem \u015feyleri ke\u015ffet. Robotlar\u0131n kendilerine verilen<span class=\"excerpt-hellip\"> [\u2026]<\/span><\/p>\n","protected":false},"featured_media":0,"template":"","meta":{"_monsterinsights_skip_tracking":false,"_monsterinsights_sitenote_active":false,"_monsterinsights_sitenote_note":"","_monsterinsights_sitenote_category":0},"product_brand":[],"product_cat":[13005,13006],"product_tag":[],"class_list":{"0":"post-768764","1":"product","2":"type-product","3":"status-publish","5":"product_cat-bilim-muhendislik","6":"product_cat-populer-bilim","7":"pa_cilt-ciltsiz","8":"pa_tur-kitap","9":"pa_yayinevi-orenda","10":"pa_yazar-jenny-fretland-van-voorst","12":"first","13":"instock","14":"sale","15":"shipping-taxable","16":"purchasable","17":"product-type-simple"},"_links":{"self":[{"href":"https:\/\/roveyayinevi.com.tr\/index.php\/wp-json\/wp\/v2\/product\/768764","targetHints":{"allow":["GET"]}}],"collection":[{"href":"https:\/\/roveyayinevi.com.tr\/index.php\/wp-json\/wp\/v2\/product"}],"about":[{"href":"https:\/\/roveyayinevi.com.tr\/index.php\/wp-json\/wp\/v2\/types\/product"}],"wp:attachment":[{"href":"https:\/\/roveyayinevi.com.tr\/index.php\/wp-json\/wp\/v2\/media?parent=768764"}],"wp:term":[{"taxonomy":"product_brand","embeddable":true,"href":"https:\/\/roveyayinevi.com.tr\/index.php\/wp-json\/wp\/v2\/product_brand?post=768764"},{"taxonomy":"product_cat","embeddable":true,"href":"https:\/\/roveyayinevi.com.tr\/index.php\/wp-json\/wp\/v2\/product_cat?post=768764"},{"taxonomy":"product_tag","embeddable":true,"href":"https:\/\/roveyayinevi.com.tr\/index.php\/wp-json\/wp\/v2\/product_tag?post=768764"}],"curies":[{"name":"wp","href":"https:\/\/api.w.org\/{rel}","templated":true}]}}