{"id":768763,"date":"2025-08-28T13:31:34","date_gmt":"2025-08-28T10:31:34","guid":{"rendered":"https:\/\/roveyayinevi.com.tr\/index.php\/urun\/meraklisi-icin-cevre\/"},"modified":"2026-04-15T03:34:50","modified_gmt":"2026-04-15T00:34:50","slug":"meraklisi-icin-cevre","status":"publish","type":"product","link":"https:\/\/roveyayinevi.com.tr\/index.php\/urun\/meraklisi-icin-cevre\/","title":{"rendered":"Merakl\u0131s\u0131 \u0130\u00e7in \u00c7evre"},"content":{"rendered":"<p>Hava, toprak, su, bitkiler ve hayvanlardan olu\u015fan \u00e7evremizi tan\u0131maya ne dersin? G\u00fcn i\u00e7erisinde yap\u0131p ettiklerimiz sence \u00e7evremizi nas\u0131l etkiliyor? Peki, bizler \u00e7evremiz i\u00e7in neler yapabiliriz? Gezegenimize sahip \u00e7\u0131kmak i\u00e7in neleri de\u011fi\u015ftirebilece\u011fini ke\u015ffet. \u00c7evre kirlili\u011fi sorununu ve bu sorunun nas\u0131l \u00e7\u00f6z\u00fclebilece\u011fini ara\u015ft\u0131r. Yaban hayat\u0131n\u0131n geli\u015fimine katk\u0131 sa\u011flamak i\u00e7in sen de kendi mikro ya\u015fam alanlar\u0131n\u0131 yap.   Merakl\u0131s\u0131 \u0130\u00e7in dizisi, \u00e7ocuklar\u0131 etraflar\u0131ndaki d\u00fcnyayla ba\u011f kurmaya ve bu d\u00fcnyay\u0131 ke\u015ffetmeye te\u015fvik ediyor. <\/p>\n","protected":false},"excerpt":{"rendered":"<p>Hava, toprak, su, bitkiler ve hayvanlardan olu\u015fan \u00e7evremizi tan\u0131maya ne dersin? G\u00fcn i\u00e7erisinde yap\u0131p ettiklerimiz sence \u00e7evremizi nas\u0131l etkiliyor? Peki, bizler \u00e7evremiz i\u00e7in neler yapabiliriz? Gezegenimize<span class=\"excerpt-hellip\"> [\u2026]<\/span><\/p>\n","protected":false},"featured_media":0,"template":"","meta":{"_monsterinsights_skip_tracking":false,"_monsterinsights_sitenote_active":false,"_monsterinsights_sitenote_note":"","_monsterinsights_sitenote_category":0},"product_brand":[],"product_cat":[13005,13006],"product_tag":[],"class_list":{"0":"post-768763","1":"product","2":"type-product","3":"status-publish","5":"product_cat-bilim-muhendislik","6":"product_cat-populer-bilim","7":"pa_cilt-ciltsiz","8":"pa_tur-kitap","9":"pa_yayinevi-orenda","10":"pa_yazar-jonathan-litton","12":"first","13":"instock","14":"sale","15":"shipping-taxable","16":"purchasable","17":"product-type-simple"},"_links":{"self":[{"href":"https:\/\/roveyayinevi.com.tr\/index.php\/wp-json\/wp\/v2\/product\/768763","targetHints":{"allow":["GET"]}}],"collection":[{"href":"https:\/\/roveyayinevi.com.tr\/index.php\/wp-json\/wp\/v2\/product"}],"about":[{"href":"https:\/\/roveyayinevi.com.tr\/index.php\/wp-json\/wp\/v2\/types\/product"}],"wp:attachment":[{"href":"https:\/\/roveyayinevi.com.tr\/index.php\/wp-json\/wp\/v2\/media?parent=768763"}],"wp:term":[{"taxonomy":"product_brand","embeddable":true,"href":"https:\/\/roveyayinevi.com.tr\/index.php\/wp-json\/wp\/v2\/product_brand?post=768763"},{"taxonomy":"product_cat","embeddable":true,"href":"https:\/\/roveyayinevi.com.tr\/index.php\/wp-json\/wp\/v2\/product_cat?post=768763"},{"taxonomy":"product_tag","embeddable":true,"href":"https:\/\/roveyayinevi.com.tr\/index.php\/wp-json\/wp\/v2\/product_tag?post=768763"}],"curies":[{"name":"wp","href":"https:\/\/api.w.org\/{rel}","templated":true}]}}