{"id":768762,"date":"2025-08-28T13:31:33","date_gmt":"2025-08-28T10:31:33","guid":{"rendered":"https:\/\/roveyayinevi.com.tr\/index.php\/urun\/demokrasi-mucadelesi\/"},"modified":"2026-04-15T03:34:50","modified_gmt":"2026-04-15T00:34:50","slug":"demokrasi-mucadelesi","status":"publish","type":"product","link":"https:\/\/roveyayinevi.com.tr\/index.php\/urun\/demokrasi-mucadelesi\/","title":{"rendered":"Demokrasi M\u00fccadelesi"},"content":{"rendered":"<p>\u201c\u015eu kesin ki, \u015fiddet yeni bir olgu de\u011fil. \u015eiddet, tahakk\u00fcm ve m\u00fclkiyet temelinde var oldu\u011fu i\u00e7in t\u00fcm \u201cb\u00fcy\u00fck uygarl\u0131klar\u0131n\u201d besleyip b\u00fcy\u00fctt\u00fckleri \u015feyin bir par\u00e7as\u0131. \u0130nsani de\u011ferlerin k\u00fc\u00e7\u00fcmsenmesinin yan\u0131 s\u0131ra di\u015fil olan\u0131n ve \u00e7ocuklar\u0131m\u0131z\u0131n \u00e7ocuklu\u011funun k\u00fc\u00e7\u00fcmsenmesi de buna e\u015flik ediyor.\u201d \u201c\u015eiddetin bu \u00f6l\u00e7\u00fcs\u00fczl\u00fc\u011f\u00fc kendi anlam\u0131m\u0131z\u0131 yitirme tehlikesini de ortaya \u00e7\u0131kart\u0131yor. B\u00f6ylelikle i\u00e7imizdeki bo\u015fluk ya genel bir duygusuzluk ve depresyonun kayna\u011f\u0131 haline geliyor ya da daha fazla \u015fiddet \u00fcretmenin. \u00c7\u00fcnk\u00fc bu i\u00e7 bo\u015fluk pek \u00e7ok ki\u015fi i\u00e7in, i\u00e7inden ancak hayali bir b\u00fcy\u00fckl\u00fckle \u00f6zde\u015fle\u015ferek \u00e7\u0131kabileceklerini umduklar\u0131 bir anlams\u0131zl\u0131k durumu yarat\u0131yor. Hi\u00e7li\u011fe ve \u00f6l\u00fcme adanm\u0131\u015f bir radikalizme kar\u015f\u0131 ancak bu zihinsellikten uzak geli\u015fimin derinlerdeki k\u00f6klerini ortaya \u00e7\u0131kartabilirsek direnebiliriz.\u201d \u201cTer\u00f6r ve \u015fiddeti engellemek, ancak insan\u0131n ger\u00e7ek ihtiya\u00e7lar\u0131n\u0131n kabul\u00fcyle; ger\u00e7ek yoksullu\u011fa, ger\u00e7ek sefalete, baz\u0131 halklar\u0131n a\u015fa\u011f\u0131lanmas\u0131na ve d\u0131\u015flanmas\u0131na son verilmesiyle m\u00fcmk\u00fcnd\u00fcr. Demokratik ve canl\u0131 bir ya\u015fam\u0131 ayakta tutmay\u0131 ancak b\u00f6ylelikle ba\u015farabiliriz.\u201d \u201cUzun vadede sorunu \u00e7\u00f6zecek ve ger\u00e7ek bir de\u011fi\u015fim getirecek tek bir yol vard\u0131r: \u00e7ocuklar\u0131m\u0131z\u0131n, bir i\u00e7 kurban\u0131n olu\u015fmas\u0131na ba\u015f\u0131ndan imkan vermeyecek \u015fekilde yeti\u015fmesini sa\u011flamak.\u201d \u201cDemokratik topluluklar ancak insan\u0131n ger\u00e7ek ihtiya\u00e7lar\u0131n\u0131 kavrayarak ve ciddiye alarak \u00e7ocuklara, kendi empatik alg\u0131lar\u0131na ve ihtiya\u00e7lar\u0131na y\u00f6nelik hakiki bir \u00e7ocukluk ya\u015fama imkan\u0131 sunarlarsa varl\u0131klar\u0131n\u0131 koruyabilirler. \u0130nsanl\u0131k i\u00e7in kurtulu\u015f budur. Zaman zorluyor. Ya\u015famdan yana olan herkes birlik olmal\u0131 ve i\u00e7 kurban\u0131n p\u00fcsk\u00fcrt\u00fclmesi i\u00e7in t\u00fcm insanlara onurlu bir varolu\u015fu garanti etmeyi g\u00f6rev edinmeli. Bir yandan da \u00e7ocuklar\u0131m\u0131z\u0131n emniyet ve huzurunu peki\u015ftirmeliyiz. Ya\u015fama yat\u0131r\u0131m yapmak, silahlanmay\u0131 ve sava\u015flar\u0131 finanse etmekten \u00e7ok daha ucuza mal olacakt\u0131r. Bizim i\u00e7in ya\u015fam\u0131n yolundan ba\u015fka bir yol yok.\u201d Demokrasi M\u00fccadelesi\u2019nde Gruen, radikalizmi, \u015fiddeti ve ter\u00f6r\u00fc tekil insan ve toplumsal boyutuyla; empati, nefret, kendine ac\u0131ma, itaat, duyguda\u015fl\u0131k, kimlik vb. kavramlar e\u015fli\u011finde inceleyip analiz etmekte ve \u00f6zellikle gen\u00e7lerin \u015fiddete e\u011filim g\u00f6stermesinde toplumun ve ebeveynlerin tutum ve davran\u0131\u015flar\u0131n\u0131n olumsuz etkisini vurgulamaktad\u0131r.<\/p>\n","protected":false},"excerpt":{"rendered":"<p>\u201c\u015eu kesin ki, \u015fiddet yeni bir olgu de\u011fil. \u015eiddet, tahakk\u00fcm ve m\u00fclkiyet temelinde var oldu\u011fu i\u00e7in t\u00fcm \u201cb\u00fcy\u00fck uygarl\u0131klar\u0131n\u201d besleyip b\u00fcy\u00fctt\u00fckleri \u015feyin bir par\u00e7as\u0131. \u0130nsani de\u011ferlerin<span class=\"excerpt-hellip\"> [\u2026]<\/span><\/p>\n","protected":false},"featured_media":0,"template":"","meta":{"_monsterinsights_skip_tracking":false,"_monsterinsights_sitenote_active":false,"_monsterinsights_sitenote_note":"","_monsterinsights_sitenote_category":0},"product_brand":[],"product_cat":[13590,12337],"product_tag":[],"class_list":{"0":"post-768762","1":"product","2":"type-product","3":"status-publish","5":"product_cat-arastirma-inceleme-politika-siyaset","6":"product_cat-politika-siyaset","7":"pa_cilt-ciltsiz","8":"pa_tur-kitap","9":"pa_yayinevi-totem-yayinlari","10":"pa_yazar-arno-gruen","12":"first","13":"instock","14":"sale","15":"shipping-taxable","16":"purchasable","17":"product-type-simple"},"_links":{"self":[{"href":"https:\/\/roveyayinevi.com.tr\/index.php\/wp-json\/wp\/v2\/product\/768762","targetHints":{"allow":["GET"]}}],"collection":[{"href":"https:\/\/roveyayinevi.com.tr\/index.php\/wp-json\/wp\/v2\/product"}],"about":[{"href":"https:\/\/roveyayinevi.com.tr\/index.php\/wp-json\/wp\/v2\/types\/product"}],"wp:attachment":[{"href":"https:\/\/roveyayinevi.com.tr\/index.php\/wp-json\/wp\/v2\/media?parent=768762"}],"wp:term":[{"taxonomy":"product_brand","embeddable":true,"href":"https:\/\/roveyayinevi.com.tr\/index.php\/wp-json\/wp\/v2\/product_brand?post=768762"},{"taxonomy":"product_cat","embeddable":true,"href":"https:\/\/roveyayinevi.com.tr\/index.php\/wp-json\/wp\/v2\/product_cat?post=768762"},{"taxonomy":"product_tag","embeddable":true,"href":"https:\/\/roveyayinevi.com.tr\/index.php\/wp-json\/wp\/v2\/product_tag?post=768762"}],"curies":[{"name":"wp","href":"https:\/\/api.w.org\/{rel}","templated":true}]}}