{"id":768760,"date":"2025-08-28T13:31:30","date_gmt":"2025-08-28T10:31:30","guid":{"rendered":"https:\/\/roveyayinevi.com.tr\/index.php\/urun\/100-ilk-kelime-ciltli\/"},"modified":"2025-12-30T11:36:51","modified_gmt":"2025-12-30T08:36:51","slug":"100-ilk-kelime-ciltli","status":"publish","type":"product","link":"https:\/\/roveyayinevi.com.tr\/index.php\/urun\/100-ilk-kelime-ciltli\/","title":{"rendered":"100 \u0130lk Kelime (Ciltli)"},"content":{"rendered":"<p>Minikler i\u00e7in birbirinden e\u011flenceli ilk kelimeler kitab\u0131. Kapaklar\u0131 kald\u0131r, s\u00fcrprizleri bul!  <\/p>\n","protected":false},"excerpt":{"rendered":"<p>Minikler i\u00e7in birbirinden e\u011flenceli ilk kelimeler kitab\u0131. Kapaklar\u0131 kald\u0131r, s\u00fcrprizleri bul!<\/p>\n","protected":false},"featured_media":0,"template":"","meta":{"_monsterinsights_skip_tracking":false,"_monsterinsights_sitenote_active":false,"_monsterinsights_sitenote_note":"","_monsterinsights_sitenote_category":0},"product_brand":[],"product_cat":[12274,12518],"product_tag":[],"class_list":{"0":"post-768760","1":"product","2":"type-product","3":"status-publish","5":"product_cat-cocuk-ve-genclik-kitaplari","6":"product_cat-okul-oncesi-kitaplar","7":"pa_cilt-ciltli","8":"pa_tur-kitap","9":"pa_yayinevi-buyulu-fener-yayinlari","10":"pa_yazar-edward-underwood","12":"first","13":"instock","14":"sale","15":"shipping-taxable","16":"purchasable","17":"product-type-simple"},"_links":{"self":[{"href":"https:\/\/roveyayinevi.com.tr\/index.php\/wp-json\/wp\/v2\/product\/768760","targetHints":{"allow":["GET"]}}],"collection":[{"href":"https:\/\/roveyayinevi.com.tr\/index.php\/wp-json\/wp\/v2\/product"}],"about":[{"href":"https:\/\/roveyayinevi.com.tr\/index.php\/wp-json\/wp\/v2\/types\/product"}],"wp:attachment":[{"href":"https:\/\/roveyayinevi.com.tr\/index.php\/wp-json\/wp\/v2\/media?parent=768760"}],"wp:term":[{"taxonomy":"product_brand","embeddable":true,"href":"https:\/\/roveyayinevi.com.tr\/index.php\/wp-json\/wp\/v2\/product_brand?post=768760"},{"taxonomy":"product_cat","embeddable":true,"href":"https:\/\/roveyayinevi.com.tr\/index.php\/wp-json\/wp\/v2\/product_cat?post=768760"},{"taxonomy":"product_tag","embeddable":true,"href":"https:\/\/roveyayinevi.com.tr\/index.php\/wp-json\/wp\/v2\/product_tag?post=768760"}],"curies":[{"name":"wp","href":"https:\/\/api.w.org\/{rel}","templated":true}]}}