{"id":768759,"date":"2025-08-28T13:31:28","date_gmt":"2025-08-28T10:31:28","guid":{"rendered":"https:\/\/roveyayinevi.com.tr\/index.php\/urun\/eve-donus-bileti\/"},"modified":"2026-04-15T03:34:50","modified_gmt":"2026-04-15T00:34:50","slug":"eve-donus-bileti","status":"publish","type":"product","link":"https:\/\/roveyayinevi.com.tr\/index.php\/urun\/eve-donus-bileti\/","title":{"rendered":"Eve D\u00f6n\u00fc\u015f Bileti"},"content":{"rendered":"<p>Do\u011fa, ba\u015f\u0131na geleceklerden habersiz proje \u00f6devi i\u00e7in ta\u015f toplamaktad\u0131r. Buldu\u011fu ta\u015flardan birinin onu ve arkada\u015flar\u0131n\u0131 ba\u015fka d\u00fcnyalara savuraca\u011f\u0131n\u0131 akl\u0131n\u0131n ucundan bile ge\u00e7irmez. \u00dc\u00e7 kafadar, \u00f6nce h\u0131z sonra da k\u0131tl\u0131k evreninde tuhaf olaylara \u015fahit olurlar. \u00c7ocuklar\u0131n mahsur kald\u0131klar\u0131 yerden kendi d\u00fcnyalar\u0131na d\u00f6nebilmek i\u00e7in ihtiya\u00e7 duyduklar\u0131 \u015fey ise tam bir s\u00fcrprizdir.<\/p>\n","protected":false},"excerpt":{"rendered":"<p>Do\u011fa, ba\u015f\u0131na geleceklerden habersiz proje \u00f6devi i\u00e7in ta\u015f toplamaktad\u0131r. Buldu\u011fu ta\u015flardan birinin onu ve arkada\u015flar\u0131n\u0131 ba\u015fka d\u00fcnyalara savuraca\u011f\u0131n\u0131 akl\u0131n\u0131n ucundan bile ge\u00e7irmez. \u00dc\u00e7 kafadar, \u00f6nce h\u0131z<span class=\"excerpt-hellip\"> [\u2026]<\/span><\/p>\n","protected":false},"featured_media":0,"template":"","meta":{"_monsterinsights_skip_tracking":false,"_monsterinsights_sitenote_active":false,"_monsterinsights_sitenote_note":"","_monsterinsights_sitenote_category":0},"product_brand":[],"product_cat":[12274,12284],"product_tag":[],"class_list":{"0":"post-768759","1":"product","2":"type-product","3":"status-publish","5":"product_cat-cocuk-ve-genclik-kitaplari","6":"product_cat-hikayeler","7":"pa_cilt-ciltsiz","8":"pa_tur-kitap","9":"pa_yayinevi-tulu-kitap","10":"pa_yazar-aysegul-sozen-dag","12":"first","13":"instock","14":"sale","15":"shipping-taxable","16":"purchasable","17":"product-type-simple"},"_links":{"self":[{"href":"https:\/\/roveyayinevi.com.tr\/index.php\/wp-json\/wp\/v2\/product\/768759","targetHints":{"allow":["GET"]}}],"collection":[{"href":"https:\/\/roveyayinevi.com.tr\/index.php\/wp-json\/wp\/v2\/product"}],"about":[{"href":"https:\/\/roveyayinevi.com.tr\/index.php\/wp-json\/wp\/v2\/types\/product"}],"wp:attachment":[{"href":"https:\/\/roveyayinevi.com.tr\/index.php\/wp-json\/wp\/v2\/media?parent=768759"}],"wp:term":[{"taxonomy":"product_brand","embeddable":true,"href":"https:\/\/roveyayinevi.com.tr\/index.php\/wp-json\/wp\/v2\/product_brand?post=768759"},{"taxonomy":"product_cat","embeddable":true,"href":"https:\/\/roveyayinevi.com.tr\/index.php\/wp-json\/wp\/v2\/product_cat?post=768759"},{"taxonomy":"product_tag","embeddable":true,"href":"https:\/\/roveyayinevi.com.tr\/index.php\/wp-json\/wp\/v2\/product_tag?post=768759"}],"curies":[{"name":"wp","href":"https:\/\/api.w.org\/{rel}","templated":true}]}}