{"id":768758,"date":"2025-08-28T13:31:26","date_gmt":"2025-08-28T10:31:26","guid":{"rendered":"https:\/\/roveyayinevi.com.tr\/index.php\/urun\/aksanin-muhafizlari\/"},"modified":"2026-04-15T03:34:50","modified_gmt":"2026-04-15T00:34:50","slug":"aksanin-muhafizlari","status":"publish","type":"product","link":"https:\/\/roveyayinevi.com.tr\/index.php\/urun\/aksanin-muhafizlari\/","title":{"rendered":"Aksa\u2019n\u0131n Muhaf\u0131zlar\u0131"},"content":{"rendered":"<p>Be\u015f haf\u0131z muhaf\u0131z! Senin ya\u015flar\u0131nda, senin boylar\u0131nda, senden hi\u00e7 de uzak olmayan bir yerde; Kud\u00fcs\u2019te, Mescid-i Aksa\u2019da! Onlarla birlikte at\u0131laca\u011f\u0131n nefes kesici maceralar, izini s\u00fcrece\u011fin mucizeler ve hat\u0131ralar, tan\u0131d\u0131\u011f\u0131nda hayranl\u0131\u011f\u0131n\u0131n artaca\u011f\u0131 bir \u015fehir ve Aksa\u2019n\u0131n en gizli s\u0131rlar\u0131\u2026 Ellerinde tuttu\u011fun iki kapakl\u0131 hazinenin aras\u0131nda. Aksa\u2019n\u0131n Muhaf\u0131zlar\u0131 bir kitaptan \u00e7ok daha fazlas\u0131! Kud\u00fcs\u2019\u00fcn \u00f6zg\u00fcrl\u00fc\u011f\u00fcne giden yolda; bir yol haritas\u0131\u2026<\/p>\n","protected":false},"excerpt":{"rendered":"<p>Be\u015f haf\u0131z muhaf\u0131z! Senin ya\u015flar\u0131nda, senin boylar\u0131nda, senden hi\u00e7 de uzak olmayan bir yerde; Kud\u00fcs\u2019te, Mescid-i Aksa\u2019da! Onlarla birlikte at\u0131laca\u011f\u0131n nefes kesici maceralar, izini s\u00fcrece\u011fin mucizeler<span class=\"excerpt-hellip\"> [\u2026]<\/span><\/p>\n","protected":false},"featured_media":0,"template":"","meta":{"_monsterinsights_skip_tracking":false,"_monsterinsights_sitenote_active":false,"_monsterinsights_sitenote_note":"","_monsterinsights_sitenote_category":0},"product_brand":[],"product_cat":[12274,12284],"product_tag":[],"class_list":{"0":"post-768758","1":"product","2":"type-product","3":"status-publish","5":"product_cat-cocuk-ve-genclik-kitaplari","6":"product_cat-hikayeler","7":"pa_cilt-ciltsiz","8":"pa_tur-kitap","9":"pa_yayinevi-tulu-kitap","10":"pa_yazar-ilknur-koc-aytac","12":"first","13":"instock","14":"sale","15":"shipping-taxable","16":"purchasable","17":"product-type-simple"},"_links":{"self":[{"href":"https:\/\/roveyayinevi.com.tr\/index.php\/wp-json\/wp\/v2\/product\/768758","targetHints":{"allow":["GET"]}}],"collection":[{"href":"https:\/\/roveyayinevi.com.tr\/index.php\/wp-json\/wp\/v2\/product"}],"about":[{"href":"https:\/\/roveyayinevi.com.tr\/index.php\/wp-json\/wp\/v2\/types\/product"}],"wp:attachment":[{"href":"https:\/\/roveyayinevi.com.tr\/index.php\/wp-json\/wp\/v2\/media?parent=768758"}],"wp:term":[{"taxonomy":"product_brand","embeddable":true,"href":"https:\/\/roveyayinevi.com.tr\/index.php\/wp-json\/wp\/v2\/product_brand?post=768758"},{"taxonomy":"product_cat","embeddable":true,"href":"https:\/\/roveyayinevi.com.tr\/index.php\/wp-json\/wp\/v2\/product_cat?post=768758"},{"taxonomy":"product_tag","embeddable":true,"href":"https:\/\/roveyayinevi.com.tr\/index.php\/wp-json\/wp\/v2\/product_tag?post=768758"}],"curies":[{"name":"wp","href":"https:\/\/api.w.org\/{rel}","templated":true}]}}