{"id":768757,"date":"2025-08-28T13:31:24","date_gmt":"2025-08-28T10:31:24","guid":{"rendered":"https:\/\/roveyayinevi.com.tr\/index.php\/urun\/yazma-dersleri-2\/"},"modified":"2026-04-15T03:34:50","modified_gmt":"2026-04-15T00:34:50","slug":"yazma-dersleri-2","status":"publish","type":"product","link":"https:\/\/roveyayinevi.com.tr\/index.php\/urun\/yazma-dersleri-2\/","title":{"rendered":"Yazma Dersleri"},"content":{"rendered":"<p>Yazma Dersleri, T\u00fcrk edebiyat\u0131nda genel kabul g\u00f6rm\u00fc\u015f otuz romanc\u0131, \u00f6yk\u00fcc\u00fc ve \u015fairin kendi a\u00e7\u0131klamalar\u0131 ve g\u00f6r\u00fc\u015flerinden yola \u00e7\u0131karak; onlar\u0131n yazma tutumlar\u0131n\u0131 ve yarat\u0131c\u0131 d\u00fc\u015f\u00fcnce d\u00fcnyalar\u0131n\u0131n perde arkas\u0131n\u0131, yazarl\u0131k ser\u00fcvenlerinde kar\u015f\u0131la\u015ft\u0131klar\u0131 g\u00fc\u00e7l\u00fckleri de ele alarak ortaya koymay\u0131 ama\u00e7lamaktad\u0131r. Bu yazar ve \u015fairlerin hangi duygularla ve nas\u0131l yazd\u0131klar\u0131, yaratma duygular\u0131n\u0131 nelerin harekete ge\u00e7irdi\u011fi, nas\u0131l bir yaz\u0131 evreni olu\u015fturduklar\u0131, yazma sorunlar\u0131n\u0131n neler oldu\u011fu ve neden bu yazma bi\u00e7imlerini se\u00e7tikleri gibi sorular\u0131n cevaplar\u0131n\u0131 arayan bu \u00e7al\u0131\u015fma, \u00f6zellikle yazman\u0131n do\u011fas\u0131n\u0131 merak eden okurlara kullan\u0131\u015fl\u0131 bir rehber olmay\u0131 hedeflemektedir.   Bu kitap, bir \u201cedebiyat dersleri\u201d ve \u201cyazma k\u0131lavuzu\u201d olmas\u0131n\u0131n yan\u0131 s\u0131ra, \u201chayat k\u0131lavuzu\u201d olma \u00f6zelli\u011fi de ta\u015f\u0131maktad\u0131r. Kitaba bir b\u00fct\u00fcn olarak bak\u0131ld\u0131\u011f\u0131nda, yazarl\u0131\u011fa ba\u015flang\u0131\u00e7 ad\u0131mlar\u0131ndan veda d\u00f6nemlerine kadar bir yazar\u0131n \u201cyazarl\u0131k biyografisi\u201dnin de ortaya kondu\u011fu g\u00f6r\u00fcl\u00fcr. Ku\u015fkusuz, yazar\u0131n hayat\u0131 ve yazarl\u0131\u011f\u0131 ayr\u0131lmaz bir b\u00fct\u00fcnd\u00fcr. Bu ba\u011flamda yazarlar, yazarl\u0131k s\u00fcre\u00e7lerinden dam\u0131tt\u0131klar\u0131 hayat g\u00f6r\u00fc\u015flerini de bu yaz\u0131lara yans\u0131t\u0131rlar. Bir hayat nas\u0131l ya\u015fanm\u0131\u015f, bu hayat\u0131n i\u00e7indeki yazma hik\u00e2yeleri nas\u0131l olu\u015fmu\u015f, bir yazar imgesi nas\u0131l yarat\u0131lm\u0131\u015f ve ondan bize ne kalm\u0131\u015f&#8230; Bu kitapta ele al\u0131nmaktad\u0131r. B\u00f6ylece okur, Ahmet Mithat\u2019tan Tomris Uyar\u2019a, Orhan Pamuk\u2019a kadar uzanan yakla\u015f\u0131k y\u00fcz elli y\u0131ll\u0131k bir yazma ser\u00fcvenini panoramik olarak g\u00f6recek; bu yazarlar \u00fczerinden de\u011fi\u015fen yazma anlay\u0131\u015flar\u0131n\u0131 kar\u015f\u0131la\u015ft\u0131rarak kendine bir yol haritas\u0131 \u00e7izebilecektir.<\/p>\n","protected":false},"excerpt":{"rendered":"<p>Yazma Dersleri, T\u00fcrk edebiyat\u0131nda genel kabul g\u00f6rm\u00fc\u015f otuz romanc\u0131, \u00f6yk\u00fcc\u00fc ve \u015fairin kendi a\u00e7\u0131klamalar\u0131 ve g\u00f6r\u00fc\u015flerinden yola \u00e7\u0131karak; onlar\u0131n yazma tutumlar\u0131n\u0131 ve yarat\u0131c\u0131 d\u00fc\u015f\u00fcnce d\u00fcnyalar\u0131n\u0131n perde<span class=\"excerpt-hellip\"> [\u2026]<\/span><\/p>\n","protected":false},"featured_media":0,"template":"","meta":{"_monsterinsights_skip_tracking":false,"_monsterinsights_sitenote_active":false,"_monsterinsights_sitenote_note":"","_monsterinsights_sitenote_category":0},"product_brand":[],"product_cat":[13072,12291],"product_tag":[],"class_list":{"0":"post-768757","1":"product","2":"type-product","3":"status-publish","5":"product_cat-arastirma-inceleme-referans","6":"product_cat-edebiyat","7":"pa_cilt-ciltsiz","8":"pa_tur-kitap","9":"pa_yayinevi-ketebe-yayinlari","10":"pa_yazar-necip-tosun","12":"first","13":"instock","14":"sale","15":"shipping-taxable","16":"purchasable","17":"product-type-simple"},"_links":{"self":[{"href":"https:\/\/roveyayinevi.com.tr\/index.php\/wp-json\/wp\/v2\/product\/768757","targetHints":{"allow":["GET"]}}],"collection":[{"href":"https:\/\/roveyayinevi.com.tr\/index.php\/wp-json\/wp\/v2\/product"}],"about":[{"href":"https:\/\/roveyayinevi.com.tr\/index.php\/wp-json\/wp\/v2\/types\/product"}],"wp:attachment":[{"href":"https:\/\/roveyayinevi.com.tr\/index.php\/wp-json\/wp\/v2\/media?parent=768757"}],"wp:term":[{"taxonomy":"product_brand","embeddable":true,"href":"https:\/\/roveyayinevi.com.tr\/index.php\/wp-json\/wp\/v2\/product_brand?post=768757"},{"taxonomy":"product_cat","embeddable":true,"href":"https:\/\/roveyayinevi.com.tr\/index.php\/wp-json\/wp\/v2\/product_cat?post=768757"},{"taxonomy":"product_tag","embeddable":true,"href":"https:\/\/roveyayinevi.com.tr\/index.php\/wp-json\/wp\/v2\/product_tag?post=768757"}],"curies":[{"name":"wp","href":"https:\/\/api.w.org\/{rel}","templated":true}]}}