{"id":768755,"date":"2025-08-28T13:31:20","date_gmt":"2025-08-28T10:31:20","guid":{"rendered":"https:\/\/roveyayinevi.com.tr\/index.php\/urun\/gecmisim-ve-dusuncelerim-cilt-ii\/"},"modified":"2026-04-15T03:34:50","modified_gmt":"2026-04-15T00:34:50","slug":"gecmisim-ve-dusuncelerim-cilt-ii","status":"publish","type":"product","link":"https:\/\/roveyayinevi.com.tr\/index.php\/urun\/gecmisim-ve-dusuncelerim-cilt-ii\/","title":{"rendered":"Ge\u00e7mi\u015fim Ve D\u00fc\u015f\u00fcncelerim Cilt II"},"content":{"rendered":"<p>Aleksandr Herzen\u2019in Rus ve d\u00fcnya edebiyat\u0131n\u0131n doruklar\u0131ndan biri olarak kabul edilen d\u00f6rt ciltlik an\u0131tsal otobiyografisi Ge\u00e7mi\u015fim ve D\u00fc\u015f\u00fcncelerim\u2019in ikinci cildi (3. ve 4. K\u0131s\u0131m) 1838-1847 d\u00f6nemini kapsamaktad\u0131r. D\u0131\u015fsal olay ve olgular\u0131n fazla yer tutmad\u0131\u011f\u0131 3. K\u0131s\u0131m\u2019da Herzen, kuzeni ve kar\u0131s\u0131 Natalie\u2019nin \u00e7etin \u00e7ocukluk y\u0131llar\u0131n\u0131, despot, bencil hala Prenses Hovanskaya karakterini ge\u00e7mi\u015fe d\u00f6n\u00fck olarak bir roman havas\u0131 i\u00e7inde ele almakta, Natalie ile a\u015fklar\u0131n\u0131n mahrem, ki\u015fisel y\u00f6nlerini, maceral\u0131 evliliklerini, ilk s\u00fcrg\u00fcn\u00fcn Vladimir\u2019de ge\u00e7en son y\u0131llar\u0131n\u0131 ve gen\u00e7lik d\u00f6nemlerinin kapan\u0131\u015f\u0131n\u0131 i\u00e7e dokunan bir duyarl\u0131l\u0131kla anlatmaktad\u0131r.4. K\u0131s\u0131m\u2019da ise Herzen\u2019in Petersburg\u2019da \u0130\u00e7i\u015fleri Bakanl\u0131\u011f\u0131ndaki memuriyet deneyimi, Belinski\u2019nin y\u00f6netti\u011fi \u201cAnavatan Notlar\u0131\u201d dergisinde yazmaya ba\u015flamas\u0131, s\u00fcrg\u00fcn gitti\u011fi Novgorod\u2019daki hayat\u0131 ve Moskova\u2019ya d\u00f6n\u00fc\u015f\u00fc konu edilmektedir. Yine bu k\u0131s\u0131mda Herzen, Moskova\u2019daki yak\u0131n \u00e7evresini, \u201cbizimkiler\u201d diye adland\u0131rd\u0131\u011f\u0131 Belinski, Granovski, Bakunin, Stankevi\u00e7 ve ba\u015fka bir\u00e7ok ismi, kar\u015f\u0131 kampta yer alan Homyakov, Kireyevski karde\u015fler, Aksakov gibi Slavofilleri ve \u00c7aadayev\u2019i ayr\u0131nt\u0131l\u0131 \u015fekilde ele almakta, 1840\u2019lar\u0131n Rus d\u00fc\u015f\u00fcnce hayat\u0131n\u0131n canl\u0131 bir panoramas\u0131n\u0131 \u00e7izmektedir. Ket\u00e7er ve Botkin ile ilgili uzunca iki portre de yine bu ciltte yer almaktad\u0131r. Ge\u00e7mi\u015fim ve D\u00fc\u015f\u00fcncelerim tarihsel bir monografi de\u011fil, tarihsel olaylar\u0131n, kendini tesad\u00fcfen bu olaylar\u0131n i\u00e7inde bulan bir ki\u015fideki yans\u0131malar\u0131d\u0131r. A. HerzenGoethe e\u011fer Herzen\u2019in bu kitab\u0131n\u0131 [\u201cHapislik ve S\u00fcrg\u00fcn\u201d] g\u00f6rseydi onda gelece\u011fin d\u00fcnya edebiyat\u0131 kuram\u0131n\u0131n parlak bir teyidini, kan\u0131t\u0131n\u0131 bulurdu. The Leader gazetesi, 21 Ocak 1860, LondraHerzen t\u00fcm bir \u00e7a\u011f\u0131n ete kemi\u011fe b\u00fcr\u00fcnm\u00fc\u015f simgesi oldu ve bu \u00e7a\u011f\u0131 t\u00fcm kusurlar\u0131yla, unutulmaz g\u00fczel olan ne varsa her \u015feyiyle \u015fa\u015f\u0131rt\u0131c\u0131 derecede eksiksiz, b\u00fct\u00fcnl\u00fc\u011f\u00fc i\u00e7inde, saf haliyle yaz\u0131ya d\u00f6kt\u00fc. M. Gorki <\/p>\n","protected":false},"excerpt":{"rendered":"<p>Aleksandr Herzen\u2019in Rus ve d\u00fcnya edebiyat\u0131n\u0131n doruklar\u0131ndan biri olarak kabul edilen d\u00f6rt ciltlik an\u0131tsal otobiyografisi Ge\u00e7mi\u015fim ve D\u00fc\u015f\u00fcncelerim\u2019in ikinci cildi (3. ve 4. K\u0131s\u0131m) 1838-1847 d\u00f6nemini<span class=\"excerpt-hellip\"> [\u2026]<\/span><\/p>\n","protected":false},"featured_media":0,"template":"","meta":{"_monsterinsights_skip_tracking":false,"_monsterinsights_sitenote_active":false,"_monsterinsights_sitenote_note":"","_monsterinsights_sitenote_category":0},"product_brand":[],"product_cat":[12291,13570],"product_tag":[],"class_list":{"0":"post-768755","1":"product","2":"type-product","3":"status-publish","5":"product_cat-edebiyat","6":"product_cat-rus-edebiyati","7":"pa_cilt-ciltsiz","8":"pa_tur-kitap","9":"pa_yayinevi-yordam-kitap","10":"pa_yazar-aleksandr-herzen","12":"first","13":"instock","14":"sale","15":"shipping-taxable","16":"purchasable","17":"product-type-simple"},"_links":{"self":[{"href":"https:\/\/roveyayinevi.com.tr\/index.php\/wp-json\/wp\/v2\/product\/768755","targetHints":{"allow":["GET"]}}],"collection":[{"href":"https:\/\/roveyayinevi.com.tr\/index.php\/wp-json\/wp\/v2\/product"}],"about":[{"href":"https:\/\/roveyayinevi.com.tr\/index.php\/wp-json\/wp\/v2\/types\/product"}],"wp:attachment":[{"href":"https:\/\/roveyayinevi.com.tr\/index.php\/wp-json\/wp\/v2\/media?parent=768755"}],"wp:term":[{"taxonomy":"product_brand","embeddable":true,"href":"https:\/\/roveyayinevi.com.tr\/index.php\/wp-json\/wp\/v2\/product_brand?post=768755"},{"taxonomy":"product_cat","embeddable":true,"href":"https:\/\/roveyayinevi.com.tr\/index.php\/wp-json\/wp\/v2\/product_cat?post=768755"},{"taxonomy":"product_tag","embeddable":true,"href":"https:\/\/roveyayinevi.com.tr\/index.php\/wp-json\/wp\/v2\/product_tag?post=768755"}],"curies":[{"name":"wp","href":"https:\/\/api.w.org\/{rel}","templated":true}]}}