{"id":768754,"date":"2025-08-28T13:31:18","date_gmt":"2025-08-28T10:31:18","guid":{"rendered":"https:\/\/roveyayinevi.com.tr\/index.php\/urun\/turkiye-komunist-partisinde-yeni-arayislar-1933-1935-komintern-donemi-tkp-tarihi-4\/"},"modified":"2026-04-15T03:34:50","modified_gmt":"2026-04-15T00:34:50","slug":"turkiye-komunist-partisinde-yeni-arayislar-1933-1935-komintern-donemi-tkp-tarihi-4","status":"publish","type":"product","link":"https:\/\/roveyayinevi.com.tr\/index.php\/urun\/turkiye-komunist-partisinde-yeni-arayislar-1933-1935-komintern-donemi-tkp-tarihi-4\/","title":{"rendered":"T\u00fcrkiye Kom\u00fcnist Partisi\u2019nde Yeni Aray\u0131\u015flar 1933\u20131935 &#8211; Komintern D\u00f6nemi TKP Tarihi-4"},"content":{"rendered":"<p>Komintern D\u00f6nemi TKP Tarihi \u00fcst-ba\u015fl\u0131kl\u0131 \u00e7al\u0131\u015fman\u0131n d\u00f6rd\u00fcnc\u00fc cildi T\u00fcrkiye Kom\u00fcnist Partisi\u2019nde Yeni Aray\u0131\u015flar 1933-1935 ad\u0131n\u0131 ta\u015f\u0131yor. Uzun s\u00fcredir hiziple\u015fme ve polis bask\u0131s\u0131 gibi sebeplerle zay\u0131flayan TKP \u00f6rg\u00fct\u00fcn\u00fcn yeniden olu\u015fturulmas\u0131 i\u00e7in ilk desantralizasyon d\u00f6nemi ba\u015flat\u0131lm\u0131\u015f ve partinin y\u00f6netim sorumlulu\u011fu ge\u00e7ici olarak D\u0131\u015f B\u00fcro\u2019ya verilmi\u015ftir. Avrupa\u2019daki siyasi geli\u015fmeler ise gayet tedirginlik vericidir. Almanya\u2019da Hitler\u2019in Ocak 1933\u2019te iktidara gelmesiyle birlikte, Komintern 6. Kongresi taraf\u0131ndan d\u00fcnya kom\u00fcnist hareketine \u00e7izilen taktik hatta k\u00f6kl\u00fc bir de\u011fi\u015fiklik ya\u015fan\u0131r. 1935\u2019te toplanan Komintern 7. Kongresi, giderek a\u011f\u0131rl\u0131k kazanan fa\u015fizme kar\u015f\u0131 birle\u015fik cephe fikri ve prati\u011fini t\u00fcm kom\u00fcnist partilerin ana m\u00fccadele do\u011frultusu haline getirir. 1933 sonlar\u0131nda, 1929 TKP davas\u0131nda h\u00fck\u00fcm giyenler cezalar\u0131n\u0131 tamamlam\u0131\u015f, ayr\u0131ca Cumhuriyet\u2019in kurulu\u015funun 10. y\u0131ld\u00f6n\u00fcm\u00fc dolay\u0131s\u0131yla ilan edilen aftan kom\u00fcnistlerin bir b\u00f6l\u00fcm\u00fc de yararlanm\u0131\u015f, b\u00f6ylece TKP kadrolar\u0131 yeniden aya\u011fa kalkabilir duruma gelmi\u015ftir. 1934 y\u0131l\u0131 boyunca yap\u0131lan geni\u015fletilmi\u015f D\u0131\u015f B\u00fcro toplant\u0131lar\u0131, TKP\u2019nin yeniden \u00f6rg\u00fctlenmesiyle ilgili yepyeni aray\u0131\u015flar\u0131n zeminini olu\u015fturur. Yeni bir Merkez Komitesi ve \u00e7al\u0131\u015fma anlay\u0131\u015f\u0131 tespit edilirken partinin ge\u00e7mi\u015f faaliyetleri ele al\u0131nm\u0131\u015f ve ba\u015far\u0131s\u0131zl\u0131klar\u0131n nedenleri irdelenmi\u015ftir. Bu arada t\u00fcm parti \u00fcyeleri g\u00f6zden ge\u00e7irilerek geni\u015f bir temizlik harek\u00e2t\u0131 yap\u0131l\u0131r ve olu\u015fturulan \u201ckara liste\u201d parti yay\u0131n organlar\u0131nda ilan edilir. Erden Akbulut ve Erol \u00dclker\u2019in bilgi ve belgelere dayal\u0131 bu \u00e7al\u0131\u015fmas\u0131 Komintern d\u00f6nemi TKP tarihini oldu\u011fu kadar siyasal hayat\u0131m\u0131z\u0131n karanl\u0131kta kalan fig\u00fcrlerini ve onlar\u0131n her t\u00fcrl\u00fc bask\u0131ya g\u00f6\u011f\u00fcs gererek verdikleri m\u00fccadeleyi de ayd\u0131nlat\u0131yor. \u0130\u00e7inde ger\u00e7ek insanlar\u0131n yer ald\u0131\u011f\u0131 b\u00fcy\u00fck bir hik\u00e2yenin g\u00f6rg\u00fc \u015fahitleri k\u0131l\u0131yor bizi\u2026 Mektup, hat\u0131rat gibi ki\u015fisel metinlerin de \u00e7al\u0131\u015fmaya dahil edilmi\u015f olmas\u0131 okurun bu duygusunu destekliyor. <\/p>\n","protected":false},"excerpt":{"rendered":"<p>Komintern D\u00f6nemi TKP Tarihi \u00fcst-ba\u015fl\u0131kl\u0131 \u00e7al\u0131\u015fman\u0131n d\u00f6rd\u00fcnc\u00fc cildi T\u00fcrkiye Kom\u00fcnist Partisi\u2019nde Yeni Aray\u0131\u015flar 1933-1935 ad\u0131n\u0131 ta\u015f\u0131yor. Uzun s\u00fcredir hiziple\u015fme ve polis bask\u0131s\u0131 gibi sebeplerle zay\u0131flayan TKP<span class=\"excerpt-hellip\"> [\u2026]<\/span><\/p>\n","protected":false},"featured_media":0,"template":"","meta":{"_monsterinsights_skip_tracking":false,"_monsterinsights_sitenote_active":false,"_monsterinsights_sitenote_note":"","_monsterinsights_sitenote_category":0},"product_brand":[],"product_cat":[13590,12337],"product_tag":[],"class_list":{"0":"post-768754","1":"product","2":"type-product","3":"status-publish","5":"product_cat-arastirma-inceleme-politika-siyaset","6":"product_cat-politika-siyaset","7":"pa_cilt-ciltsiz","8":"pa_tur-kitap","9":"pa_yayinevi-yordam-kitap","10":"pa_yazar-erden-akbulut-erol-ulker","12":"first","13":"instock","14":"sale","15":"shipping-taxable","16":"purchasable","17":"product-type-simple"},"_links":{"self":[{"href":"https:\/\/roveyayinevi.com.tr\/index.php\/wp-json\/wp\/v2\/product\/768754","targetHints":{"allow":["GET"]}}],"collection":[{"href":"https:\/\/roveyayinevi.com.tr\/index.php\/wp-json\/wp\/v2\/product"}],"about":[{"href":"https:\/\/roveyayinevi.com.tr\/index.php\/wp-json\/wp\/v2\/types\/product"}],"wp:attachment":[{"href":"https:\/\/roveyayinevi.com.tr\/index.php\/wp-json\/wp\/v2\/media?parent=768754"}],"wp:term":[{"taxonomy":"product_brand","embeddable":true,"href":"https:\/\/roveyayinevi.com.tr\/index.php\/wp-json\/wp\/v2\/product_brand?post=768754"},{"taxonomy":"product_cat","embeddable":true,"href":"https:\/\/roveyayinevi.com.tr\/index.php\/wp-json\/wp\/v2\/product_cat?post=768754"},{"taxonomy":"product_tag","embeddable":true,"href":"https:\/\/roveyayinevi.com.tr\/index.php\/wp-json\/wp\/v2\/product_tag?post=768754"}],"curies":[{"name":"wp","href":"https:\/\/api.w.org\/{rel}","templated":true}]}}