{"id":768752,"date":"2025-08-28T13:31:16","date_gmt":"2025-08-28T10:31:16","guid":{"rendered":"https:\/\/roveyayinevi.com.tr\/index.php\/urun\/gecmisten-gunumuze-ozel-egitim\/"},"modified":"2026-04-15T03:34:50","modified_gmt":"2026-04-15T00:34:50","slug":"gecmisten-gunumuze-ozel-egitim","status":"publish","type":"product","link":"https:\/\/roveyayinevi.com.tr\/index.php\/urun\/gecmisten-gunumuze-ozel-egitim\/","title":{"rendered":"Ge\u00e7mi\u015ften G\u00fcn\u00fcm\u00fcze \u00d6zel E\u011fitim"},"content":{"rendered":"<p>\u0130\u00e7indekiler :     B\u0130R\u0130NC\u0130 B\u00d6L\u00dcM D\u00dcNYADA \u00d6ZEL E\u011e\u0130T\u0130M\u0130N TAR\u0130HSEL GEL\u0130\u015e\u0130M\u0130   \u0130K\u0130NC\u0130 B\u00d6L\u00dcM T\u00dcRK\u0130YE\u2019DE \u00d6ZEL E\u011e\u0130T\u0130M\u0130N TAR\u0130HSEL GEL\u0130\u015e\u0130M\u0130   \u00dc\u00c7\u00dcNC\u00dc B\u00d6L\u00dcM \u00d6ZEL E\u011e\u0130T\u0130M H\u0130ZMETLER\u0130 Y\u00d6NETMEL\u0130\u011e\u0130N\u0130N D\u00dcN\u00dc BUG\u00dcN\u00dc   D\u00d6RD\u00dcNC\u00dc B\u00d6L\u00dcM \u00d6ZEL E\u011e\u0130T\u0130MDE G\u00dcNCEL UYGULAMALAR   BE\u015e\u0130NC\u0130 B\u00d6L\u00dcM GE\u00c7M\u0130\u015eTEN G\u00dcN\u00dcM\u00dcZE \u00d6ZEL GEREKS\u0130N\u0130ML\u0130 B\u0130REYLERE TOPLUMSAL BAKI\u015e <\/p>\n","protected":false},"excerpt":{"rendered":"<p>\u0130\u00e7indekiler : B\u0130R\u0130NC\u0130 B\u00d6L\u00dcM D\u00dcNYADA \u00d6ZEL E\u011e\u0130T\u0130M\u0130N TAR\u0130HSEL GEL\u0130\u015e\u0130M\u0130 \u0130K\u0130NC\u0130 B\u00d6L\u00dcM T\u00dcRK\u0130YE\u2019DE \u00d6ZEL E\u011e\u0130T\u0130M\u0130N TAR\u0130HSEL GEL\u0130\u015e\u0130M\u0130 \u00dc\u00c7\u00dcNC\u00dc B\u00d6L\u00dcM \u00d6ZEL E\u011e\u0130T\u0130M H\u0130ZMETLER\u0130 Y\u00d6NETMEL\u0130\u011e\u0130N\u0130N D\u00dcN\u00dc BUG\u00dcN\u00dc D\u00d6RD\u00dcNC\u00dc B\u00d6L\u00dcM<span class=\"excerpt-hellip\"> [\u2026]<\/span><\/p>\n","protected":false},"featured_media":0,"template":"","meta":{"_monsterinsights_skip_tracking":false,"_monsterinsights_sitenote_active":false,"_monsterinsights_sitenote_note":"","_monsterinsights_sitenote_category":0},"product_brand":[],"product_cat":[13365],"product_tag":[],"class_list":{"0":"post-768752","1":"product","2":"type-product","3":"status-publish","5":"product_cat-saglik","6":"pa_cilt-ciltsiz","7":"pa_tur-kitap","8":"pa_yayinevi-gazi-kitabevi","9":"pa_yazar-turan-baskonus","11":"first","12":"instock","13":"sale","14":"shipping-taxable","15":"purchasable","16":"product-type-simple"},"_links":{"self":[{"href":"https:\/\/roveyayinevi.com.tr\/index.php\/wp-json\/wp\/v2\/product\/768752","targetHints":{"allow":["GET"]}}],"collection":[{"href":"https:\/\/roveyayinevi.com.tr\/index.php\/wp-json\/wp\/v2\/product"}],"about":[{"href":"https:\/\/roveyayinevi.com.tr\/index.php\/wp-json\/wp\/v2\/types\/product"}],"wp:attachment":[{"href":"https:\/\/roveyayinevi.com.tr\/index.php\/wp-json\/wp\/v2\/media?parent=768752"}],"wp:term":[{"taxonomy":"product_brand","embeddable":true,"href":"https:\/\/roveyayinevi.com.tr\/index.php\/wp-json\/wp\/v2\/product_brand?post=768752"},{"taxonomy":"product_cat","embeddable":true,"href":"https:\/\/roveyayinevi.com.tr\/index.php\/wp-json\/wp\/v2\/product_cat?post=768752"},{"taxonomy":"product_tag","embeddable":true,"href":"https:\/\/roveyayinevi.com.tr\/index.php\/wp-json\/wp\/v2\/product_tag?post=768752"}],"curies":[{"name":"wp","href":"https:\/\/api.w.org\/{rel}","templated":true}]}}