{"id":768751,"date":"2025-08-28T13:31:15","date_gmt":"2025-08-28T10:31:15","guid":{"rendered":"https:\/\/roveyayinevi.com.tr\/index.php\/urun\/yapay-zekanin-kisa-tarihi\/"},"modified":"2026-04-15T03:34:50","modified_gmt":"2026-04-15T00:34:50","slug":"yapay-zekanin-kisa-tarihi","status":"publish","type":"product","link":"https:\/\/roveyayinevi.com.tr\/index.php\/urun\/yapay-zekanin-kisa-tarihi\/","title":{"rendered":"Yapay Zekan\u0131n K\u0131sa Tarihi"},"content":{"rendered":"<p>Uzun zamand\u0131r robotlar\u0131n, otomasyonun, yapay zek\u00e2n\u0131n varl\u0131\u011f\u0131ndan korkup ka\u00e7\u0131p bir yandan da bu varl\u0131\u011f\u0131n hayaline kap\u0131l\u0131p bu\u0308yu\u0308leniyoruz. \u00d6du\u0308llu\u0308 yazar Michael Wildenhain da en ba\u015fa gidiyor ve yapay zek\u00e2n\u0131n ger\u00e7ekten de kendi bilincini geli\u015ftirip geli\u015ftirmedi\u011fini sorguluyor. Yazar, Kas\u0131m 2022\u2019de ChatGPT\u2019nin de sahneye \u00e7\u0131kmas\u0131yla birlikte kullan\u0131m\u0131na dair tart\u0131\u015fmalar\u0131n zirve yapt\u0131\u011f\u0131 yapay zek\u00e2n\u0131n geli\u015fimini ve al\u0131mlanmas\u0131n\u0131 birka\u00e7 merkezde incelemeye al\u0131yor: Mary Shelley, Johann Wolfgang von Goethe gibi yazarlardan Herbert A. Simon, Allen Newell ve Alan Turing gibi programlaman\u0131n \u00f6ncu\u0308lerine ve Gottlob Frege ve John Rogers Searle gibi filozoflara kadar giderek yapay zek\u00e2n\u0131n geli\u015fimini anlat\u0131yor ve en \u00f6nemlisi gelece\u011fini tart\u0131\u015f\u0131yor. Yapay Zek\u00e2n\u0131n K\u0131sa Tarihi, ilk bilgisayar\u0131n ortaya \u00e7\u0131k\u0131\u015f\u0131ndan n\u00f6rolojik a\u011flara kadar pek \u00e7ok alanda ku\u015f bak\u0131\u015f\u0131 yolculuk yapabilece\u011fimiz \u00e7okdisiplinli ve disiplinleraras\u0131 bilgilerle dolu, mu\u0308thi\u015f bir k\u0131lavuz.   \u201cYapay zek\u00e2, silahlar\u0131 otomatik olarak ate\u015fleyemedi\u011fi su\u0308rece insanlar\u0131n hayatta kal\u0131p kalmayaca\u011f\u0131na insanlar karar verecek. Yine de ak\u0131ll\u0131 makinelerin insanl\u0131\u011f\u0131n kar\u015f\u0131s\u0131na ge\u00e7ip ge\u00e7meyece\u011fi konusuyla ilgilenmemiz gerekiyor. Yazar Michael Wildenhain, k\u0131sa su\u0308re \u00f6nce yay\u0131mlanan kitab\u0131nda yapay zek\u00e2 sistemlerinin ne derece zeki oldu\u011fu ve bir bilince sahip olup olmad\u0131\u011f\u0131 u\u0308zerinde duruyor. Yazar, bilgisayar bilimi ve felsefe kaynaklar\u0131ndan yararlan\u0131rken edebi unsurlar\u0131n da i\u00e7eri\u011fe akmas\u0131na izin veriyor. Son kertede, ruhsal varl\u0131klara inan\u0131lmas\u0131 durumunda makinelerin bilincinin oldu\u011funa inan\u0131labilece\u011fini s\u00f6yleyerek tart\u0131\u015fmay\u0131 teolojik alana havale ediyor&#8230;\u201d Jutta Blume, Neues Deutschland   \u201cDurumu \u2018Bilgisayarlar edebiyat\u0131 yaratmaz ancak yapay zek\u00e2 fikrinin babas\u0131 edebiyatt\u0131r,\u2019 ifadesiyle \u00f6zetleyen Wildenhain, kitab\u0131nda yapay zek\u00e2n\u0131n ge\u00e7irdi\u011fi \u2018uzun k\u0131\u015f\u2019\u0131n ard\u0131ndan 2022 y\u0131l\u0131nda ChatGPT\u2019nin sahneye \u00e7\u0131kmas\u0131yla birlikte makinelere y\u00f6nelik beklentilerin ve korkular\u0131n yeniden canland\u0131\u011f\u0131na de\u011finiyor&#8230;\u201d Cornelius Wu\u0308llenkemper, Frankfurter Allgemeine Zeitung <\/p>\n","protected":false},"excerpt":{"rendered":"<p>Uzun zamand\u0131r robotlar\u0131n, otomasyonun, yapay zek\u00e2n\u0131n varl\u0131\u011f\u0131ndan korkup ka\u00e7\u0131p bir yandan da bu varl\u0131\u011f\u0131n hayaline kap\u0131l\u0131p bu\u0308yu\u0308leniyoruz. \u00d6du\u0308llu\u0308 yazar Michael Wildenhain da en ba\u015fa gidiyor ve<span class=\"excerpt-hellip\"> [\u2026]<\/span><\/p>\n","protected":false},"featured_media":0,"template":"","meta":{"_monsterinsights_skip_tracking":false,"_monsterinsights_sitenote_active":false,"_monsterinsights_sitenote_note":"","_monsterinsights_sitenote_category":0},"product_brand":[],"product_cat":[13005],"product_tag":[],"class_list":{"0":"post-768751","1":"product","2":"type-product","3":"status-publish","5":"product_cat-bilim-muhendislik","6":"pa_cilt-ciltsiz","7":"pa_tur-kitap","8":"pa_yayinevi-dusbaz-kitaplar","9":"pa_yazar-michael-wildenhain","11":"first","12":"instock","13":"sale","14":"shipping-taxable","15":"purchasable","16":"product-type-simple"},"_links":{"self":[{"href":"https:\/\/roveyayinevi.com.tr\/index.php\/wp-json\/wp\/v2\/product\/768751","targetHints":{"allow":["GET"]}}],"collection":[{"href":"https:\/\/roveyayinevi.com.tr\/index.php\/wp-json\/wp\/v2\/product"}],"about":[{"href":"https:\/\/roveyayinevi.com.tr\/index.php\/wp-json\/wp\/v2\/types\/product"}],"wp:attachment":[{"href":"https:\/\/roveyayinevi.com.tr\/index.php\/wp-json\/wp\/v2\/media?parent=768751"}],"wp:term":[{"taxonomy":"product_brand","embeddable":true,"href":"https:\/\/roveyayinevi.com.tr\/index.php\/wp-json\/wp\/v2\/product_brand?post=768751"},{"taxonomy":"product_cat","embeddable":true,"href":"https:\/\/roveyayinevi.com.tr\/index.php\/wp-json\/wp\/v2\/product_cat?post=768751"},{"taxonomy":"product_tag","embeddable":true,"href":"https:\/\/roveyayinevi.com.tr\/index.php\/wp-json\/wp\/v2\/product_tag?post=768751"}],"curies":[{"name":"wp","href":"https:\/\/api.w.org\/{rel}","templated":true}]}}